{"id":3485,"date":"2023-03-07T10:49:45","date_gmt":"2023-03-07T07:49:45","guid":{"rendered":"https:\/\/www.jimport.fi\/?post_type=product&#038;p=3485"},"modified":"2025-09-14T18:57:08","modified_gmt":"2025-09-14T15:57:08","slug":"pdr-vasara-ja-valineet","status":"publish","type":"product","link":"https:\/\/www.jimport.fi\/index.php\/tuote\/pdr-vasara-ja-valineet\/","title":{"rendered":"PDR lommon oikaisu vasara ja v\u00e4lineet"},"content":{"rendered":"<p>Sarjassa vasara, taltta johon voi vaihtaa p\u00e4it\u00e4 9kpl (samat p\u00e4\u00e4t sopii vasaraan) ja nylon tappeja 5kpl<\/p>\n","protected":false},"excerpt":{"rendered":"<p>Lommojen oikaisuun maalipintaa vahingoittamatta. Geko<\/p>\n","protected":false},"featured_media":3490,"template":"","meta":{"_monsterinsights_skip_tracking":false,"_monsterinsights_sitenote_active":false,"_monsterinsights_sitenote_note":"","_monsterinsights_sitenote_category":0,"neve_meta_sidebar":"","neve_meta_container":"","neve_meta_enable_content_width":"off","neve_meta_content_width":100,"neve_meta_title_alignment":"","neve_meta_author_avatar":"","neve_post_elements_order":"","neve_meta_disable_header":"","neve_meta_disable_footer":"","neve_meta_disable_title":"","_themeisle_gutenberg_block_has_review":false},"product_brand":[],"product_cat":[93,92],"product_tag":[],"class_list":{"0":"post-3485","1":"product","2":"type-product","3":"status-publish","4":"has-post-thumbnail","6":"product_cat-korityot","7":"product_cat-pdr-valineita","9":"first","10":"outofstock","11":"taxable","12":"shipping-taxable","13":"purchasable","14":"product-type-simple"},"supplier_id":null,"supplier_sku":"","barcode":null,"atum_controlled":true,"out_stock_date":"2025-09-14 18:57:08","out_stock_threshold":null,"inheritable":false,"inbound_stock":0,"stock_on_hold":0,"sold_today":0,"sales_last_days":0,"reserved_stock":0,"customer_returns":0,"warehouse_damage":0,"lost_in_post":0,"other_logs":0,"out_stock_days":212,"lost_sales":575,"has_location":false,"update_date":"2026-04-15T03:44:31","atum_locations":[],"atum_stock_status":"outofstock","restock_status":false,"low_stock_amount":"","sales_update_date":"2026-04-15T03:44:31","calc_backorders":null,"aioseo_notices":[],"_links":{"self":[{"href":"https:\/\/www.jimport.fi\/index.php\/wp-json\/wp\/v2\/product\/3485","targetHints":{"allow":["GET"]}}],"collection":[{"href":"https:\/\/www.jimport.fi\/index.php\/wp-json\/wp\/v2\/product"}],"about":[{"href":"https:\/\/www.jimport.fi\/index.php\/wp-json\/wp\/v2\/types\/product"}],"version-history":[{"count":3,"href":"https:\/\/www.jimport.fi\/index.php\/wp-json\/wp\/v2\/product\/3485\/revisions"}],"predecessor-version":[{"id":4660,"href":"https:\/\/www.jimport.fi\/index.php\/wp-json\/wp\/v2\/product\/3485\/revisions\/4660"}],"wp:featuredmedia":[{"embeddable":true,"href":"https:\/\/www.jimport.fi\/index.php\/wp-json\/wp\/v2\/media\/3490"}],"wp:attachment":[{"href":"https:\/\/www.jimport.fi\/index.php\/wp-json\/wp\/v2\/media?parent=3485"}],"wp:term":[{"taxonomy":"product_brand","embeddable":true,"href":"https:\/\/www.jimport.fi\/index.php\/wp-json\/wp\/v2\/product_brand?post=3485"},{"taxonomy":"product_cat","embeddable":true,"href":"https:\/\/www.jimport.fi\/index.php\/wp-json\/wp\/v2\/product_cat?post=3485"},{"taxonomy":"product_tag","embeddable":true,"href":"https:\/\/www.jimport.fi\/index.php\/wp-json\/wp\/v2\/product_tag?post=3485"}],"curies":[{"name":"wp","href":"https:\/\/api.w.org\/{rel}","templated":true}]}}