{"id":3702,"date":"2023-04-15T11:33:59","date_gmt":"2023-04-15T08:33:59","guid":{"rendered":"https:\/\/www.jimport.fi\/?post_type=product&#038;p=3702"},"modified":"2025-09-11T20:54:01","modified_gmt":"2025-09-11T17:54:01","slug":"sytytystulpan-kierteen-korjaussarja","status":"publish","type":"product","link":"https:\/\/www.jimport.fi\/index.php\/tuote\/sytytystulpan-kierteen-korjaussarja\/","title":{"rendered":"Sytytystulpan kierteen-korjaussarja"},"content":{"rendered":"<p>T\u00e4ll\u00e4 sytytystulpan kierteenkorjaussarjalla saa ongelman ratkaistua jos sytytystulpan kierteet sylinterikannesta antautuu. Suotavaa olisi yritt\u00e4\u00e4 saada kaikki metallinmoska pois sylinterist\u00e4, ennen k\u00e4ynnistyst\u00e4. M14x1,25mm<\/p>\n","protected":false},"excerpt":{"rendered":"<p>5 osainen M14x1,25 sytytystulpan kierteenkorjaussarja. Geko<\/p>\n","protected":false},"featured_media":3705,"template":"","meta":{"_monsterinsights_skip_tracking":false,"_monsterinsights_sitenote_active":false,"_monsterinsights_sitenote_note":"","_monsterinsights_sitenote_category":0,"neve_meta_sidebar":"","neve_meta_container":"","neve_meta_enable_content_width":"off","neve_meta_content_width":100,"neve_meta_title_alignment":"","neve_meta_author_avatar":"","neve_post_elements_order":"","neve_meta_disable_header":"","neve_meta_disable_footer":"","neve_meta_disable_title":"","_themeisle_gutenberg_block_has_review":false},"product_brand":[],"product_cat":[56,78],"product_tag":[],"class_list":{"0":"post-3702","1":"product","2":"type-product","3":"status-publish","4":"has-post-thumbnail","6":"product_cat-kierteet","7":"product_cat-moottorityokaluja","9":"first","10":"instock","11":"taxable","12":"shipping-taxable","13":"purchasable","14":"product-type-simple"},"supplier_id":null,"supplier_sku":"","barcode":null,"atum_controlled":true,"out_stock_date":null,"out_stock_threshold":null,"inheritable":false,"inbound_stock":0,"stock_on_hold":0,"sold_today":0,"sales_last_days":0,"reserved_stock":0,"customer_returns":0,"warehouse_damage":0,"lost_in_post":0,"other_logs":0,"out_stock_days":0,"lost_sales":0,"has_location":false,"update_date":"2026-05-13T00:59:55","atum_locations":[],"atum_stock_status":"instock","restock_status":false,"low_stock_amount":"","sales_update_date":"2026-05-13T00:59:55","calc_backorders":null,"aioseo_notices":[],"_links":{"self":[{"href":"https:\/\/www.jimport.fi\/index.php\/wp-json\/wp\/v2\/product\/3702","targetHints":{"allow":["GET"]}}],"collection":[{"href":"https:\/\/www.jimport.fi\/index.php\/wp-json\/wp\/v2\/product"}],"about":[{"href":"https:\/\/www.jimport.fi\/index.php\/wp-json\/wp\/v2\/types\/product"}],"version-history":[{"count":6,"href":"https:\/\/www.jimport.fi\/index.php\/wp-json\/wp\/v2\/product\/3702\/revisions"}],"predecessor-version":[{"id":8137,"href":"https:\/\/www.jimport.fi\/index.php\/wp-json\/wp\/v2\/product\/3702\/revisions\/8137"}],"wp:featuredmedia":[{"embeddable":true,"href":"https:\/\/www.jimport.fi\/index.php\/wp-json\/wp\/v2\/media\/3705"}],"wp:attachment":[{"href":"https:\/\/www.jimport.fi\/index.php\/wp-json\/wp\/v2\/media?parent=3702"}],"wp:term":[{"taxonomy":"product_brand","embeddable":true,"href":"https:\/\/www.jimport.fi\/index.php\/wp-json\/wp\/v2\/product_brand?post=3702"},{"taxonomy":"product_cat","embeddable":true,"href":"https:\/\/www.jimport.fi\/index.php\/wp-json\/wp\/v2\/product_cat?post=3702"},{"taxonomy":"product_tag","embeddable":true,"href":"https:\/\/www.jimport.fi\/index.php\/wp-json\/wp\/v2\/product_tag?post=3702"}],"curies":[{"name":"wp","href":"https:\/\/api.w.org\/{rel}","templated":true}]}}