{"id":3717,"date":"2023-04-15T11:44:18","date_gmt":"2023-04-15T11:44:18","guid":{"rendered":"https:\/\/www.jimport.fi\/?post_type=product&#038;p=3717"},"modified":"2023-04-20T14:50:15","modified_gmt":"2023-04-20T14:50:15","slug":"kierteenkorjaussarja-m8","status":"publish","type":"product","link":"https:\/\/www.jimport.fi\/index.php\/tuote\/kierteenkorjaussarja-m8\/","title":{"rendered":"Kierteenkorjaussarja M8"},"content":{"rendered":"<p>T\u00e4ydellinen kierteenkorjaussarja M8 sis\u00e4kierteen uudistamiseen. Sis\u00e4lt\u00e4\u00e4 30kpl sis\u00e4kkeit\u00e4 ja tarvittavat v\u00e4lineet asennukseen. Poranter\u00e4 ja kierretappi laadukasta HSS4341 ter\u00e4st\u00e4.<\/p>\n","protected":false},"excerpt":{"rendered":"<p>Kierteenkorjaussarja vioittuneen M8x1.25mm sis\u00e4kierteen uusimiseen. Geko<\/p>\n","protected":false},"featured_media":3719,"template":"","meta":{"_monsterinsights_skip_tracking":false,"_monsterinsights_sitenote_active":false,"_monsterinsights_sitenote_note":"","_monsterinsights_sitenote_category":0,"neve_meta_sidebar":"","neve_meta_container":"","neve_meta_enable_content_width":"off","neve_meta_content_width":100,"neve_meta_title_alignment":"","neve_meta_author_avatar":"","neve_post_elements_order":"","neve_meta_disable_header":"","neve_meta_disable_footer":"","neve_meta_disable_title":"","_themeisle_gutenberg_block_has_review":false},"product_brand":[],"product_cat":[56],"product_tag":[],"class_list":{"0":"post-3717","1":"product","2":"type-product","3":"status-publish","4":"has-post-thumbnail","6":"product_cat-kierteet","8":"first","9":"instock","10":"taxable","11":"shipping-taxable","12":"purchasable","13":"product-type-simple"},"supplier_id":null,"supplier_sku":"","barcode":null,"atum_controlled":true,"out_stock_date":null,"out_stock_threshold":null,"inheritable":false,"inbound_stock":0,"stock_on_hold":0,"sold_today":0,"sales_last_days":0,"reserved_stock":0,"customer_returns":0,"warehouse_damage":0,"lost_in_post":0,"other_logs":0,"out_stock_days":0,"lost_sales":0,"has_location":false,"update_date":"2026-04-29T00:31:55","atum_locations":[],"atum_stock_status":"instock","restock_status":false,"low_stock_amount":"","sales_update_date":"2026-04-29T00:31:55","calc_backorders":null,"aioseo_notices":[],"_links":{"self":[{"href":"https:\/\/www.jimport.fi\/index.php\/wp-json\/wp\/v2\/product\/3717","targetHints":{"allow":["GET"]}}],"collection":[{"href":"https:\/\/www.jimport.fi\/index.php\/wp-json\/wp\/v2\/product"}],"about":[{"href":"https:\/\/www.jimport.fi\/index.php\/wp-json\/wp\/v2\/types\/product"}],"version-history":[{"count":3,"href":"https:\/\/www.jimport.fi\/index.php\/wp-json\/wp\/v2\/product\/3717\/revisions"}],"predecessor-version":[{"id":4279,"href":"https:\/\/www.jimport.fi\/index.php\/wp-json\/wp\/v2\/product\/3717\/revisions\/4279"}],"wp:featuredmedia":[{"embeddable":true,"href":"https:\/\/www.jimport.fi\/index.php\/wp-json\/wp\/v2\/media\/3719"}],"wp:attachment":[{"href":"https:\/\/www.jimport.fi\/index.php\/wp-json\/wp\/v2\/media?parent=3717"}],"wp:term":[{"taxonomy":"product_brand","embeddable":true,"href":"https:\/\/www.jimport.fi\/index.php\/wp-json\/wp\/v2\/product_brand?post=3717"},{"taxonomy":"product_cat","embeddable":true,"href":"https:\/\/www.jimport.fi\/index.php\/wp-json\/wp\/v2\/product_cat?post=3717"},{"taxonomy":"product_tag","embeddable":true,"href":"https:\/\/www.jimport.fi\/index.php\/wp-json\/wp\/v2\/product_tag?post=3717"}],"curies":[{"name":"wp","href":"https:\/\/api.w.org\/{rel}","templated":true}]}}