{"id":3731,"date":"2023-04-15T13:37:17","date_gmt":"2023-04-15T13:37:17","guid":{"rendered":"https:\/\/www.jimport.fi\/?post_type=product&#038;p=3731"},"modified":"2024-01-24T08:40:01","modified_gmt":"2024-01-24T05:40:01","slug":"tinakutistejatkot-30kpl","status":"publish","type":"product","link":"https:\/\/www.jimport.fi\/index.php\/tuote\/tinakutistejatkot-30kpl\/","title":{"rendered":"Tinakutistejatkot 30kpl"},"content":{"rendered":"<h2>Tuotekuvaus<\/h2>\n<p><strong>Sarja vedenpit\u00e4vi\u00e4 kutisteputkia tinarenkaalla.<\/strong>\u00a0T\u00e4m\u00e4n tyyppiset putket sopivat erinomaisesti\u00a0<strong>kodin s\u00e4hk\u00f6asennuksiin ja s\u00e4hk\u00f6asennusten<\/strong>, autojen, veneiden, per\u00e4vaunujen jne. Tinakutistejatkon k\u00e4ytt\u00f6 mahdollistaa kahden johtimen kest\u00e4v\u00e4n ja vedenpit\u00e4v\u00e4n liitoksen, mik\u00e4 on mahdollista tiivistysliiman sis\u00e4kerroksen ansiosta.<\/p>\n<p>Tuotteen ominaisuudet:<br \/>\nt\u00e4ydellinen erityyppisten s\u00e4hk\u00f6liit\u00e4nt\u00f6jen tekemiseen, erityisesti paikoissa, joissa haluat vedenpit\u00e4v\u00e4n liit\u00e4nn\u00e4n<br \/>\nSarja sis\u00e4lt\u00e4\u00e4\u00a0<strong>30 kappaletta putkia<\/strong>, jotka\u00a0 sopii johtimiin, joiden poikkileikkaus on <strong>1,5-2,5 mm2<\/strong><br \/>\nerinomainen venytyskest\u00e4vyys ja hankauksenkesto<br \/>\nKerros tiivistett\u00e4, vedenpit\u00e4v\u00e4 liima putken<br \/>\nsis\u00e4seiniss\u00e4 Putket on l\u00e4mmitett\u00e4v\u00e4 tasaisesti paikassa, jossa tina sijaitsee, kuumailmapuhaltimella tai tavallisella sytyttimell\u00e4<\/p>\n","protected":false},"excerpt":{"rendered":"<p>30kpl tinakutistejatkoja 1.5-2.5mm2. Geko<\/p>\n","protected":false},"featured_media":3732,"template":"","meta":{"_monsterinsights_skip_tracking":false,"_monsterinsights_sitenote_active":false,"_monsterinsights_sitenote_note":"","_monsterinsights_sitenote_category":0,"neve_meta_sidebar":"","neve_meta_container":"","neve_meta_enable_content_width":"off","neve_meta_content_width":100,"neve_meta_title_alignment":"","neve_meta_author_avatar":"","neve_post_elements_order":"","neve_meta_disable_header":"","neve_meta_disable_footer":"","neve_meta_disable_title":"","_themeisle_gutenberg_block_has_review":false},"product_brand":[],"product_cat":[51],"product_tag":[],"class_list":{"0":"post-3731","1":"product","2":"type-product","3":"status-publish","4":"has-post-thumbnail","6":"product_cat-sahkotyokalut","8":"first","9":"instock","10":"taxable","11":"shipping-taxable","12":"purchasable","13":"product-type-simple"},"supplier_id":null,"supplier_sku":"","barcode":null,"atum_controlled":true,"out_stock_date":null,"out_stock_threshold":null,"inheritable":false,"inbound_stock":0,"stock_on_hold":0,"sold_today":0,"sales_last_days":0,"reserved_stock":0,"customer_returns":0,"warehouse_damage":0,"lost_in_post":0,"other_logs":0,"out_stock_days":0,"lost_sales":0,"has_location":false,"update_date":"2026-05-02T00:37:47","atum_locations":[],"atum_stock_status":"instock","restock_status":false,"low_stock_amount":"","sales_update_date":"2026-05-02T00:37:47","calc_backorders":null,"aioseo_notices":[],"_links":{"self":[{"href":"https:\/\/www.jimport.fi\/index.php\/wp-json\/wp\/v2\/product\/3731","targetHints":{"allow":["GET"]}}],"collection":[{"href":"https:\/\/www.jimport.fi\/index.php\/wp-json\/wp\/v2\/product"}],"about":[{"href":"https:\/\/www.jimport.fi\/index.php\/wp-json\/wp\/v2\/types\/product"}],"version-history":[{"count":3,"href":"https:\/\/www.jimport.fi\/index.php\/wp-json\/wp\/v2\/product\/3731\/revisions"}],"predecessor-version":[{"id":5322,"href":"https:\/\/www.jimport.fi\/index.php\/wp-json\/wp\/v2\/product\/3731\/revisions\/5322"}],"wp:featuredmedia":[{"embeddable":true,"href":"https:\/\/www.jimport.fi\/index.php\/wp-json\/wp\/v2\/media\/3732"}],"wp:attachment":[{"href":"https:\/\/www.jimport.fi\/index.php\/wp-json\/wp\/v2\/media?parent=3731"}],"wp:term":[{"taxonomy":"product_brand","embeddable":true,"href":"https:\/\/www.jimport.fi\/index.php\/wp-json\/wp\/v2\/product_brand?post=3731"},{"taxonomy":"product_cat","embeddable":true,"href":"https:\/\/www.jimport.fi\/index.php\/wp-json\/wp\/v2\/product_cat?post=3731"},{"taxonomy":"product_tag","embeddable":true,"href":"https:\/\/www.jimport.fi\/index.php\/wp-json\/wp\/v2\/product_tag?post=3731"}],"curies":[{"name":"wp","href":"https:\/\/api.w.org\/{rel}","templated":true}]}}