{"id":3816,"date":"2023-04-17T06:52:21","date_gmt":"2023-04-17T06:52:21","guid":{"rendered":"https:\/\/www.jimport.fi\/?post_type=product&#038;p=3816"},"modified":"2024-12-10T14:47:02","modified_gmt":"2024-12-10T11:47:02","slug":"puristuspainemittari-8os","status":"publish","type":"product","link":"https:\/\/www.jimport.fi\/index.php\/tuote\/puristuspainemittari-8os\/","title":{"rendered":"Puristuspaine mittari 8os"},"content":{"rendered":"<p>T\u00e4ll\u00e4 sarjalla p\u00e4\u00e4see jo pitk\u00e4lle. Mitta-asteikko 0-20bar, letkun mitta 49cm, kierteet:<\/p>\n<p>M10x1.0<br \/>\nM12x1.25<br \/>\nM14x1.25<br \/>\nM18x1.25<\/p>\n","protected":false},"excerpt":{"rendered":"<p>Puristuspainemittari 0-20bar. Geko<\/p>\n","protected":false},"featured_media":3819,"template":"","meta":{"_monsterinsights_skip_tracking":false,"_monsterinsights_sitenote_active":false,"_monsterinsights_sitenote_note":"","_monsterinsights_sitenote_category":0,"neve_meta_sidebar":"","neve_meta_container":"","neve_meta_enable_content_width":"off","neve_meta_content_width":100,"neve_meta_title_alignment":"","neve_meta_author_avatar":"","neve_post_elements_order":"","neve_meta_disable_header":"","neve_meta_disable_footer":"","neve_meta_disable_title":"","_themeisle_gutenberg_block_has_review":false},"product_brand":[],"product_cat":[77],"product_tag":[],"class_list":{"0":"post-3816","1":"product","2":"type-product","3":"status-publish","4":"has-post-thumbnail","6":"product_cat-vianselvitys","8":"first","9":"instock","10":"taxable","11":"shipping-taxable","12":"purchasable","13":"product-type-simple"},"supplier_id":null,"supplier_sku":"","barcode":null,"atum_controlled":true,"out_stock_date":null,"out_stock_threshold":null,"inheritable":false,"inbound_stock":0,"stock_on_hold":0,"sold_today":0,"sales_last_days":0,"reserved_stock":0,"customer_returns":0,"warehouse_damage":0,"lost_in_post":0,"other_logs":0,"out_stock_days":0,"lost_sales":0,"has_location":false,"update_date":"2026-04-27T00:28:50","atum_locations":[],"atum_stock_status":"instock","restock_status":false,"low_stock_amount":"","sales_update_date":"2026-04-27T00:28:50","calc_backorders":null,"aioseo_notices":[],"_links":{"self":[{"href":"https:\/\/www.jimport.fi\/index.php\/wp-json\/wp\/v2\/product\/3816","targetHints":{"allow":["GET"]}}],"collection":[{"href":"https:\/\/www.jimport.fi\/index.php\/wp-json\/wp\/v2\/product"}],"about":[{"href":"https:\/\/www.jimport.fi\/index.php\/wp-json\/wp\/v2\/types\/product"}],"version-history":[{"count":2,"href":"https:\/\/www.jimport.fi\/index.php\/wp-json\/wp\/v2\/product\/3816\/revisions"}],"predecessor-version":[{"id":3947,"href":"https:\/\/www.jimport.fi\/index.php\/wp-json\/wp\/v2\/product\/3816\/revisions\/3947"}],"wp:featuredmedia":[{"embeddable":true,"href":"https:\/\/www.jimport.fi\/index.php\/wp-json\/wp\/v2\/media\/3819"}],"wp:attachment":[{"href":"https:\/\/www.jimport.fi\/index.php\/wp-json\/wp\/v2\/media?parent=3816"}],"wp:term":[{"taxonomy":"product_brand","embeddable":true,"href":"https:\/\/www.jimport.fi\/index.php\/wp-json\/wp\/v2\/product_brand?post=3816"},{"taxonomy":"product_cat","embeddable":true,"href":"https:\/\/www.jimport.fi\/index.php\/wp-json\/wp\/v2\/product_cat?post=3816"},{"taxonomy":"product_tag","embeddable":true,"href":"https:\/\/www.jimport.fi\/index.php\/wp-json\/wp\/v2\/product_tag?post=3816"}],"curies":[{"name":"wp","href":"https:\/\/api.w.org\/{rel}","templated":true}]}}