{"id":3822,"date":"2023-04-17T07:19:59","date_gmt":"2023-04-17T07:19:59","guid":{"rendered":"https:\/\/www.jimport.fi\/?post_type=product&#038;p=3822"},"modified":"2025-01-17T01:15:48","modified_gmt":"2025-01-16T22:15:48","slug":"painemittari-polttoaine-jarjestelmalle-tu-114","status":"publish","type":"product","link":"https:\/\/www.jimport.fi\/index.php\/tuote\/painemittari-polttoaine-jarjestelmalle-tu-114\/","title":{"rendered":"Painemittari polttoaine- j\u00e4rjestelm\u00e4lle TU-114"},"content":{"rendered":"<p>T\u00e4st\u00e4 l\u00f6ytyy monenlaista nippaa ja sovitetta polttoainepuolen vianselvityksiin bensa- ja diesel vehkeiss\u00e4. Mittaria voi hy\u00f6dynt\u00e4\u00e4 moneen muuhunkin mitta-asteikon puitteissa.<\/p>\n","protected":false},"excerpt":{"rendered":"<p>Polttoainej\u00e4rjestelm\u00e4n painemittari 0-10bar. Geko<\/p>\n","protected":false},"featured_media":3825,"template":"","meta":{"_monsterinsights_skip_tracking":false,"_monsterinsights_sitenote_active":false,"_monsterinsights_sitenote_note":"","_monsterinsights_sitenote_category":0,"neve_meta_sidebar":"","neve_meta_container":"","neve_meta_enable_content_width":"off","neve_meta_content_width":100,"neve_meta_title_alignment":"","neve_meta_author_avatar":"","neve_post_elements_order":"","neve_meta_disable_header":"","neve_meta_disable_footer":"","neve_meta_disable_title":"","_themeisle_gutenberg_block_has_review":false},"product_brand":[],"product_cat":[77],"product_tag":[],"class_list":{"0":"post-3822","1":"product","2":"type-product","3":"status-publish","4":"has-post-thumbnail","6":"product_cat-vianselvitys","8":"first","9":"instock","10":"taxable","11":"shipping-taxable","12":"purchasable","13":"product-type-simple"},"supplier_id":null,"supplier_sku":"","barcode":null,"atum_controlled":true,"out_stock_date":null,"out_stock_threshold":null,"inheritable":false,"inbound_stock":0,"stock_on_hold":0,"sold_today":0,"sales_last_days":0,"reserved_stock":0,"customer_returns":0,"warehouse_damage":0,"lost_in_post":0,"other_logs":0,"out_stock_days":0,"lost_sales":0,"has_location":false,"update_date":"2026-04-27T00:28:45","atum_locations":[],"atum_stock_status":"instock","restock_status":false,"low_stock_amount":"","sales_update_date":"2026-04-27T00:28:45","calc_backorders":null,"aioseo_notices":[],"_links":{"self":[{"href":"https:\/\/www.jimport.fi\/index.php\/wp-json\/wp\/v2\/product\/3822","targetHints":{"allow":["GET"]}}],"collection":[{"href":"https:\/\/www.jimport.fi\/index.php\/wp-json\/wp\/v2\/product"}],"about":[{"href":"https:\/\/www.jimport.fi\/index.php\/wp-json\/wp\/v2\/types\/product"}],"version-history":[{"count":1,"href":"https:\/\/www.jimport.fi\/index.php\/wp-json\/wp\/v2\/product\/3822\/revisions"}],"predecessor-version":[{"id":3826,"href":"https:\/\/www.jimport.fi\/index.php\/wp-json\/wp\/v2\/product\/3822\/revisions\/3826"}],"wp:featuredmedia":[{"embeddable":true,"href":"https:\/\/www.jimport.fi\/index.php\/wp-json\/wp\/v2\/media\/3825"}],"wp:attachment":[{"href":"https:\/\/www.jimport.fi\/index.php\/wp-json\/wp\/v2\/media?parent=3822"}],"wp:term":[{"taxonomy":"product_brand","embeddable":true,"href":"https:\/\/www.jimport.fi\/index.php\/wp-json\/wp\/v2\/product_brand?post=3822"},{"taxonomy":"product_cat","embeddable":true,"href":"https:\/\/www.jimport.fi\/index.php\/wp-json\/wp\/v2\/product_cat?post=3822"},{"taxonomy":"product_tag","embeddable":true,"href":"https:\/\/www.jimport.fi\/index.php\/wp-json\/wp\/v2\/product_tag?post=3822"}],"curies":[{"name":"wp","href":"https:\/\/api.w.org\/{rel}","templated":true}]}}