{"id":3832,"date":"2023-04-17T07:36:39","date_gmt":"2023-04-17T07:36:39","guid":{"rendered":"https:\/\/www.jimport.fi\/?post_type=product&#038;p=3832"},"modified":"2025-07-14T19:09:28","modified_gmt":"2025-07-14T16:09:28","slug":"digitaalinen-puristuspainemittari","status":"publish","type":"product","link":"https:\/\/www.jimport.fi\/index.php\/tuote\/digitaalinen-puristuspainemittari\/","title":{"rendered":"Digitaalinen puristuspaine mittari"},"content":{"rendered":"<h2>Tuotekuvaus<\/h2>\n<p>Monitoiminen puristuspainemittari, jossa on selke\u00e4 LCD-n\u00e4ytt\u00f6. Mittaa paine bensiinimoottorin sylinterist\u00e4. Voi n\u00e4ytt\u00e4\u00e4 lukemat 4 eri yksik\u00f6ss\u00e4: psi, Kpa, bar, Kgf\/cm\u00b2.<\/p>\n<p>Eritt\u00e4in tarkka LCD-digitaalinen painemittari jopa 200 psi \/ 14 bar. Varustettu sivuventtiilill\u00e4 nopeaa uudelleentestausta varten ja pikaliittimell\u00e4.<\/p>\n<p>Manometri varustettu kahdentyyppisill\u00e4 k\u00e4rjill\u00e4:<\/p>\n<ul>\n<li>Suora- ja kulmakumitiivisteiset painekappaleet<\/li>\n<li>Adapterit erikokoisille sytytystulppien kierteille<\/li>\n<\/ul>\n<h4>Tekniset tiedot<\/h4>\n<ul>\n<li>Mittarin virtal\u00e4hde: 2x R03P AAA paristo 1.5V<\/li>\n<li>Vaihdettavat 4 n\u00e4ytt\u00f6yksikk\u00f6\u00e4: psi, Kpa, bar, Kgf\/cm\u00b2<\/li>\n<\/ul>\n<h4>Pakkauksen sis\u00e4lt\u00f6<\/h4>\n<ul>\n<li>Manometrin halkaisija 63 mm selke\u00e4ll\u00e4 LCD-n\u00e4yt\u00f6ll\u00e4, mitat jopa 200 psi<\/li>\n<li>500 mm taipuisa letku jousikuormalla, pikaliit\u00e4nn\u00e4ll\u00e4 ja ulkokierteell\u00e4 13 mm adaptereille<\/li>\n<li>Kulmakumitiivisteinen painekappale 150 mm<\/li>\n<li>Suora kumitiivisteinen painekappale 150 mm<\/li>\n<li>Sovitin M10x1,0 mm<\/li>\n<li>Sovitin M12x1,25 mm<\/li>\n<li>Sovitin M14x1,25 mm<\/li>\n<li>Sovitin M18x1,5 mm<\/li>\n<\/ul>\n","protected":false},"excerpt":{"rendered":"<p>Digitaalinen puristuspainemittari 0-14bar. Geko<\/p>\n","protected":false},"featured_media":3833,"template":"","meta":{"_monsterinsights_skip_tracking":false,"_monsterinsights_sitenote_active":false,"_monsterinsights_sitenote_note":"","_monsterinsights_sitenote_category":0,"neve_meta_sidebar":"","neve_meta_container":"","neve_meta_enable_content_width":"off","neve_meta_content_width":100,"neve_meta_title_alignment":"","neve_meta_author_avatar":"","neve_post_elements_order":"","neve_meta_disable_header":"","neve_meta_disable_footer":"","neve_meta_disable_title":"","_themeisle_gutenberg_block_has_review":false},"product_brand":[],"product_cat":[77],"product_tag":[],"class_list":{"0":"post-3832","1":"product","2":"type-product","3":"status-publish","4":"has-post-thumbnail","6":"product_cat-vianselvitys","8":"first","9":"instock","10":"taxable","11":"shipping-taxable","12":"purchasable","13":"product-type-simple"},"supplier_id":null,"supplier_sku":"","barcode":null,"atum_controlled":true,"out_stock_date":null,"out_stock_threshold":null,"inheritable":false,"inbound_stock":0,"stock_on_hold":0,"sold_today":0,"sales_last_days":0,"reserved_stock":0,"customer_returns":0,"warehouse_damage":0,"lost_in_post":0,"other_logs":0,"out_stock_days":0,"lost_sales":0,"has_location":false,"update_date":"2026-04-27T00:28:47","atum_locations":[],"atum_stock_status":"instock","restock_status":false,"low_stock_amount":"","sales_update_date":"2026-04-27T00:28:47","calc_backorders":null,"aioseo_notices":[],"_links":{"self":[{"href":"https:\/\/www.jimport.fi\/index.php\/wp-json\/wp\/v2\/product\/3832","targetHints":{"allow":["GET"]}}],"collection":[{"href":"https:\/\/www.jimport.fi\/index.php\/wp-json\/wp\/v2\/product"}],"about":[{"href":"https:\/\/www.jimport.fi\/index.php\/wp-json\/wp\/v2\/types\/product"}],"version-history":[{"count":4,"href":"https:\/\/www.jimport.fi\/index.php\/wp-json\/wp\/v2\/product\/3832\/revisions"}],"predecessor-version":[{"id":5318,"href":"https:\/\/www.jimport.fi\/index.php\/wp-json\/wp\/v2\/product\/3832\/revisions\/5318"}],"wp:featuredmedia":[{"embeddable":true,"href":"https:\/\/www.jimport.fi\/index.php\/wp-json\/wp\/v2\/media\/3833"}],"wp:attachment":[{"href":"https:\/\/www.jimport.fi\/index.php\/wp-json\/wp\/v2\/media?parent=3832"}],"wp:term":[{"taxonomy":"product_brand","embeddable":true,"href":"https:\/\/www.jimport.fi\/index.php\/wp-json\/wp\/v2\/product_brand?post=3832"},{"taxonomy":"product_cat","embeddable":true,"href":"https:\/\/www.jimport.fi\/index.php\/wp-json\/wp\/v2\/product_cat?post=3832"},{"taxonomy":"product_tag","embeddable":true,"href":"https:\/\/www.jimport.fi\/index.php\/wp-json\/wp\/v2\/product_tag?post=3832"}],"curies":[{"name":"wp","href":"https:\/\/api.w.org\/{rel}","templated":true}]}}