{"id":3835,"date":"2023-04-17T08:13:17","date_gmt":"2023-04-17T08:13:17","guid":{"rendered":"https:\/\/www.jimport.fi\/?post_type=product&#038;p=3835"},"modified":"2025-07-30T10:26:32","modified_gmt":"2025-07-30T07:26:32","slug":"hajotusilmaruiskun-sailio-600ml","status":"publish","type":"product","link":"https:\/\/www.jimport.fi\/index.php\/tuote\/hajotusilmaruiskun-sailio-600ml\/","title":{"rendered":"Hajotusilmaruiskun s\u00e4ili\u00f6 600ml"},"content":{"rendered":"<p>Jos maaliruiskusi s\u00e4ili\u00f6 on tullut tiens\u00e4 p\u00e4\u00e4h\u00e4n, ei ole syyt\u00e4 vaipua synkkyyteen, t\u00e4st\u00e4 edullisesti uusi kippo tilalle.<\/p>\n","protected":false},"excerpt":{"rendered":"<p>S\u00e4ili\u00f6 hajotusilmaruiskuun 600ml, mitta-asteikolla. M16x1,5. Geko<\/p>\n","protected":false},"featured_media":3839,"template":"","meta":{"_monsterinsights_skip_tracking":false,"_monsterinsights_sitenote_active":false,"_monsterinsights_sitenote_note":"","_monsterinsights_sitenote_category":0,"neve_meta_sidebar":"","neve_meta_container":"","neve_meta_enable_content_width":"off","neve_meta_content_width":100,"neve_meta_title_alignment":"","neve_meta_author_avatar":"","neve_post_elements_order":"","neve_meta_disable_header":"","neve_meta_disable_footer":"","neve_meta_disable_title":"","_themeisle_gutenberg_block_has_review":false},"product_brand":[],"product_cat":[64],"product_tag":[],"class_list":{"0":"post-3835","1":"product","2":"type-product","3":"status-publish","4":"has-post-thumbnail","6":"product_cat-maalaus","8":"first","9":"outofstock","10":"taxable","11":"shipping-taxable","12":"purchasable","13":"product-type-simple"},"supplier_id":null,"supplier_sku":"","barcode":null,"atum_controlled":true,"out_stock_date":"2025-07-30 10:26:32","out_stock_threshold":null,"inheritable":false,"inbound_stock":0,"stock_on_hold":0,"sold_today":0,"sales_last_days":0,"reserved_stock":0,"customer_returns":0,"warehouse_damage":0,"lost_in_post":0,"other_logs":0,"out_stock_days":286,"lost_sales":735,"has_location":false,"update_date":"2026-05-13T00:59:54","atum_locations":[],"atum_stock_status":"outofstock","restock_status":false,"low_stock_amount":"","sales_update_date":"2026-05-13T00:59:54","calc_backorders":null,"aioseo_notices":[],"_links":{"self":[{"href":"https:\/\/www.jimport.fi\/index.php\/wp-json\/wp\/v2\/product\/3835","targetHints":{"allow":["GET"]}}],"collection":[{"href":"https:\/\/www.jimport.fi\/index.php\/wp-json\/wp\/v2\/product"}],"about":[{"href":"https:\/\/www.jimport.fi\/index.php\/wp-json\/wp\/v2\/types\/product"}],"version-history":[{"count":2,"href":"https:\/\/www.jimport.fi\/index.php\/wp-json\/wp\/v2\/product\/3835\/revisions"}],"predecessor-version":[{"id":3846,"href":"https:\/\/www.jimport.fi\/index.php\/wp-json\/wp\/v2\/product\/3835\/revisions\/3846"}],"wp:featuredmedia":[{"embeddable":true,"href":"https:\/\/www.jimport.fi\/index.php\/wp-json\/wp\/v2\/media\/3839"}],"wp:attachment":[{"href":"https:\/\/www.jimport.fi\/index.php\/wp-json\/wp\/v2\/media?parent=3835"}],"wp:term":[{"taxonomy":"product_brand","embeddable":true,"href":"https:\/\/www.jimport.fi\/index.php\/wp-json\/wp\/v2\/product_brand?post=3835"},{"taxonomy":"product_cat","embeddable":true,"href":"https:\/\/www.jimport.fi\/index.php\/wp-json\/wp\/v2\/product_cat?post=3835"},{"taxonomy":"product_tag","embeddable":true,"href":"https:\/\/www.jimport.fi\/index.php\/wp-json\/wp\/v2\/product_tag?post=3835"}],"curies":[{"name":"wp","href":"https:\/\/api.w.org\/{rel}","templated":true}]}}