{"id":3847,"date":"2023-04-17T08:53:23","date_gmt":"2023-04-17T08:53:23","guid":{"rendered":"https:\/\/www.jimport.fi\/?post_type=product&#038;p=3847"},"modified":"2024-09-27T13:47:20","modified_gmt":"2024-09-27T10:47:20","slug":"digitaalinen-renkaantaytto-pistooli","status":"publish","type":"product","link":"https:\/\/www.jimport.fi\/index.php\/tuote\/digitaalinen-renkaantaytto-pistooli\/","title":{"rendered":"Digitaalinen renkaant\u00e4ytt\u00f6- pistooli"},"content":{"rendered":"<h2>Tuotekuvaus<\/h2>\n<p><strong>Ammattimainen pneumaattinen pistooli LCD-painemittarilla &#8211; auton ja kuorma-auton<\/strong>\u00a0py\u00f6rien t\u00e4ytt\u00e4miseen. Varustettu\u00a0<strong>joustavalla 30 cm pitk\u00e4ll\u00e4 letkulla ja suurella<\/strong>, helppolukuisella painemittarilla, jossa on LCD-n\u00e4ytt\u00f6\u00a0<strong>kumisuojuksessa, joka suojaa iskuilta ja iskuilta.<\/strong>\u00a0Mitta-asteikko nelj\u00e4ss\u00e4 yksik\u00f6ss\u00e4 &#8211;\u00a0<strong>Psi, Bar, kPa, Kg\/cm2. 1\/4&#8243; pikaliitin<\/strong>\u00a0mahdollistaa nopean liitt\u00e4misen kompressoriin.<\/p>\n<p><strong>Tuotteen ominaisuudet:<\/strong><\/p>\n<p><span>kevyt ja k\u00e4tev\u00e4<br \/>\nsuuri luettava manometri LCD-n\u00e4yt\u00f6ll\u00e4<br \/>\nasteikko 0 &#8211; 12 bar \/ 0 &#8211; 170 psi \/ 0 &#8211; 1200 kPa \/ 0 &#8211; 12,23 kg \/ cm2<br \/>\nletkun pituus 30 cm<br \/>\nmetallirunko<br \/>\nvarustettu painikkeella painemittarin ilman<br \/>\nvapauttamiseksi kumisuojus suojaamaan iskuilta ja iskuilta<br \/>\n1\/4&#8243; pikaliittimen<br \/>\npainemittari, joka saa virtansa kahdesta AAA-paristosta (ei sis\u00e4lly toimitukseen)<\/span><\/p>\n<p><strong>Tekniset:<\/strong><\/p>\n<p>Mittarin halkaisija:<strong>\u00a063 mm<\/strong><\/p>\n<p>Letkun pituus:\u00a0<strong>30 cm<\/strong><\/p>\n<p>Suurin paine:\u00a0<strong>12 bar<\/strong><\/p>\n<p>Mitta-asteikko: 0 &#8211; 12 bar \/ 0 &#8211;\u00a0<strong>170 psi \/ 0 &#8211; 1200 kPa \/ 0 &#8211; 12,23 kg \/ cm2<\/strong><\/p>\n","protected":false},"excerpt":{"rendered":"<p>Metallirunkoinen renkaant\u00e4ytt\u00f6pistooli digitaalimittarilla<\/p>\n","protected":false},"featured_media":3850,"template":"","meta":{"_monsterinsights_skip_tracking":false,"_monsterinsights_sitenote_active":false,"_monsterinsights_sitenote_note":"","_monsterinsights_sitenote_category":0,"neve_meta_sidebar":"","neve_meta_container":"","neve_meta_enable_content_width":"off","neve_meta_content_width":100,"neve_meta_title_alignment":"","neve_meta_author_avatar":"","neve_post_elements_order":"","neve_meta_disable_header":"","neve_meta_disable_footer":"","neve_meta_disable_title":"","_themeisle_gutenberg_block_has_review":false},"product_brand":[],"product_cat":[50],"product_tag":[],"class_list":{"0":"post-3847","1":"product","2":"type-product","3":"status-publish","4":"has-post-thumbnail","6":"product_cat-paineilma","8":"first","9":"instock","10":"taxable","11":"shipping-taxable","12":"purchasable","13":"product-type-simple"},"supplier_id":null,"supplier_sku":"","barcode":null,"atum_controlled":true,"out_stock_date":null,"out_stock_threshold":null,"inheritable":false,"inbound_stock":0,"stock_on_hold":0,"sold_today":0,"sales_last_days":0,"reserved_stock":0,"customer_returns":0,"warehouse_damage":0,"lost_in_post":0,"other_logs":0,"out_stock_days":0,"lost_sales":0,"has_location":false,"update_date":"2026-05-13T00:59:49","atum_locations":[],"atum_stock_status":"instock","restock_status":false,"low_stock_amount":"","sales_update_date":"2026-05-13T00:59:49","calc_backorders":null,"aioseo_notices":[],"_links":{"self":[{"href":"https:\/\/www.jimport.fi\/index.php\/wp-json\/wp\/v2\/product\/3847","targetHints":{"allow":["GET"]}}],"collection":[{"href":"https:\/\/www.jimport.fi\/index.php\/wp-json\/wp\/v2\/product"}],"about":[{"href":"https:\/\/www.jimport.fi\/index.php\/wp-json\/wp\/v2\/types\/product"}],"version-history":[{"count":2,"href":"https:\/\/www.jimport.fi\/index.php\/wp-json\/wp\/v2\/product\/3847\/revisions"}],"predecessor-version":[{"id":5316,"href":"https:\/\/www.jimport.fi\/index.php\/wp-json\/wp\/v2\/product\/3847\/revisions\/5316"}],"wp:featuredmedia":[{"embeddable":true,"href":"https:\/\/www.jimport.fi\/index.php\/wp-json\/wp\/v2\/media\/3850"}],"wp:attachment":[{"href":"https:\/\/www.jimport.fi\/index.php\/wp-json\/wp\/v2\/media?parent=3847"}],"wp:term":[{"taxonomy":"product_brand","embeddable":true,"href":"https:\/\/www.jimport.fi\/index.php\/wp-json\/wp\/v2\/product_brand?post=3847"},{"taxonomy":"product_cat","embeddable":true,"href":"https:\/\/www.jimport.fi\/index.php\/wp-json\/wp\/v2\/product_cat?post=3847"},{"taxonomy":"product_tag","embeddable":true,"href":"https:\/\/www.jimport.fi\/index.php\/wp-json\/wp\/v2\/product_tag?post=3847"}],"curies":[{"name":"wp","href":"https:\/\/api.w.org\/{rel}","templated":true}]}}