{"id":3860,"date":"2023-04-17T09:31:24","date_gmt":"2023-04-17T09:31:24","guid":{"rendered":"https:\/\/www.jimport.fi\/?post_type=product&#038;p=3860"},"modified":"2025-09-13T16:03:49","modified_gmt":"2025-09-13T13:03:49","slug":"klemmariavain-7mm","status":"publish","type":"product","link":"https:\/\/www.jimport.fi\/index.php\/tuote\/klemmariavain-7mm\/","title":{"rendered":"Klemmariavain 7mm"},"content":{"rendered":"<p>Ilmeisesti on sill\u00e4 insin\u00f6\u00f6rill\u00e4 ollut jotain ymm\u00e4rryst\u00e4 k\u00e4ytt\u00f6kohteistakin, joka t\u00e4m\u00e4n on suunnitellut. Normaali k\u00e4yt\u00f6ss\u00e4, kun klemmareita laitellaan on k\u00e4det yleens\u00e4 m\u00e4rk\u00e4n\u00e4 \u00f6ljyst\u00e4 tai glykolista ja pito on olematon&#8230;t\u00e4ss\u00e4 on tehty kahvaan TODELLA karhea kumipinta, jolloin pitoa piisaa, vaikka kuinka lotraa \u00f6ljyn kanssa.<\/p>\n","protected":false},"excerpt":{"rendered":"<p>Klemmariavain taipuisalla varrella 7mm. Geko<\/p>\n","protected":false},"featured_media":3862,"template":"","meta":{"_monsterinsights_skip_tracking":false,"_monsterinsights_sitenote_active":false,"_monsterinsights_sitenote_note":"","_monsterinsights_sitenote_category":0,"neve_meta_sidebar":"","neve_meta_container":"","neve_meta_enable_content_width":"off","neve_meta_content_width":100,"neve_meta_title_alignment":"","neve_meta_author_avatar":"","neve_post_elements_order":"","neve_meta_disable_header":"","neve_meta_disable_footer":"","neve_meta_disable_title":"","_themeisle_gutenberg_block_has_review":false},"product_brand":[],"product_cat":[100],"product_tag":[],"class_list":{"0":"post-3860","1":"product","2":"type-product","3":"status-publish","4":"has-post-thumbnail","6":"product_cat-ruuvimeisselit","8":"first","9":"instock","10":"taxable","11":"shipping-taxable","12":"purchasable","13":"product-type-simple"},"supplier_id":null,"supplier_sku":"","barcode":null,"atum_controlled":true,"out_stock_date":null,"out_stock_threshold":null,"inheritable":false,"inbound_stock":0,"stock_on_hold":0,"sold_today":0,"sales_last_days":0,"reserved_stock":0,"customer_returns":0,"warehouse_damage":0,"lost_in_post":0,"other_logs":0,"out_stock_days":0,"lost_sales":0,"has_location":false,"update_date":"2026-04-30T00:32:10","atum_locations":[],"atum_stock_status":"instock","restock_status":false,"low_stock_amount":"","sales_update_date":"2026-04-30T00:32:10","calc_backorders":null,"aioseo_notices":[],"_links":{"self":[{"href":"https:\/\/www.jimport.fi\/index.php\/wp-json\/wp\/v2\/product\/3860","targetHints":{"allow":["GET"]}}],"collection":[{"href":"https:\/\/www.jimport.fi\/index.php\/wp-json\/wp\/v2\/product"}],"about":[{"href":"https:\/\/www.jimport.fi\/index.php\/wp-json\/wp\/v2\/types\/product"}],"version-history":[{"count":1,"href":"https:\/\/www.jimport.fi\/index.php\/wp-json\/wp\/v2\/product\/3860\/revisions"}],"predecessor-version":[{"id":3863,"href":"https:\/\/www.jimport.fi\/index.php\/wp-json\/wp\/v2\/product\/3860\/revisions\/3863"}],"wp:featuredmedia":[{"embeddable":true,"href":"https:\/\/www.jimport.fi\/index.php\/wp-json\/wp\/v2\/media\/3862"}],"wp:attachment":[{"href":"https:\/\/www.jimport.fi\/index.php\/wp-json\/wp\/v2\/media?parent=3860"}],"wp:term":[{"taxonomy":"product_brand","embeddable":true,"href":"https:\/\/www.jimport.fi\/index.php\/wp-json\/wp\/v2\/product_brand?post=3860"},{"taxonomy":"product_cat","embeddable":true,"href":"https:\/\/www.jimport.fi\/index.php\/wp-json\/wp\/v2\/product_cat?post=3860"},{"taxonomy":"product_tag","embeddable":true,"href":"https:\/\/www.jimport.fi\/index.php\/wp-json\/wp\/v2\/product_tag?post=3860"}],"curies":[{"name":"wp","href":"https:\/\/api.w.org\/{rel}","templated":true}]}}