{"id":480,"date":"2022-06-07T14:37:18","date_gmt":"2022-06-07T11:37:18","guid":{"rendered":"https:\/\/www.jimport.fi\/?post_type=product&#038;p=480"},"modified":"2025-08-19T17:29:12","modified_gmt":"2025-08-19T14:29:12","slug":"ohivuoto-testaussarja","status":"publish","type":"product","link":"https:\/\/www.jimport.fi\/index.php\/tuote\/ohivuoto-testaussarja\/","title":{"rendered":"Suuttimien ohivuoto testaussarja"},"content":{"rendered":"<h2>Tuotekuvaus<\/h2>\n<p>Suunniteltu mittaamaan paluupolttoaineen virtausta Common Rail -dieselajoneuvoissa.<\/p>\n<h3>Tuotteen ominaisuudet<\/h3>\n<ul>\n<li>Suunniteltu Common Rail -dieseleille<\/li>\n<li>Voi testata jopa kuusisylinterisi\u00e4 moottoreita<\/li>\n<li>Sis\u00e4lt\u00e4\u00e4 24 sovitinta, jotka sopivat Bosch-, Siemens-, Delphi- ja Denso-suuttimiin<\/li>\n<\/ul>\n<h4>Pakkauksen sis\u00e4lt\u00f6<\/h4>\n<ul>\n<li>6 mittas\u00e4ili\u00f6pulloa (tilavuus 105 ml)<\/li>\n<li>6\u00a0 mittaputkea (tilavuus 95 ml)<\/li>\n<li>6 x adapteri Delphi-injektoreille<\/li>\n<li>6 x adapteri Denso-suuttimille<\/li>\n<li>6 x sovitin Siemens-suuttimille<\/li>\n<li>6 x adapteri Bosch-suuttimille<\/li>\n<\/ul>\n","protected":false},"excerpt":{"rendered":"<p>Testisarja common rail vehkeille.<\/p>\n","protected":false},"featured_media":481,"template":"","meta":{"_monsterinsights_skip_tracking":false,"_monsterinsights_sitenote_active":false,"_monsterinsights_sitenote_note":"","_monsterinsights_sitenote_category":0,"neve_meta_sidebar":"","neve_meta_container":"","neve_meta_enable_content_width":"off","neve_meta_content_width":100,"neve_meta_title_alignment":"","neve_meta_author_avatar":"","neve_post_elements_order":"","neve_meta_disable_header":"","neve_meta_disable_footer":"","neve_meta_disable_title":"","_themeisle_gutenberg_block_has_review":false},"product_brand":[],"product_cat":[77],"product_tag":[],"class_list":{"0":"post-480","1":"product","2":"type-product","3":"status-publish","4":"has-post-thumbnail","6":"product_cat-vianselvitys","8":"first","9":"instock","10":"taxable","11":"shipping-taxable","12":"purchasable","13":"product-type-simple"},"supplier_id":null,"supplier_sku":"","barcode":null,"atum_controlled":true,"out_stock_date":null,"out_stock_threshold":null,"inheritable":false,"inbound_stock":0,"stock_on_hold":0,"sold_today":0,"sales_last_days":0,"reserved_stock":0,"customer_returns":0,"warehouse_damage":0,"lost_in_post":0,"other_logs":0,"out_stock_days":0,"lost_sales":0,"has_location":false,"update_date":"2026-04-30T00:31:51","atum_locations":[],"atum_stock_status":"instock","restock_status":false,"low_stock_amount":"","sales_update_date":"2026-04-30T00:31:51","calc_backorders":null,"aioseo_notices":[],"_links":{"self":[{"href":"https:\/\/www.jimport.fi\/index.php\/wp-json\/wp\/v2\/product\/480","targetHints":{"allow":["GET"]}}],"collection":[{"href":"https:\/\/www.jimport.fi\/index.php\/wp-json\/wp\/v2\/product"}],"about":[{"href":"https:\/\/www.jimport.fi\/index.php\/wp-json\/wp\/v2\/types\/product"}],"version-history":[{"count":5,"href":"https:\/\/www.jimport.fi\/index.php\/wp-json\/wp\/v2\/product\/480\/revisions"}],"predecessor-version":[{"id":5212,"href":"https:\/\/www.jimport.fi\/index.php\/wp-json\/wp\/v2\/product\/480\/revisions\/5212"}],"wp:featuredmedia":[{"embeddable":true,"href":"https:\/\/www.jimport.fi\/index.php\/wp-json\/wp\/v2\/media\/481"}],"wp:attachment":[{"href":"https:\/\/www.jimport.fi\/index.php\/wp-json\/wp\/v2\/media?parent=480"}],"wp:term":[{"taxonomy":"product_brand","embeddable":true,"href":"https:\/\/www.jimport.fi\/index.php\/wp-json\/wp\/v2\/product_brand?post=480"},{"taxonomy":"product_cat","embeddable":true,"href":"https:\/\/www.jimport.fi\/index.php\/wp-json\/wp\/v2\/product_cat?post=480"},{"taxonomy":"product_tag","embeddable":true,"href":"https:\/\/www.jimport.fi\/index.php\/wp-json\/wp\/v2\/product_tag?post=480"}],"curies":[{"name":"wp","href":"https:\/\/api.w.org\/{rel}","templated":true}]}}