{"id":518,"date":"2022-06-08T07:01:06","date_gmt":"2022-06-08T07:01:06","guid":{"rendered":"https:\/\/www.jimport.fi\/?post_type=product&#038;p=518"},"modified":"2025-01-04T12:23:10","modified_gmt":"2025-01-04T09:23:10","slug":"hiekkapuhalluslaite-1l","status":"publish","type":"product","link":"https:\/\/www.jimport.fi\/index.php\/tuote\/hiekkapuhalluslaite-1l\/","title":{"rendered":"Ker\u00e4\u00e4v\u00e4 hiekkapuhalluslaite 1L"},"content":{"rendered":"<p>Enimm\u00e4kseen varmaan autojen kanssa k\u00e4ytetty vehje. Painetaan pintaa vasten ja hiekka ker\u00e4\u00e4ntyy pussiin. Sitten vaan hiekan kaataa takaisin s\u00e4ili\u00f6\u00f6n.<\/p>\n<p>Suosituspaine 3,5-5bar<\/p>\n<p>Ilmankulutus 200L\/min<\/p>\n<p>Toimii max 1,4mm raekoolla<\/p>\n","protected":false},"excerpt":{"rendered":"<p>Geko. 2kg alumiinioksidia mukana ja 4 suulaketta.<\/p>\n","protected":false},"featured_media":519,"template":"","meta":{"_monsterinsights_skip_tracking":false,"_monsterinsights_sitenote_active":false,"_monsterinsights_sitenote_note":"","_monsterinsights_sitenote_category":0,"neve_meta_sidebar":"","neve_meta_container":"","neve_meta_enable_content_width":"off","neve_meta_content_width":100,"neve_meta_title_alignment":"","neve_meta_author_avatar":"","neve_post_elements_order":"","neve_meta_disable_header":"","neve_meta_disable_footer":"","neve_meta_disable_title":"","_themeisle_gutenberg_block_has_review":false},"product_brand":[],"product_cat":[44,50],"product_tag":[],"class_list":{"0":"post-518","1":"product","2":"type-product","3":"status-publish","4":"has-post-thumbnail","6":"product_cat-hionta","7":"product_cat-paineilma","9":"first","10":"instock","11":"taxable","12":"shipping-taxable","13":"purchasable","14":"product-type-simple"},"supplier_id":null,"supplier_sku":"","barcode":null,"atum_controlled":true,"out_stock_date":null,"out_stock_threshold":null,"inheritable":false,"inbound_stock":0,"stock_on_hold":0,"sold_today":0,"sales_last_days":0,"reserved_stock":0,"customer_returns":0,"warehouse_damage":0,"lost_in_post":0,"other_logs":0,"out_stock_days":0,"lost_sales":0,"has_location":false,"update_date":"2026-05-13T01:00:19","atum_locations":[],"atum_stock_status":"instock","restock_status":false,"low_stock_amount":"","sales_update_date":"2026-05-13T01:00:19","calc_backorders":null,"aioseo_notices":[],"_links":{"self":[{"href":"https:\/\/www.jimport.fi\/index.php\/wp-json\/wp\/v2\/product\/518","targetHints":{"allow":["GET"]}}],"collection":[{"href":"https:\/\/www.jimport.fi\/index.php\/wp-json\/wp\/v2\/product"}],"about":[{"href":"https:\/\/www.jimport.fi\/index.php\/wp-json\/wp\/v2\/types\/product"}],"version-history":[{"count":4,"href":"https:\/\/www.jimport.fi\/index.php\/wp-json\/wp\/v2\/product\/518\/revisions"}],"predecessor-version":[{"id":4582,"href":"https:\/\/www.jimport.fi\/index.php\/wp-json\/wp\/v2\/product\/518\/revisions\/4582"}],"wp:featuredmedia":[{"embeddable":true,"href":"https:\/\/www.jimport.fi\/index.php\/wp-json\/wp\/v2\/media\/519"}],"wp:attachment":[{"href":"https:\/\/www.jimport.fi\/index.php\/wp-json\/wp\/v2\/media?parent=518"}],"wp:term":[{"taxonomy":"product_brand","embeddable":true,"href":"https:\/\/www.jimport.fi\/index.php\/wp-json\/wp\/v2\/product_brand?post=518"},{"taxonomy":"product_cat","embeddable":true,"href":"https:\/\/www.jimport.fi\/index.php\/wp-json\/wp\/v2\/product_cat?post=518"},{"taxonomy":"product_tag","embeddable":true,"href":"https:\/\/www.jimport.fi\/index.php\/wp-json\/wp\/v2\/product_tag?post=518"}],"curies":[{"name":"wp","href":"https:\/\/api.w.org\/{rel}","templated":true}]}}