{"id":5284,"date":"2023-05-02T12:23:14","date_gmt":"2023-05-02T12:23:14","guid":{"rendered":"https:\/\/www.jimport.fi\/?post_type=product&#038;p=5284"},"modified":"2023-05-18T15:12:47","modified_gmt":"2023-05-18T15:12:47","slug":"lamellilaikka-115mm-p80","status":"publish","type":"product","link":"https:\/\/www.jimport.fi\/index.php\/tuote\/lamellilaikka-115mm-p80\/","title":{"rendered":"Lamellilaikka 115mm P80"},"content":{"rendered":"<h2>Tuotekuvaus<\/h2>\n<p>Kest\u00e4v\u00e4 alumiinioksidikangas, joka on liimattu lasikuitutaustalevyyn. Hiomasegmentit, jotka on liimattu lasikuitulevyyn ter\u00e4svahvistusrenkaalla.<\/p>\n<h3>Tuotteen ominaisuudet<\/h3>\n<ul>\n<li>Ihanteellinen hiontaan, viimeistelyyn, massanpoistoon ja hitsisaumalle<\/li>\n<li>Lasikuituinen kantolevy<\/li>\n<li>K\u00e4ytett\u00e4v\u00e4ksi k\u00e4dess\u00e4 pidett\u00e4vien kulmahiomakoneiden kanssa<\/li>\n<li>Soveltuu k\u00e4ytett\u00e4v\u00e4ksi ter\u00e4kselle, valuraudalle, seoksille ja puulle<\/li>\n<\/ul>\n<h4>Tekniset tiedot<\/h4>\n<ul>\n<li>Hioma-aine: alumiinioksidi<\/li>\n<li>Hiomaliitos: hartsi<\/li>\n<li>Levyn halkaisija: 115 mm<\/li>\n<li>Reik\u00e4: 22,2 mm<\/li>\n<li>Karu: 80<\/li>\n<li>Suurin nopeus [rpm]: 13200<\/li>\n<\/ul>\n","protected":false},"excerpt":{"rendered":"<p class=\"page-title-ui page-title-ui-isk-fix page-title-lq \">Alumiinioksidi lamellilaikka 115mm. Karkeus 80<\/p>\n<div class=\"columns-container-ui clear-after-ui\">\n<div class=\"column-ui gallery-container-ui gallery-container-lq\"><\/div>\n<\/div>\n","protected":false},"featured_media":5286,"template":"","meta":{"_monsterinsights_skip_tracking":false,"_monsterinsights_sitenote_active":false,"_monsterinsights_sitenote_note":"","_monsterinsights_sitenote_category":0,"neve_meta_sidebar":"","neve_meta_container":"","neve_meta_enable_content_width":"off","neve_meta_content_width":100,"neve_meta_title_alignment":"","neve_meta_author_avatar":"","neve_post_elements_order":"","neve_meta_disable_header":"","neve_meta_disable_footer":"","neve_meta_disable_title":"","_themeisle_gutenberg_block_has_review":false},"product_brand":[],"product_cat":[130],"product_tag":[],"class_list":{"0":"post-5284","1":"product","2":"type-product","3":"status-publish","4":"has-post-thumbnail","6":"product_cat-laikat","8":"first","9":"instock","10":"taxable","11":"shipping-taxable","12":"purchasable","13":"product-type-simple"},"supplier_id":null,"supplier_sku":"","barcode":null,"atum_controlled":true,"out_stock_date":null,"out_stock_threshold":null,"inheritable":false,"inbound_stock":null,"stock_on_hold":0,"sold_today":0,"sales_last_days":0,"reserved_stock":null,"customer_returns":null,"warehouse_damage":null,"lost_in_post":null,"other_logs":null,"out_stock_days":0,"lost_sales":0,"has_location":false,"update_date":"2026-04-30T00:32:20","atum_locations":[],"atum_stock_status":"instock","restock_status":false,"low_stock_amount":"","sales_update_date":"2026-04-30T00:32:20","calc_backorders":null,"aioseo_notices":[],"_links":{"self":[{"href":"https:\/\/www.jimport.fi\/index.php\/wp-json\/wp\/v2\/product\/5284","targetHints":{"allow":["GET"]}}],"collection":[{"href":"https:\/\/www.jimport.fi\/index.php\/wp-json\/wp\/v2\/product"}],"about":[{"href":"https:\/\/www.jimport.fi\/index.php\/wp-json\/wp\/v2\/types\/product"}],"version-history":[{"count":1,"href":"https:\/\/www.jimport.fi\/index.php\/wp-json\/wp\/v2\/product\/5284\/revisions"}],"predecessor-version":[{"id":5287,"href":"https:\/\/www.jimport.fi\/index.php\/wp-json\/wp\/v2\/product\/5284\/revisions\/5287"}],"wp:featuredmedia":[{"embeddable":true,"href":"https:\/\/www.jimport.fi\/index.php\/wp-json\/wp\/v2\/media\/5286"}],"wp:attachment":[{"href":"https:\/\/www.jimport.fi\/index.php\/wp-json\/wp\/v2\/media?parent=5284"}],"wp:term":[{"taxonomy":"product_brand","embeddable":true,"href":"https:\/\/www.jimport.fi\/index.php\/wp-json\/wp\/v2\/product_brand?post=5284"},{"taxonomy":"product_cat","embeddable":true,"href":"https:\/\/www.jimport.fi\/index.php\/wp-json\/wp\/v2\/product_cat?post=5284"},{"taxonomy":"product_tag","embeddable":true,"href":"https:\/\/www.jimport.fi\/index.php\/wp-json\/wp\/v2\/product_tag?post=5284"}],"curies":[{"name":"wp","href":"https:\/\/api.w.org\/{rel}","templated":true}]}}