{"id":5288,"date":"2023-05-02T12:32:11","date_gmt":"2023-05-02T12:32:11","guid":{"rendered":"https:\/\/www.jimport.fi\/?post_type=product&#038;p=5288"},"modified":"2024-10-06T15:12:50","modified_gmt":"2024-10-06T12:12:50","slug":"katkaisulaikka-115x1mm","status":"publish","type":"product","link":"https:\/\/www.jimport.fi\/index.php\/tuote\/katkaisulaikka-115x1mm\/","title":{"rendered":"Katkaisulaikka 115x1mm"},"content":{"rendered":"<h2>Tuotekuvaus<\/h2>\n<p>Valmistettu korkealaatuisesta alumiinioksidihiekasta. Lasikuituvahvistettu verkko. Levyt on suunniteltu ter\u00e4srakenteisten, ohutlevyjen, putkien, profiilien nopeaan leikkaamiseen.<\/p>\n<h3>Tuotteen ominaisuudet<\/h3>\n<ul>\n<li>Lasikuituvahvike &#8211; pidempi laikan k\u00e4ytt\u00f6ik\u00e4<\/li>\n<li>Soveltuu vain leikkaamiseen, ei hiontaan<\/li>\n<li>Tehokas leikkaus<\/li>\n<\/ul>\n<h4>Tekniset tiedot<\/h4>\n<ul>\n<li>Tyyppi: Metalli leikkauslaikka<\/li>\n<li>Hioma-aine: alumiinioksidi<\/li>\n<li>Hiomaliitos: synteettinen hartsi<\/li>\n<li>Halkaisija: 115 mm<\/li>\n<li>Paksuus: 1,0 mm<\/li>\n<li>Rei\u00e4n koko: 22,23 mm<\/li>\n<li>Nopeus [rpm]: 13300<\/li>\n<\/ul>\n","protected":false},"excerpt":{"rendered":"<p class=\"page-title-ui page-title-ui-isk-fix page-title-lq \">Katkaisulaikka 115&#215;1,0x22,23mm GEKO<\/p>\n<div class=\"columns-container-ui clear-after-ui\">\n<div class=\"column-ui gallery-container-ui gallery-container-lq\"><\/div>\n<\/div>\n","protected":false},"featured_media":5290,"template":"","meta":{"_monsterinsights_skip_tracking":false,"_monsterinsights_sitenote_active":false,"_monsterinsights_sitenote_note":"","_monsterinsights_sitenote_category":0,"neve_meta_sidebar":"","neve_meta_container":"","neve_meta_enable_content_width":"off","neve_meta_content_width":100,"neve_meta_title_alignment":"","neve_meta_author_avatar":"","neve_post_elements_order":"","neve_meta_disable_header":"","neve_meta_disable_footer":"","neve_meta_disable_title":"","_themeisle_gutenberg_block_has_review":false},"product_brand":[],"product_cat":[130],"product_tag":[],"class_list":{"0":"post-5288","1":"product","2":"type-product","3":"status-publish","4":"has-post-thumbnail","6":"product_cat-laikat","8":"first","9":"instock","10":"taxable","11":"shipping-taxable","12":"purchasable","13":"product-type-simple"},"supplier_id":null,"supplier_sku":"","barcode":null,"atum_controlled":true,"out_stock_date":null,"out_stock_threshold":null,"inheritable":false,"inbound_stock":null,"stock_on_hold":0,"sold_today":0,"sales_last_days":0,"reserved_stock":null,"customer_returns":null,"warehouse_damage":null,"lost_in_post":null,"other_logs":null,"out_stock_days":0,"lost_sales":0,"has_location":false,"update_date":"2026-04-30T00:31:55","atum_locations":[],"atum_stock_status":"instock","restock_status":false,"low_stock_amount":"","sales_update_date":"2026-04-30T00:31:55","calc_backorders":null,"aioseo_notices":[],"_links":{"self":[{"href":"https:\/\/www.jimport.fi\/index.php\/wp-json\/wp\/v2\/product\/5288","targetHints":{"allow":["GET"]}}],"collection":[{"href":"https:\/\/www.jimport.fi\/index.php\/wp-json\/wp\/v2\/product"}],"about":[{"href":"https:\/\/www.jimport.fi\/index.php\/wp-json\/wp\/v2\/types\/product"}],"version-history":[{"count":1,"href":"https:\/\/www.jimport.fi\/index.php\/wp-json\/wp\/v2\/product\/5288\/revisions"}],"predecessor-version":[{"id":5291,"href":"https:\/\/www.jimport.fi\/index.php\/wp-json\/wp\/v2\/product\/5288\/revisions\/5291"}],"wp:featuredmedia":[{"embeddable":true,"href":"https:\/\/www.jimport.fi\/index.php\/wp-json\/wp\/v2\/media\/5290"}],"wp:attachment":[{"href":"https:\/\/www.jimport.fi\/index.php\/wp-json\/wp\/v2\/media?parent=5288"}],"wp:term":[{"taxonomy":"product_brand","embeddable":true,"href":"https:\/\/www.jimport.fi\/index.php\/wp-json\/wp\/v2\/product_brand?post=5288"},{"taxonomy":"product_cat","embeddable":true,"href":"https:\/\/www.jimport.fi\/index.php\/wp-json\/wp\/v2\/product_cat?post=5288"},{"taxonomy":"product_tag","embeddable":true,"href":"https:\/\/www.jimport.fi\/index.php\/wp-json\/wp\/v2\/product_tag?post=5288"}],"curies":[{"name":"wp","href":"https:\/\/api.w.org\/{rel}","templated":true}]}}