{"id":5328,"date":"2023-05-03T06:55:02","date_gmt":"2023-05-03T06:55:02","guid":{"rendered":"https:\/\/www.jimport.fi\/?post_type=product&#038;p=5328"},"modified":"2025-09-10T10:36:32","modified_gmt":"2025-09-10T07:36:32","slug":"akkuporakone-18v-kahdella-akulla","status":"publish","type":"product","link":"https:\/\/www.jimport.fi\/index.php\/tuote\/akkuporakone-18v-kahdella-akulla\/","title":{"rendered":"Akkuporakone 18V kahdella akulla"},"content":{"rendered":"<h2>Tuotekuvaus<\/h2>\n<p>Akkuporakone 18V 2 kpl Li-Ion-akuilla. Ruuvaamiseen ja poraamiseen erilaisiin materiaaleihin.<\/p>\n<h3>Tuotteen ominaisuudet<\/h3>\n<ul>\n<li>Istukan koko\u00a0 10mm<\/li>\n<li>2 x 18V Li-Ion akut<\/li>\n<li>2-vaihdetta ja suunnanvaihto<\/li>\n<li>Sis\u00e4\u00e4nrakennettu LED-ty\u00f6valo<\/li>\n<li>Paino akun kanssa 900g<\/li>\n<\/ul>\n<h4>Tekniset tiedot<\/h4>\n<table>\n<tbody>\n<tr>\n<td>Tehoj\u00e4nnitteen sy\u00f6tt\u00f6<\/td>\n<td>18V<\/td>\n<\/tr>\n<tr>\n<td>Akun ampeeritunnit<\/td>\n<td>1,5 Ah<\/td>\n<\/tr>\n<tr>\n<td>Kuormittamaton nopeus<\/td>\n<td>1. vaihde 0-350\/min; 2. vaihde 0-1350\/min<\/td>\n<\/tr>\n<tr>\n<td>Suurin v\u00e4\u00e4nt\u00f6momentti<\/td>\n<td>20 Nm<\/td>\n<\/tr>\n<tr>\n<td>Kapasiteetti<\/td>\n<td>10mm<\/td>\n<\/tr>\n<tr>\n<td>V\u00e4\u00e4nt\u00f6momentin asetukset<\/td>\n<td>18+1<\/td>\n<\/tr>\n<tr>\n<td>Materiaali<\/td>\n<td>Suuritiheyksinen muovi, kumi<\/td>\n<\/tr>\n<\/tbody>\n<\/table>\n<p>&nbsp;<\/p>\n<h5>Pakkauksen sis\u00e4lt\u00f6:<\/h5>\n<ul>\n<li>1x akkuporakone<\/li>\n<li>2x Li-Ion akku 18V<\/li>\n<li>1x laturi DC 18V<\/li>\n<\/ul>\n","protected":false},"excerpt":{"rendered":"<p>Pikkun\u00e4pp\u00e4r\u00e4 akkuporakone porailuun ja ruuvailuun. Pienikokoinen, mutta silti riitt\u00e4v\u00e4n voimakas yleisimpiin akkuporakoneen k\u00e4ytt\u00f6tarkoituksiin. Korkeus akun kanssa 190mm ja pituus 190mm.<\/p>\n","protected":false},"featured_media":5334,"template":"","meta":{"_monsterinsights_skip_tracking":false,"_monsterinsights_sitenote_active":false,"_monsterinsights_sitenote_note":"","_monsterinsights_sitenote_category":0,"neve_meta_sidebar":"","neve_meta_container":"","neve_meta_enable_content_width":"off","neve_meta_content_width":100,"neve_meta_title_alignment":"","neve_meta_author_avatar":"","neve_post_elements_order":"","neve_meta_disable_header":"","neve_meta_disable_footer":"","neve_meta_disable_title":"","_themeisle_gutenberg_block_has_review":false},"product_brand":[],"product_cat":[58],"product_tag":[],"class_list":{"0":"post-5328","1":"product","2":"type-product","3":"status-publish","4":"has-post-thumbnail","6":"product_cat-sahkotyokaluja","8":"first","9":"outofstock","10":"taxable","11":"shipping-taxable","12":"purchasable","13":"product-type-simple"},"supplier_id":null,"supplier_sku":"","barcode":null,"atum_controlled":true,"out_stock_date":"2025-09-10 10:36:32","out_stock_threshold":null,"inheritable":false,"inbound_stock":null,"stock_on_hold":0,"sold_today":0,"sales_last_days":0,"reserved_stock":null,"customer_returns":null,"warehouse_damage":null,"lost_in_post":null,"other_logs":null,"out_stock_days":228,"lost_sales":1791,"has_location":false,"update_date":"2026-04-27T00:28:42","atum_locations":[],"atum_stock_status":"outofstock","restock_status":false,"low_stock_amount":"","sales_update_date":"2026-04-27T00:28:42","calc_backorders":null,"aioseo_notices":[],"_links":{"self":[{"href":"https:\/\/www.jimport.fi\/index.php\/wp-json\/wp\/v2\/product\/5328","targetHints":{"allow":["GET"]}}],"collection":[{"href":"https:\/\/www.jimport.fi\/index.php\/wp-json\/wp\/v2\/product"}],"about":[{"href":"https:\/\/www.jimport.fi\/index.php\/wp-json\/wp\/v2\/types\/product"}],"version-history":[{"count":1,"href":"https:\/\/www.jimport.fi\/index.php\/wp-json\/wp\/v2\/product\/5328\/revisions"}],"predecessor-version":[{"id":5335,"href":"https:\/\/www.jimport.fi\/index.php\/wp-json\/wp\/v2\/product\/5328\/revisions\/5335"}],"wp:featuredmedia":[{"embeddable":true,"href":"https:\/\/www.jimport.fi\/index.php\/wp-json\/wp\/v2\/media\/5334"}],"wp:attachment":[{"href":"https:\/\/www.jimport.fi\/index.php\/wp-json\/wp\/v2\/media?parent=5328"}],"wp:term":[{"taxonomy":"product_brand","embeddable":true,"href":"https:\/\/www.jimport.fi\/index.php\/wp-json\/wp\/v2\/product_brand?post=5328"},{"taxonomy":"product_cat","embeddable":true,"href":"https:\/\/www.jimport.fi\/index.php\/wp-json\/wp\/v2\/product_cat?post=5328"},{"taxonomy":"product_tag","embeddable":true,"href":"https:\/\/www.jimport.fi\/index.php\/wp-json\/wp\/v2\/product_tag?post=5328"}],"curies":[{"name":"wp","href":"https:\/\/api.w.org\/{rel}","templated":true}]}}