{"id":5426,"date":"2023-05-06T10:38:47","date_gmt":"2023-05-06T10:38:47","guid":{"rendered":"https:\/\/www.jimport.fi\/?post_type=product&#038;p=5426"},"modified":"2023-05-07T15:22:44","modified_gmt":"2023-05-07T15:22:44","slug":"liikennevalo-cccp","status":"publish","type":"product","link":"https:\/\/www.jimport.fi\/index.php\/tuote\/liikennevalo-cccp\/","title":{"rendered":"Liikennevalo CCCP"},"content":{"rendered":"<p>Lada miehen unelma&#8230; Oma liikennevalo, jolla voi harjoitella nopeaa l\u00e4ht\u00f6\u00e4 risteyksest\u00e4. T\u00e4ytt\u00e4 varmuutta siit\u00e4 ei toki ole, ett\u00e4 t\u00e4m\u00e4 olisi liikennevalo..T\u00e4m\u00e4 saattaa olla my\u00f6s Tsernobylin voimalasta unohtunut lauhdevesipumppujen merkkivalo.<\/p>\n","protected":false},"excerpt":{"rendered":"<p>Eritt\u00e4in harvinainen, k\u00e4ytt\u00e4m\u00e4t\u00f6n &#8221;liikenne&#8221; valo Neuvostoliiton ajoilta. Eritt\u00e4in jykev\u00e4\u00e4 tekoa, valettua alumiinia, lasia ja ter\u00e4st\u00e4. E27 hehkulampulle paikka kannessa.<\/p>\n","protected":false},"featured_media":5414,"template":"","meta":{"_monsterinsights_skip_tracking":false,"_monsterinsights_sitenote_active":false,"_monsterinsights_sitenote_note":"","_monsterinsights_sitenote_category":0,"neve_meta_sidebar":"","neve_meta_container":"","neve_meta_enable_content_width":"off","neve_meta_content_width":100,"neve_meta_title_alignment":"","neve_meta_author_avatar":"","neve_post_elements_order":"","neve_meta_disable_header":"","neve_meta_disable_footer":"","neve_meta_disable_title":"","_themeisle_gutenberg_block_has_review":false},"product_brand":[],"product_cat":[121],"product_tag":[],"class_list":{"0":"post-5426","1":"product","2":"type-product","3":"status-publish","4":"has-post-thumbnail","6":"product_cat-man-cave-sisustus","8":"first","9":"instock","10":"taxable","11":"shipping-taxable","12":"purchasable","13":"product-type-simple"},"supplier_id":null,"supplier_sku":"","barcode":null,"atum_controlled":true,"out_stock_date":null,"out_stock_threshold":null,"inheritable":false,"inbound_stock":null,"stock_on_hold":0,"sold_today":0,"sales_last_days":0,"reserved_stock":null,"customer_returns":null,"warehouse_damage":null,"lost_in_post":null,"other_logs":null,"out_stock_days":0,"lost_sales":0,"has_location":false,"update_date":"2026-04-30T00:32:22","atum_locations":[],"atum_stock_status":"instock","restock_status":false,"low_stock_amount":"","sales_update_date":"2026-04-30T00:32:22","calc_backorders":null,"aioseo_notices":[],"_links":{"self":[{"href":"https:\/\/www.jimport.fi\/index.php\/wp-json\/wp\/v2\/product\/5426","targetHints":{"allow":["GET"]}}],"collection":[{"href":"https:\/\/www.jimport.fi\/index.php\/wp-json\/wp\/v2\/product"}],"about":[{"href":"https:\/\/www.jimport.fi\/index.php\/wp-json\/wp\/v2\/types\/product"}],"version-history":[{"count":3,"href":"https:\/\/www.jimport.fi\/index.php\/wp-json\/wp\/v2\/product\/5426\/revisions"}],"predecessor-version":[{"id":5491,"href":"https:\/\/www.jimport.fi\/index.php\/wp-json\/wp\/v2\/product\/5426\/revisions\/5491"}],"wp:featuredmedia":[{"embeddable":true,"href":"https:\/\/www.jimport.fi\/index.php\/wp-json\/wp\/v2\/media\/5414"}],"wp:attachment":[{"href":"https:\/\/www.jimport.fi\/index.php\/wp-json\/wp\/v2\/media?parent=5426"}],"wp:term":[{"taxonomy":"product_brand","embeddable":true,"href":"https:\/\/www.jimport.fi\/index.php\/wp-json\/wp\/v2\/product_brand?post=5426"},{"taxonomy":"product_cat","embeddable":true,"href":"https:\/\/www.jimport.fi\/index.php\/wp-json\/wp\/v2\/product_cat?post=5426"},{"taxonomy":"product_tag","embeddable":true,"href":"https:\/\/www.jimport.fi\/index.php\/wp-json\/wp\/v2\/product_tag?post=5426"}],"curies":[{"name":"wp","href":"https:\/\/api.w.org\/{rel}","templated":true}]}}