{"id":5466,"date":"2023-05-06T16:15:14","date_gmt":"2023-05-06T16:15:14","guid":{"rendered":"https:\/\/www.jimport.fi\/?post_type=product&#038;p=5466"},"modified":"2023-05-07T15:27:40","modified_gmt":"2023-05-07T15:27:40","slug":"levysoitin","status":"publish","type":"product","link":"https:\/\/www.jimport.fi\/index.php\/tuote\/levysoitin\/","title":{"rendered":"Levysoitin"},"content":{"rendered":"<h4>Tekniset tiedot<\/h4>\n<p>Teho: 0W<\/p>\n<p>\u00c4\u00e4ni: Mono<\/p>\n<p>Bluetooth: Ei<\/p>\n<p>Mp3 toisto: Ei<\/p>\n<p>J\u00e4nnite: Riippuu seurasta<\/p>\n<p>Virran kulutus: Useampikin Olavin levy on soitettu<\/p>\n","protected":false},"excerpt":{"rendered":"<p>Wanha A77 kannettava\/veivattava levysoitin, josta puuttuu kaiutin (ollut alun perin sellainen pieni irrallinen mukana, joka sopii tuohon koloon). T\u00e4m\u00e4n tahdissa on aikanaan varmaan jorattu, niin ett\u00e4 on melkein hiki tullut (ainakin sille, joka joutui py\u00f6ritt\u00e4m\u00e4\u00e4n kampea) T\u00e4st\u00e4 voi muokata vaikka v\u00e4h\u00e4n erikoisemman Bluetooth kaiuttimen.<\/p>\n","protected":false},"featured_media":5404,"template":"","meta":{"_monsterinsights_skip_tracking":false,"_monsterinsights_sitenote_active":false,"_monsterinsights_sitenote_note":"","_monsterinsights_sitenote_category":0,"neve_meta_sidebar":"","neve_meta_container":"","neve_meta_enable_content_width":"off","neve_meta_content_width":100,"neve_meta_title_alignment":"","neve_meta_author_avatar":"","neve_post_elements_order":"","neve_meta_disable_header":"","neve_meta_disable_footer":"","neve_meta_disable_title":"","_themeisle_gutenberg_block_has_review":false},"product_brand":[],"product_cat":[121],"product_tag":[],"class_list":{"0":"post-5466","1":"product","2":"type-product","3":"status-publish","4":"has-post-thumbnail","6":"product_cat-man-cave-sisustus","8":"first","9":"instock","10":"taxable","11":"shipping-taxable","12":"purchasable","13":"product-type-simple"},"supplier_id":null,"supplier_sku":"","barcode":null,"atum_controlled":true,"out_stock_date":null,"out_stock_threshold":null,"inheritable":false,"inbound_stock":null,"stock_on_hold":0,"sold_today":0,"sales_last_days":0,"reserved_stock":null,"customer_returns":null,"warehouse_damage":null,"lost_in_post":null,"other_logs":null,"out_stock_days":0,"lost_sales":0,"has_location":false,"update_date":"2026-04-30T00:32:08","atum_locations":[],"atum_stock_status":"instock","restock_status":false,"low_stock_amount":"","sales_update_date":"2026-04-30T00:32:07","calc_backorders":null,"aioseo_notices":[],"_links":{"self":[{"href":"https:\/\/www.jimport.fi\/index.php\/wp-json\/wp\/v2\/product\/5466","targetHints":{"allow":["GET"]}}],"collection":[{"href":"https:\/\/www.jimport.fi\/index.php\/wp-json\/wp\/v2\/product"}],"about":[{"href":"https:\/\/www.jimport.fi\/index.php\/wp-json\/wp\/v2\/types\/product"}],"version-history":[{"count":4,"href":"https:\/\/www.jimport.fi\/index.php\/wp-json\/wp\/v2\/product\/5466\/revisions"}],"predecessor-version":[{"id":5547,"href":"https:\/\/www.jimport.fi\/index.php\/wp-json\/wp\/v2\/product\/5466\/revisions\/5547"}],"wp:featuredmedia":[{"embeddable":true,"href":"https:\/\/www.jimport.fi\/index.php\/wp-json\/wp\/v2\/media\/5404"}],"wp:attachment":[{"href":"https:\/\/www.jimport.fi\/index.php\/wp-json\/wp\/v2\/media?parent=5466"}],"wp:term":[{"taxonomy":"product_brand","embeddable":true,"href":"https:\/\/www.jimport.fi\/index.php\/wp-json\/wp\/v2\/product_brand?post=5466"},{"taxonomy":"product_cat","embeddable":true,"href":"https:\/\/www.jimport.fi\/index.php\/wp-json\/wp\/v2\/product_cat?post=5466"},{"taxonomy":"product_tag","embeddable":true,"href":"https:\/\/www.jimport.fi\/index.php\/wp-json\/wp\/v2\/product_tag?post=5466"}],"curies":[{"name":"wp","href":"https:\/\/api.w.org\/{rel}","templated":true}]}}