{"id":5690,"date":"2023-05-18T15:41:46","date_gmt":"2023-05-18T15:41:46","guid":{"rendered":"https:\/\/www.jimport.fi\/?post_type=product&#038;p=5690"},"modified":"2023-05-18T15:49:05","modified_gmt":"2023-05-18T15:49:05","slug":"dymo-tarranauha-12mm-sininen","status":"publish","type":"product","link":"https:\/\/www.jimport.fi\/index.php\/tuote\/dymo-tarranauha-12mm-sininen\/","title":{"rendered":"Dymo tarranauha 12mm sininen"},"content":{"rendered":"<p class=\"detail-desc-decorate-title\"><strong>Tuotetiedot<\/strong><\/p>\n<p>&nbsp;<\/p>\n<div align=\"start\">Tuotemalli: Dymo D1 45010\/45013\/45016\/45017\/45018\/45019\/45020\/45021\/45022 jne.<\/div>\n<div class=\"detailmodule_text\" align=\"start\">\n<div>V\u00e4ri: musta \/ sinisell\u00e4<\/div>\n<div><span data-spm-anchor-id=\"a2g0o.detail.1000023.i2.6f52552d5BnXAc\">Leveys : 12mm<\/span><\/div>\n<div>Pituus: 7m<\/div>\n<div class=\"detailmodule_text\">\n<div class=\"detailmodule_text\" align=\"start\">\n<div class=\"detailmodule_text\">\n<div class=\"detailmodule_text\" align=\"start\">\n<div class=\"detailmodule_text\" align=\"start\">\n<div>Ominaisuus: vedenpit\u00e4v\u00e4, helppo kuoria, l\u00e4mm\u00f6n kest\u00e4v\u00e4, haalistumaton, kulutusta kest\u00e4v\u00e4.<\/div>\n<\/div>\n<\/div>\n<div><\/div>\n<\/div>\n<\/div>\n<\/div>\n<\/div>\n<p class=\"detail-desc-decorate-title\">\u00a0Sopii tarratulostimiin:<\/p>\n<p class=\"detail-desc-decorate-title\">Dymo COLORPOP Label Maker, Dymo LabelManager 100 120P 150 160 200 210D 220P<\/p>\n<p class=\"detail-desc-decorate-title\"><span data-spm-anchor-id=\"a2g0o.detail.1000023.i0.6f52552d5BnXAc\">\u00a0Dymo 260P 280, 300, 350, 350D, 360D, 400, 420P, 450, 450D 500TS, Dymo LabelManager, PC PC2 PNP<\/span><\/p>\n<p class=\"detail-desc-decorate-title\">\u00a0Dymo LabelManager Wireless PnP, Dymo LabelPoint 100 150 200 250 300 350,<\/p>\n<p class=\"detail-desc-decorate-title\">Dymo LabelWriter 450 Duo, Dymo LabelWriter 450 Turbo, Dymo 1978243 MobileLabeler, Rhino 5200, Rhino 4200<\/p>\n","protected":false},"excerpt":{"rendered":"<p>Dymo yhteensopiva tarranauha. Musta teksti sinisell\u00e4 muovipohjalla. 12mm x 7m<\/p>\n","protected":false},"featured_media":5694,"template":"","meta":{"_monsterinsights_skip_tracking":false,"_monsterinsights_sitenote_active":false,"_monsterinsights_sitenote_note":"","_monsterinsights_sitenote_category":0,"neve_meta_sidebar":"","neve_meta_container":"","neve_meta_enable_content_width":"off","neve_meta_content_width":100,"neve_meta_title_alignment":"","neve_meta_author_avatar":"","neve_post_elements_order":"","neve_meta_disable_header":"","neve_meta_disable_footer":"","neve_meta_disable_title":"","_themeisle_gutenberg_block_has_review":false},"product_brand":[],"product_cat":[134],"product_tag":[],"class_list":{"0":"post-5690","1":"product","2":"type-product","3":"status-publish","4":"has-post-thumbnail","6":"product_cat-merkinta","8":"first","9":"instock","10":"taxable","11":"shipping-taxable","12":"purchasable","13":"product-type-simple"},"supplier_id":null,"supplier_sku":"","barcode":null,"atum_controlled":true,"out_stock_date":null,"out_stock_threshold":null,"inheritable":false,"inbound_stock":null,"stock_on_hold":0,"sold_today":0,"sales_last_days":0,"reserved_stock":null,"customer_returns":null,"warehouse_damage":null,"lost_in_post":null,"other_logs":null,"out_stock_days":0,"lost_sales":0,"has_location":false,"update_date":"2026-04-17T00:02:20","atum_locations":[],"atum_stock_status":"instock","restock_status":false,"low_stock_amount":"","sales_update_date":"2026-04-17T00:02:20","calc_backorders":null,"aioseo_notices":[],"_links":{"self":[{"href":"https:\/\/www.jimport.fi\/index.php\/wp-json\/wp\/v2\/product\/5690","targetHints":{"allow":["GET"]}}],"collection":[{"href":"https:\/\/www.jimport.fi\/index.php\/wp-json\/wp\/v2\/product"}],"about":[{"href":"https:\/\/www.jimport.fi\/index.php\/wp-json\/wp\/v2\/types\/product"}],"version-history":[{"count":1,"href":"https:\/\/www.jimport.fi\/index.php\/wp-json\/wp\/v2\/product\/5690\/revisions"}],"predecessor-version":[{"id":5697,"href":"https:\/\/www.jimport.fi\/index.php\/wp-json\/wp\/v2\/product\/5690\/revisions\/5697"}],"wp:featuredmedia":[{"embeddable":true,"href":"https:\/\/www.jimport.fi\/index.php\/wp-json\/wp\/v2\/media\/5694"}],"wp:attachment":[{"href":"https:\/\/www.jimport.fi\/index.php\/wp-json\/wp\/v2\/media?parent=5690"}],"wp:term":[{"taxonomy":"product_brand","embeddable":true,"href":"https:\/\/www.jimport.fi\/index.php\/wp-json\/wp\/v2\/product_brand?post=5690"},{"taxonomy":"product_cat","embeddable":true,"href":"https:\/\/www.jimport.fi\/index.php\/wp-json\/wp\/v2\/product_cat?post=5690"},{"taxonomy":"product_tag","embeddable":true,"href":"https:\/\/www.jimport.fi\/index.php\/wp-json\/wp\/v2\/product_tag?post=5690"}],"curies":[{"name":"wp","href":"https:\/\/api.w.org\/{rel}","templated":true}]}}