{"id":5736,"date":"2023-05-22T12:18:33","date_gmt":"2023-05-22T12:18:33","guid":{"rendered":"https:\/\/www.jimport.fi\/?post_type=product&#038;p=5736"},"modified":"2023-05-22T12:18:34","modified_gmt":"2023-05-22T12:18:34","slug":"espressokone-aeg","status":"publish","type":"product","link":"https:\/\/www.jimport.fi\/index.php\/tuote\/espressokone-aeg\/","title":{"rendered":"Espressokone AEG"},"content":{"rendered":"<p>Jos kaipaat el\u00e4m\u00e4\u00e4si jotain uutta, mutta et eukkoa raaski vaihtaa ja autokin on viel\u00e4 sis\u00e4\u00e4najossa, t\u00e4m\u00e4 espressokeitin voi tarjota sopivaa vaihtelua ja siit\u00e4 voi nauttia kaveritkin.<\/p>\n<p>T\u00e4t\u00e4 voi k\u00e4ytt\u00e4\u00e4 my\u00f6s, vaikka yhden kupin kahvinkeittimen\u00e4 (v\u00e4h\u00e4n samaan tapaan, kuin kapselikeitint\u00e4)<\/p>\n","protected":false},"excerpt":{"rendered":"<p>Pari kertaa aikanaan kokeiltu AEG Electrolux espressokone mallia TSK-1062. Kahdella kestosuodattimella.<\/p>\n","protected":false},"featured_media":5729,"template":"","meta":{"_monsterinsights_skip_tracking":false,"_monsterinsights_sitenote_active":false,"_monsterinsights_sitenote_note":"","_monsterinsights_sitenote_category":0,"neve_meta_sidebar":"","neve_meta_container":"","neve_meta_enable_content_width":"off","neve_meta_content_width":100,"neve_meta_title_alignment":"","neve_meta_author_avatar":"","neve_post_elements_order":"","neve_meta_disable_header":"","neve_meta_disable_footer":"","neve_meta_disable_title":"","_themeisle_gutenberg_block_has_review":false},"product_brand":[],"product_cat":[121],"product_tag":[],"class_list":{"0":"post-5736","1":"product","2":"type-product","3":"status-publish","4":"has-post-thumbnail","6":"product_cat-man-cave-sisustus","8":"first","9":"instock","10":"taxable","11":"shipping-taxable","12":"purchasable","13":"product-type-simple"},"supplier_id":null,"supplier_sku":"","barcode":null,"atum_controlled":true,"out_stock_date":null,"out_stock_threshold":null,"inheritable":false,"inbound_stock":null,"stock_on_hold":0,"sold_today":0,"sales_last_days":0,"reserved_stock":null,"customer_returns":null,"warehouse_damage":null,"lost_in_post":null,"other_logs":null,"out_stock_days":0,"lost_sales":0,"has_location":false,"update_date":"2026-04-30T00:31:55","atum_locations":[],"atum_stock_status":"instock","restock_status":false,"low_stock_amount":"","sales_update_date":"2026-04-30T00:31:55","calc_backorders":null,"aioseo_notices":[],"_links":{"self":[{"href":"https:\/\/www.jimport.fi\/index.php\/wp-json\/wp\/v2\/product\/5736","targetHints":{"allow":["GET"]}}],"collection":[{"href":"https:\/\/www.jimport.fi\/index.php\/wp-json\/wp\/v2\/product"}],"about":[{"href":"https:\/\/www.jimport.fi\/index.php\/wp-json\/wp\/v2\/types\/product"}],"version-history":[{"count":1,"href":"https:\/\/www.jimport.fi\/index.php\/wp-json\/wp\/v2\/product\/5736\/revisions"}],"predecessor-version":[{"id":5737,"href":"https:\/\/www.jimport.fi\/index.php\/wp-json\/wp\/v2\/product\/5736\/revisions\/5737"}],"wp:featuredmedia":[{"embeddable":true,"href":"https:\/\/www.jimport.fi\/index.php\/wp-json\/wp\/v2\/media\/5729"}],"wp:attachment":[{"href":"https:\/\/www.jimport.fi\/index.php\/wp-json\/wp\/v2\/media?parent=5736"}],"wp:term":[{"taxonomy":"product_brand","embeddable":true,"href":"https:\/\/www.jimport.fi\/index.php\/wp-json\/wp\/v2\/product_brand?post=5736"},{"taxonomy":"product_cat","embeddable":true,"href":"https:\/\/www.jimport.fi\/index.php\/wp-json\/wp\/v2\/product_cat?post=5736"},{"taxonomy":"product_tag","embeddable":true,"href":"https:\/\/www.jimport.fi\/index.php\/wp-json\/wp\/v2\/product_tag?post=5736"}],"curies":[{"name":"wp","href":"https:\/\/api.w.org\/{rel}","templated":true}]}}