{"id":576,"date":"2022-06-08T15:25:39","date_gmt":"2022-06-08T15:25:39","guid":{"rendered":"https:\/\/www.jimport.fi\/?post_type=product&#038;p=576"},"modified":"2025-01-06T09:23:52","modified_gmt":"2025-01-06T06:23:52","slug":"adapterisarja-8os","status":"publish","type":"product","link":"https:\/\/www.jimport.fi\/index.php\/tuote\/adapterisarja-8os\/","title":{"rendered":"Hylsyadapteri-sarja 8os"},"content":{"rendered":"<p>Edullinen sarja jolla saa esim. akkukoneeseen sovitettua hylsyn jos tarvitsee py\u00f6ritell\u00e4 isompia pultteja (nopeuttaa renkaan vaihtoakin jos ei pulttipyssy\u00e4 ole k\u00e4yt\u00f6ss\u00e4 ja akkupora l\u00f6ytyy)<\/p>\n<h2>Tuotekuvaus<\/h2>\n<p>8kpl hylsysovitin ja jatkosarja. 1\/4&#8243; kuusio toimii useimmissa pikavaihtoporakoneissa, porakoneissa ja k\u00e4sity\u00f6kalujen r\u00e4ikk\u00e4koneissa. P\u00e4\u00e4n jousikuormitteinen kuulalaakeri pit\u00e4\u00e4 hylsyt tukevasti. 1\/4&#8243; kuusiovarsi sopii kaikkiin pikavaihtoistukoihin sek\u00e4 tavallisiin poraistukoihin.<\/p>\n<p>8 kpl &amp;; 3 kokoa: 1\/4 x 25\/30\/50\/65 mm, 3\/8 x 50\/65 mm, 1\/2 x 50\/72 mm<\/p>\n<p>&nbsp;<\/p>\n","protected":false},"excerpt":{"rendered":"<p>Hylsyadapterisarja Hylsyjen sovittamiseen porakoneeseen ja ruuvinv\u00e4\u00e4ntimeen.<\/p>\n","protected":false},"featured_media":582,"template":"","meta":{"_monsterinsights_skip_tracking":false,"_monsterinsights_sitenote_active":false,"_monsterinsights_sitenote_note":"","_monsterinsights_sitenote_category":0,"neve_meta_sidebar":"","neve_meta_container":"","neve_meta_enable_content_width":"off","neve_meta_content_width":100,"neve_meta_title_alignment":"","neve_meta_author_avatar":"","neve_post_elements_order":"","neve_meta_disable_header":"","neve_meta_disable_footer":"","neve_meta_disable_title":"","_themeisle_gutenberg_block_has_review":false},"product_brand":[],"product_cat":[58],"product_tag":[],"class_list":{"0":"post-576","1":"product","2":"type-product","3":"status-publish","4":"has-post-thumbnail","6":"product_cat-sahkotyokaluja","8":"first","9":"instock","10":"taxable","11":"shipping-taxable","12":"purchasable","13":"product-type-simple"},"supplier_id":null,"supplier_sku":"","barcode":null,"atum_controlled":true,"out_stock_date":null,"out_stock_threshold":null,"inheritable":false,"inbound_stock":0,"stock_on_hold":0,"sold_today":0,"sales_last_days":0,"reserved_stock":0,"customer_returns":0,"warehouse_damage":0,"lost_in_post":0,"other_logs":0,"out_stock_days":0,"lost_sales":0,"has_location":false,"update_date":"2026-05-13T01:00:19","atum_locations":[],"atum_stock_status":"instock","restock_status":false,"low_stock_amount":"","sales_update_date":"2026-05-13T01:00:19","calc_backorders":null,"aioseo_notices":[],"_links":{"self":[{"href":"https:\/\/www.jimport.fi\/index.php\/wp-json\/wp\/v2\/product\/576","targetHints":{"allow":["GET"]}}],"collection":[{"href":"https:\/\/www.jimport.fi\/index.php\/wp-json\/wp\/v2\/product"}],"about":[{"href":"https:\/\/www.jimport.fi\/index.php\/wp-json\/wp\/v2\/types\/product"}],"version-history":[{"count":4,"href":"https:\/\/www.jimport.fi\/index.php\/wp-json\/wp\/v2\/product\/576\/revisions"}],"predecessor-version":[{"id":5034,"href":"https:\/\/www.jimport.fi\/index.php\/wp-json\/wp\/v2\/product\/576\/revisions\/5034"}],"wp:featuredmedia":[{"embeddable":true,"href":"https:\/\/www.jimport.fi\/index.php\/wp-json\/wp\/v2\/media\/582"}],"wp:attachment":[{"href":"https:\/\/www.jimport.fi\/index.php\/wp-json\/wp\/v2\/media?parent=576"}],"wp:term":[{"taxonomy":"product_brand","embeddable":true,"href":"https:\/\/www.jimport.fi\/index.php\/wp-json\/wp\/v2\/product_brand?post=576"},{"taxonomy":"product_cat","embeddable":true,"href":"https:\/\/www.jimport.fi\/index.php\/wp-json\/wp\/v2\/product_cat?post=576"},{"taxonomy":"product_tag","embeddable":true,"href":"https:\/\/www.jimport.fi\/index.php\/wp-json\/wp\/v2\/product_tag?post=576"}],"curies":[{"name":"wp","href":"https:\/\/api.w.org\/{rel}","templated":true}]}}