{"id":5764,"date":"2023-05-23T14:48:01","date_gmt":"2023-05-23T14:48:01","guid":{"rendered":"https:\/\/www.jimport.fi\/?post_type=product&#038;p=5764"},"modified":"2023-05-23T14:48:02","modified_gmt":"2023-05-23T14:48:02","slug":"led-tyovalo-paneeli-26","status":"publish","type":"product","link":"https:\/\/www.jimport.fi\/index.php\/tuote\/led-tyovalo-paneeli-26\/","title":{"rendered":"Led ty\u00f6valo paneeli 26&#8243;"},"content":{"rendered":"<h2 class=\"default\">Tuotteen kuvaus<\/h2>\n<div id=\"productDescription\" class=\"a-section a-spacing-small\">\n<p>M\u00f6nkij\u00f6ille, projektiajoneuvoille, maastoautoille, kaivinkoneille, py\u00f6r\u00e4kuormaajille, kuorma-autoille, traktoreille ja muille laitteille<br \/>\nTuloj\u00e4nnite: 12-24v<br \/>\nSiru: 3030SMD<br \/>\nIP67<br \/>\nTeho: 648 w<br \/>\nKoko: 658 x65x80mm,<br \/>\nMateriaali: alumiini<br \/>\nV\u00e4ril\u00e4mp\u00f6tila: 6000 k<br \/>\nPaino:\u00a0 1,96 KG<br \/>\nValokulma: 60astetta<\/p>\n<\/div>\n","protected":false},"excerpt":{"rendered":"<p>26&#8243; 108Led paneeli, joka valaisee l\u00e4helle ja kauas. &#8221;648W&#8221; (uskoo ken tahtoo, mutta kirkas on)<\/p>\n","protected":false},"featured_media":5753,"template":"","meta":{"_monsterinsights_skip_tracking":false,"_monsterinsights_sitenote_active":false,"_monsterinsights_sitenote_note":"","_monsterinsights_sitenote_category":0,"neve_meta_sidebar":"","neve_meta_container":"","neve_meta_enable_content_width":"off","neve_meta_content_width":100,"neve_meta_title_alignment":"","neve_meta_author_avatar":"","neve_post_elements_order":"","neve_meta_disable_header":"","neve_meta_disable_footer":"","neve_meta_disable_title":"","_themeisle_gutenberg_block_has_review":false},"product_brand":[],"product_cat":[61],"product_tag":[],"class_list":{"0":"post-5764","1":"product","2":"type-product","3":"status-publish","4":"has-post-thumbnail","6":"product_cat-valoja","8":"first","9":"instock","10":"taxable","11":"shipping-taxable","12":"purchasable","13":"product-type-simple"},"supplier_id":null,"supplier_sku":"","barcode":null,"atum_controlled":true,"out_stock_date":null,"out_stock_threshold":null,"inheritable":false,"inbound_stock":null,"stock_on_hold":0,"sold_today":0,"sales_last_days":0,"reserved_stock":null,"customer_returns":null,"warehouse_damage":null,"lost_in_post":null,"other_logs":null,"out_stock_days":0,"lost_sales":0,"has_location":false,"update_date":"2026-05-13T01:00:09","atum_locations":[],"atum_stock_status":"instock","restock_status":false,"low_stock_amount":"","sales_update_date":"2026-05-13T01:00:09","calc_backorders":null,"aioseo_notices":[],"_links":{"self":[{"href":"https:\/\/www.jimport.fi\/index.php\/wp-json\/wp\/v2\/product\/5764","targetHints":{"allow":["GET"]}}],"collection":[{"href":"https:\/\/www.jimport.fi\/index.php\/wp-json\/wp\/v2\/product"}],"about":[{"href":"https:\/\/www.jimport.fi\/index.php\/wp-json\/wp\/v2\/types\/product"}],"version-history":[{"count":1,"href":"https:\/\/www.jimport.fi\/index.php\/wp-json\/wp\/v2\/product\/5764\/revisions"}],"predecessor-version":[{"id":5765,"href":"https:\/\/www.jimport.fi\/index.php\/wp-json\/wp\/v2\/product\/5764\/revisions\/5765"}],"wp:featuredmedia":[{"embeddable":true,"href":"https:\/\/www.jimport.fi\/index.php\/wp-json\/wp\/v2\/media\/5753"}],"wp:attachment":[{"href":"https:\/\/www.jimport.fi\/index.php\/wp-json\/wp\/v2\/media?parent=5764"}],"wp:term":[{"taxonomy":"product_brand","embeddable":true,"href":"https:\/\/www.jimport.fi\/index.php\/wp-json\/wp\/v2\/product_brand?post=5764"},{"taxonomy":"product_cat","embeddable":true,"href":"https:\/\/www.jimport.fi\/index.php\/wp-json\/wp\/v2\/product_cat?post=5764"},{"taxonomy":"product_tag","embeddable":true,"href":"https:\/\/www.jimport.fi\/index.php\/wp-json\/wp\/v2\/product_tag?post=5764"}],"curies":[{"name":"wp","href":"https:\/\/api.w.org\/{rel}","templated":true}]}}