{"id":5778,"date":"2023-05-28T10:43:57","date_gmt":"2023-05-28T10:43:57","guid":{"rendered":"https:\/\/www.jimport.fi\/?post_type=product&#038;p=5778"},"modified":"2024-08-26T18:43:00","modified_gmt":"2024-08-26T15:43:00","slug":"polttoaine-sihti","status":"publish","type":"product","link":"https:\/\/www.jimport.fi\/index.php\/tuote\/polttoaine-sihti\/","title":{"rendered":"Polttoaine-sihti"},"content":{"rendered":"<p>Sopii Hitacheihin, mutta mitoista voi tarkistaa sopivuutta, my\u00f6s muihin merkkeihin.<\/p>\n","protected":false},"excerpt":{"rendered":"<p>Polttoaines\u00e4ili\u00f6n t\u00e4ytt\u00f6aukkoon tarkoitettu sihti, joka est\u00e4\u00e4 tehokkaasti ep\u00e4puhtauksien joutumista polttoaineen sekaan. Sihdiss\u00e4 on my\u00f6s koho\/ puikko, joka ilmaisee s\u00e4ili\u00f6n t\u00e4ynn\u00e4 olemisen.<\/p>\n","protected":false},"featured_media":5779,"template":"","meta":{"_monsterinsights_skip_tracking":false,"_monsterinsights_sitenote_active":false,"_monsterinsights_sitenote_note":"","_monsterinsights_sitenote_category":0,"neve_meta_sidebar":"","neve_meta_container":"","neve_meta_enable_content_width":"off","neve_meta_content_width":100,"neve_meta_title_alignment":"","neve_meta_author_avatar":"","neve_post_elements_order":"","neve_meta_disable_header":"","neve_meta_disable_footer":"","neve_meta_disable_title":"","_themeisle_gutenberg_block_has_review":false},"product_brand":[],"product_cat":[73],"product_tag":[],"class_list":{"0":"post-5778","1":"product","2":"type-product","3":"status-publish","4":"has-post-thumbnail","6":"product_cat-hitachi-tavaraa","8":"first","9":"outofstock","10":"taxable","11":"shipping-taxable","12":"purchasable","13":"product-type-simple"},"supplier_id":null,"supplier_sku":"","barcode":null,"atum_controlled":true,"out_stock_date":"2024-08-26 18:43:01","out_stock_threshold":null,"inheritable":false,"inbound_stock":0,"stock_on_hold":0,"sold_today":0,"sales_last_days":0,"reserved_stock":0,"customer_returns":0,"warehouse_damage":0,"lost_in_post":0,"other_logs":0,"out_stock_days":610,"lost_sales":3398,"has_location":false,"update_date":"2026-04-29T00:32:03","atum_locations":[],"atum_stock_status":"outofstock","restock_status":false,"low_stock_amount":"","sales_update_date":"2026-04-29T00:32:03","calc_backorders":null,"aioseo_notices":[],"_links":{"self":[{"href":"https:\/\/www.jimport.fi\/index.php\/wp-json\/wp\/v2\/product\/5778","targetHints":{"allow":["GET"]}}],"collection":[{"href":"https:\/\/www.jimport.fi\/index.php\/wp-json\/wp\/v2\/product"}],"about":[{"href":"https:\/\/www.jimport.fi\/index.php\/wp-json\/wp\/v2\/types\/product"}],"version-history":[{"count":1,"href":"https:\/\/www.jimport.fi\/index.php\/wp-json\/wp\/v2\/product\/5778\/revisions"}],"predecessor-version":[{"id":5781,"href":"https:\/\/www.jimport.fi\/index.php\/wp-json\/wp\/v2\/product\/5778\/revisions\/5781"}],"wp:featuredmedia":[{"embeddable":true,"href":"https:\/\/www.jimport.fi\/index.php\/wp-json\/wp\/v2\/media\/5779"}],"wp:attachment":[{"href":"https:\/\/www.jimport.fi\/index.php\/wp-json\/wp\/v2\/media?parent=5778"}],"wp:term":[{"taxonomy":"product_brand","embeddable":true,"href":"https:\/\/www.jimport.fi\/index.php\/wp-json\/wp\/v2\/product_brand?post=5778"},{"taxonomy":"product_cat","embeddable":true,"href":"https:\/\/www.jimport.fi\/index.php\/wp-json\/wp\/v2\/product_cat?post=5778"},{"taxonomy":"product_tag","embeddable":true,"href":"https:\/\/www.jimport.fi\/index.php\/wp-json\/wp\/v2\/product_tag?post=5778"}],"curies":[{"name":"wp","href":"https:\/\/api.w.org\/{rel}","templated":true}]}}