{"id":578,"date":"2022-06-08T15:27:44","date_gmt":"2022-06-08T15:27:44","guid":{"rendered":"https:\/\/www.jimport.fi\/?post_type=product&#038;p=578"},"modified":"2023-08-18T11:55:26","modified_gmt":"2023-08-18T08:55:26","slug":"adapterisarja-6os-2","status":"publish","type":"product","link":"https:\/\/www.jimport.fi\/index.php\/tuote\/adapterisarja-6os-2\/","title":{"rendered":"Adapterisarja 6os"},"content":{"rendered":"<p>Edullinen sarja jolla saa esim. akkukoneeseen sovitettua hylsyn jos tarvitsee py\u00f6ritell\u00e4 isompia pultteja (nopeuttaa renkaan vaihtoakin jos ei pulttipyssy\u00e4 ole k\u00e4yt\u00f6ss\u00e4 ja akkupora l\u00f6ytyy)<\/p>\n<h3>Tuotteen ominaisuudet<\/h3>\n<p>Jokainen adapteri on valmistettu l\u00e4mp\u00f6k\u00e4sitellyst\u00e4 karkaistusta kromivanadiini (CR-V) -seosty\u00f6kaluter\u00e4ksest\u00e4.<\/p>\n<p>Jousikuormitteinen kuulalaakeri p\u00e4\u00e4ss\u00e4.<\/p>\n<p>Kaikki adapterit ovat 1\/4&#8243; kuusiovarsia.<\/p>\n<p>&nbsp;<\/p>\n<h4>\u00a0sis\u00e4lt\u00f6<\/h4>\n<ul>\n<li>1\/4, 3\/8, 1\/2 tuumaa, pituus 50mm<\/li>\n<li>1\/4, 3\/8, 1\/2 tuumaa, pituus 150mm<\/li>\n<\/ul>\n<p>&nbsp;<\/p>\n","protected":false},"excerpt":{"rendered":"<p>Hylsyjen sovittamiseen porakoneeseen ja ruuvinv\u00e4\u00e4ntimeen. 150mm ja 50mm<\/p>\n","protected":false},"featured_media":580,"template":"","meta":{"_monsterinsights_skip_tracking":false,"_monsterinsights_sitenote_active":false,"_monsterinsights_sitenote_note":"","_monsterinsights_sitenote_category":0,"neve_meta_sidebar":"","neve_meta_container":"","neve_meta_enable_content_width":"off","neve_meta_content_width":100,"neve_meta_title_alignment":"","neve_meta_author_avatar":"","neve_post_elements_order":"","neve_meta_disable_header":"","neve_meta_disable_footer":"","neve_meta_disable_title":"","_themeisle_gutenberg_block_has_review":false},"product_brand":[],"product_cat":[58],"product_tag":[],"class_list":{"0":"post-578","1":"product","2":"type-product","3":"status-publish","4":"has-post-thumbnail","6":"product_cat-sahkotyokaluja","8":"first","9":"instock","10":"taxable","11":"shipping-taxable","12":"purchasable","13":"product-type-simple"},"supplier_id":null,"supplier_sku":"","barcode":null,"atum_controlled":true,"out_stock_date":null,"out_stock_threshold":null,"inheritable":false,"inbound_stock":0,"stock_on_hold":0,"sold_today":0,"sales_last_days":0,"reserved_stock":0,"customer_returns":0,"warehouse_damage":0,"lost_in_post":0,"other_logs":0,"out_stock_days":0,"lost_sales":0,"has_location":false,"update_date":"2026-05-01T00:37:06","atum_locations":[],"atum_stock_status":"instock","restock_status":false,"low_stock_amount":"","sales_update_date":"2026-05-01T00:37:06","calc_backorders":null,"aioseo_notices":[],"_links":{"self":[{"href":"https:\/\/www.jimport.fi\/index.php\/wp-json\/wp\/v2\/product\/578","targetHints":{"allow":["GET"]}}],"collection":[{"href":"https:\/\/www.jimport.fi\/index.php\/wp-json\/wp\/v2\/product"}],"about":[{"href":"https:\/\/www.jimport.fi\/index.php\/wp-json\/wp\/v2\/types\/product"}],"version-history":[{"count":3,"href":"https:\/\/www.jimport.fi\/index.php\/wp-json\/wp\/v2\/product\/578\/revisions"}],"predecessor-version":[{"id":5032,"href":"https:\/\/www.jimport.fi\/index.php\/wp-json\/wp\/v2\/product\/578\/revisions\/5032"}],"wp:featuredmedia":[{"embeddable":true,"href":"https:\/\/www.jimport.fi\/index.php\/wp-json\/wp\/v2\/media\/580"}],"wp:attachment":[{"href":"https:\/\/www.jimport.fi\/index.php\/wp-json\/wp\/v2\/media?parent=578"}],"wp:term":[{"taxonomy":"product_brand","embeddable":true,"href":"https:\/\/www.jimport.fi\/index.php\/wp-json\/wp\/v2\/product_brand?post=578"},{"taxonomy":"product_cat","embeddable":true,"href":"https:\/\/www.jimport.fi\/index.php\/wp-json\/wp\/v2\/product_cat?post=578"},{"taxonomy":"product_tag","embeddable":true,"href":"https:\/\/www.jimport.fi\/index.php\/wp-json\/wp\/v2\/product_tag?post=578"}],"curies":[{"name":"wp","href":"https:\/\/api.w.org\/{rel}","templated":true}]}}