{"id":5880,"date":"2023-06-24T07:53:26","date_gmt":"2023-06-24T04:53:26","guid":{"rendered":"https:\/\/www.jimport.fi\/?post_type=product&#038;p=5880"},"modified":"2025-05-15T15:38:09","modified_gmt":"2025-05-15T12:38:09","slug":"numero-kirjainmeistit-36os-6mm","status":"publish","type":"product","link":"https:\/\/www.jimport.fi\/index.php\/tuote\/numero-kirjainmeistit-36os-6mm\/","title":{"rendered":"Numero\/kirjainmeistit 36os 6mm"},"content":{"rendered":"<h2>Tuotekuvaus<\/h2>\n<p><strong>Korkealaatuisesta karkaistusta hiiliter\u00e4ksest\u00e4<\/strong> valmistettu meistisarja, joka koostuu 6 mm korkeista kirjaimista <strong>A-Z, &amp;-merkist\u00e4 ja numeroista 0-9.<\/strong><\/p>\n<p>Meistit on suunniteltu eri elementtien ja osien <strong>pysyv\u00e4\u00e4n merkint\u00e4\u00e4n<\/strong>. T\u00e4ydellinen teollisuudelle, autopalveluille, ty\u00f6kalupalveluille jne.<\/p>\n<h4>Tuotteen ominaisuudet:<\/h4>\n<ul>\n<li>valmistettu karkaistusta hiiliter\u00e4ksest\u00e4<\/li>\n<li>6 mm:n merkkikorkeus<\/li>\n<li>kirjaimet A:sta Z:aan ja &amp;-merkki<\/li>\n<li>numerot 0-9<\/li>\n<li>toimitetaan muovilaatikossa<\/li>\n<\/ul>\n<h4>Tekniset:<\/h4>\n<p>Materiaali:\u00a0<strong>karkaistu hiiliter\u00e4s<\/strong><\/p>\n<p>Meistien m\u00e4\u00e4r\u00e4: <strong>36<\/strong><\/p>\n<p>Merkin korkeus:\u00a0<strong>6 mm<\/strong><\/p>\n","protected":false},"excerpt":{"rendered":"<p>Kattava meistisarja pysyv\u00e4\u00e4n merkint\u00e4\u00e4n. 6mm koko.<\/p>\n","protected":false},"featured_media":5881,"template":"","meta":{"_monsterinsights_skip_tracking":false,"_monsterinsights_sitenote_active":false,"_monsterinsights_sitenote_note":"","_monsterinsights_sitenote_category":0,"neve_meta_sidebar":"","neve_meta_container":"","neve_meta_enable_content_width":"off","neve_meta_content_width":100,"neve_meta_title_alignment":"","neve_meta_author_avatar":"","neve_post_elements_order":"","neve_meta_disable_header":"","neve_meta_disable_footer":"","neve_meta_disable_title":"","_themeisle_gutenberg_block_has_review":false},"product_brand":[],"product_cat":[134,104],"product_tag":[],"class_list":{"0":"post-5880","1":"product","2":"type-product","3":"status-publish","4":"has-post-thumbnail","6":"product_cat-merkinta","7":"product_cat-taltat-ja-meistit","9":"first","10":"outofstock","11":"taxable","12":"shipping-taxable","13":"purchasable","14":"product-type-simple"},"supplier_id":null,"supplier_sku":"","barcode":null,"atum_controlled":true,"out_stock_date":"2025-05-15 15:38:09","out_stock_threshold":null,"inheritable":false,"inbound_stock":null,"stock_on_hold":0,"sold_today":0,"sales_last_days":0,"reserved_stock":null,"customer_returns":null,"warehouse_damage":null,"lost_in_post":null,"other_logs":null,"out_stock_days":349,"lost_sales":897,"has_location":false,"update_date":"2026-04-30T00:32:04","atum_locations":[],"atum_stock_status":"outofstock","restock_status":false,"low_stock_amount":"","sales_update_date":"2026-04-30T00:32:04","calc_backorders":null,"aioseo_notices":[],"_links":{"self":[{"href":"https:\/\/www.jimport.fi\/index.php\/wp-json\/wp\/v2\/product\/5880","targetHints":{"allow":["GET"]}}],"collection":[{"href":"https:\/\/www.jimport.fi\/index.php\/wp-json\/wp\/v2\/product"}],"about":[{"href":"https:\/\/www.jimport.fi\/index.php\/wp-json\/wp\/v2\/types\/product"}],"version-history":[{"count":1,"href":"https:\/\/www.jimport.fi\/index.php\/wp-json\/wp\/v2\/product\/5880\/revisions"}],"predecessor-version":[{"id":5882,"href":"https:\/\/www.jimport.fi\/index.php\/wp-json\/wp\/v2\/product\/5880\/revisions\/5882"}],"wp:featuredmedia":[{"embeddable":true,"href":"https:\/\/www.jimport.fi\/index.php\/wp-json\/wp\/v2\/media\/5881"}],"wp:attachment":[{"href":"https:\/\/www.jimport.fi\/index.php\/wp-json\/wp\/v2\/media?parent=5880"}],"wp:term":[{"taxonomy":"product_brand","embeddable":true,"href":"https:\/\/www.jimport.fi\/index.php\/wp-json\/wp\/v2\/product_brand?post=5880"},{"taxonomy":"product_cat","embeddable":true,"href":"https:\/\/www.jimport.fi\/index.php\/wp-json\/wp\/v2\/product_cat?post=5880"},{"taxonomy":"product_tag","embeddable":true,"href":"https:\/\/www.jimport.fi\/index.php\/wp-json\/wp\/v2\/product_tag?post=5880"}],"curies":[{"name":"wp","href":"https:\/\/api.w.org\/{rel}","templated":true}]}}