{"id":5894,"date":"2023-06-24T08:36:40","date_gmt":"2023-06-24T08:36:40","guid":{"rendered":"https:\/\/www.jimport.fi\/?post_type=product&#038;p=5894"},"modified":"2023-06-24T08:36:41","modified_gmt":"2023-06-24T08:36:41","slug":"tynnyripumppu-veivattava","status":"publish","type":"product","link":"https:\/\/www.jimport.fi\/index.php\/tuote\/tynnyripumppu-veivattava\/","title":{"rendered":"Tynnyripumppu veivattava"},"content":{"rendered":"<h2>Tuotekuvaus<\/h2>\n<p>Valurautainen py\u00f6riv\u00e4 k\u00e4sipolttoainepumppu on taloudellinen ja yksinkertainen ratkaisu dieselin ja \u00f6ljyn manuaaliseen annosteluun p\u00e4\u00e4asiassa tynnyreist\u00e4. T\u00e4m\u00e4 siirtopumppu on varustettu 2&#8243; urospuolisella BSP-tynnyrisovittimella ja kolmiosaisella j\u00e4yk\u00e4ll\u00e4 imuputkella (L = 1000mm).<\/p>\n<h3>Tuotteen ominaisuudet<\/h3>\n<ul>\n<li>K\u00e4sik\u00e4ytt\u00f6inen<\/li>\n<li>K\u00e4yt\u00e4 tynnyreiss\u00e4, tynnyreiss\u00e4 ja pieniss\u00e4 s\u00e4ili\u00f6iss\u00e4<\/li>\n<li>Valurautainen rakenne<\/li>\n<li>3 osa 1 m pituinen imuputki<\/li>\n<li>imuputki 1&#8243; halkaisija<\/li>\n<li>25 mm taivutettu annosteluputki<\/li>\n<li>2&#8243; BSP-piippusovitin<\/li>\n<li>Suurin virtausnopeus jopa 25 litraa minuutissa<\/li>\n<li>Sopii enint\u00e4\u00e4n 210 litran tynnyreille<\/li>\n<\/ul>\n<h4>Tekniset tiedot<\/h4>\n<ul>\n<li>Keskitaso: kaikki \u00f6ljylajit, diesel, kerosiini, hydraulineste, voitelu\u00f6ljy, pakkasneste (etyleeniglykoli), muut sy\u00f6vytt\u00e4m\u00e4tt\u00f6m\u00e4t nesteet<\/li>\n<li>Asennus: 2&#8243; BSP-piippusovitin<\/li>\n<li>imuputken pituus: 1000 mm<\/li>\n<li>Kokonaispituus: 1270 mm<\/li>\n<li>Viskositeetti: 440 cSt \/ SAE30<\/li>\n<li>Materiaali: Valurauta, sintrauster\u00e4s, nitriili<\/li>\n<\/ul>\n","protected":false},"excerpt":{"rendered":"<p>Valurautainen veivipumppu \u00f6ljyille ja sy\u00f6vytt\u00e4m\u00e4tt\u00f6mille nesteille. Geko<\/p>\n","protected":false},"featured_media":5896,"template":"","meta":{"_monsterinsights_skip_tracking":false,"_monsterinsights_sitenote_active":false,"_monsterinsights_sitenote_note":"","_monsterinsights_sitenote_category":0,"neve_meta_sidebar":"","neve_meta_container":"","neve_meta_enable_content_width":"off","neve_meta_content_width":100,"neve_meta_title_alignment":"","neve_meta_author_avatar":"","neve_post_elements_order":"","neve_meta_disable_header":"","neve_meta_disable_footer":"","neve_meta_disable_title":"","_themeisle_gutenberg_block_has_review":false},"product_brand":[],"product_cat":[60],"product_tag":[],"class_list":{"0":"post-5894","1":"product","2":"type-product","3":"status-publish","4":"has-post-thumbnail","6":"product_cat-tankkaus","8":"first","9":"instock","10":"taxable","11":"shipping-taxable","12":"purchasable","13":"product-type-simple"},"supplier_id":null,"supplier_sku":"","barcode":null,"atum_controlled":true,"out_stock_date":null,"out_stock_threshold":null,"inheritable":false,"inbound_stock":null,"stock_on_hold":0,"sold_today":0,"sales_last_days":0,"reserved_stock":null,"customer_returns":null,"warehouse_damage":null,"lost_in_post":null,"other_logs":null,"out_stock_days":0,"lost_sales":0,"has_location":false,"update_date":"2026-04-30T00:31:49","atum_locations":[],"atum_stock_status":"instock","restock_status":false,"low_stock_amount":"","sales_update_date":"2026-04-30T00:31:49","calc_backorders":null,"aioseo_notices":[],"_links":{"self":[{"href":"https:\/\/www.jimport.fi\/index.php\/wp-json\/wp\/v2\/product\/5894","targetHints":{"allow":["GET"]}}],"collection":[{"href":"https:\/\/www.jimport.fi\/index.php\/wp-json\/wp\/v2\/product"}],"about":[{"href":"https:\/\/www.jimport.fi\/index.php\/wp-json\/wp\/v2\/types\/product"}],"version-history":[{"count":2,"href":"https:\/\/www.jimport.fi\/index.php\/wp-json\/wp\/v2\/product\/5894\/revisions"}],"predecessor-version":[{"id":5899,"href":"https:\/\/www.jimport.fi\/index.php\/wp-json\/wp\/v2\/product\/5894\/revisions\/5899"}],"wp:featuredmedia":[{"embeddable":true,"href":"https:\/\/www.jimport.fi\/index.php\/wp-json\/wp\/v2\/media\/5896"}],"wp:attachment":[{"href":"https:\/\/www.jimport.fi\/index.php\/wp-json\/wp\/v2\/media?parent=5894"}],"wp:term":[{"taxonomy":"product_brand","embeddable":true,"href":"https:\/\/www.jimport.fi\/index.php\/wp-json\/wp\/v2\/product_brand?post=5894"},{"taxonomy":"product_cat","embeddable":true,"href":"https:\/\/www.jimport.fi\/index.php\/wp-json\/wp\/v2\/product_cat?post=5894"},{"taxonomy":"product_tag","embeddable":true,"href":"https:\/\/www.jimport.fi\/index.php\/wp-json\/wp\/v2\/product_tag?post=5894"}],"curies":[{"name":"wp","href":"https:\/\/api.w.org\/{rel}","templated":true}]}}