{"id":5898,"date":"2023-06-24T09:22:51","date_gmt":"2023-06-24T09:22:51","guid":{"rendered":"https:\/\/www.jimport.fi\/?post_type=product&#038;p=5898"},"modified":"2025-02-26T20:07:12","modified_gmt":"2025-02-26T17:07:12","slug":"tankkauspumppusarja-230v-600w","status":"publish","type":"product","link":"https:\/\/www.jimport.fi\/index.php\/tuote\/tankkauspumppusarja-230v-600w\/","title":{"rendered":"Tankkauspumppu-sarja 230V 600W"},"content":{"rendered":"<h2>Tuotekuvaus<\/h2>\n<p>230 V: n s\u00e4hk\u00f6inen dieselsiirtopumppu 600W suoralla vaihteistolla ja sis\u00e4isell\u00e4 kierr\u00e4tyksell\u00e4 pumpun k\u00e4ytt\u00f6i\u00e4n pident\u00e4miseksi. Ihanteellinen dieselin, kevyiden \u00f6ljyjen ja kerosiinin siirtoon. Valurautainen pumpun kotelo, k\u00e4sitelty korroosiota vastaan ja maalattu.<\/p>\n<p>EI saa k\u00e4ytt\u00e4\u00e4 bensiinin, alkoholin, biodieselin, dieselin korvikkeen tai muun palavan nesteen\/polttoaineen kanssa.<\/p>\n<h3>Tuotteen ominaisuudet<\/h3>\n<ul>\n<li>J\u00e4nnite 230V AC<\/li>\n<li>Tehokas moottori 600 W: lla<\/li>\n<li>Kest\u00e4v\u00e4 automaattisesti sammuttava polttoainesuutin<\/li>\n<li>K\u00e4tev\u00e4 suutinpidike<\/li>\n<li>Joustavat, pitk\u00e4ik\u00e4iset letkut<\/li>\n<li>2m kirkas imuletku vahvistettu lankak\u00e4\u00e4mityksell\u00e4<\/li>\n<li>4m kirkas sy\u00f6tt\u00f6letku<\/li>\n<li>Tulo- ja ulostulon halkaisija: 1&#8243;<\/li>\n<li>Sis\u00e4lt\u00e4\u00e4 takaiskuventtiilin<\/li>\n<li>Monipuolinen k\u00e4ytt\u00f6 \u00f6ljylle, dieselbensiinille ja kerosiinille<\/li>\n<li>Suuri ulostulonopeus jopa 2400 l\/h<\/li>\n<li>3-numeroinen mekaaninen virtausmittari n\u00e4ytt\u00e4\u00e4 virran virtauksen 999,9 litraan asti ja 6-numeroinen summaaja (ei nollattavissa)<\/li>\n<li>2 messinkiliit\u00e4nt\u00e4\u00e4<\/li>\n<\/ul>\n<h4>Tekniset tiedot<\/h4>\n<ul>\n<li>Teho: 600W<\/li>\n<li>tuloj\u00e4nnite: 230V<\/li>\n<li>Ylivuotoventtiili: Kyll\u00e4<\/li>\n<li>Suodatin: Kyll\u00e4<\/li>\n<li>Kuormittamaton nopeus: 2,800 rpm<\/li>\n<li>Suurin imu: 8 m<\/li>\n<li>Suurin nosto: 28 m<\/li>\n<li>Virtausnopeus: jopa 40 l \/ min<\/li>\n<li>Tulo- ja ulostulon halkaisija: 1&#8243;<\/li>\n<\/ul>\n<h4>Pakkauksen sis\u00e4lt\u00f6:<\/h4>\n<ul>\n<li>1x 230V DC itseimev\u00e4 s\u00e4hk\u00f6pumppu<\/li>\n<li>1x imuletku 2 m<\/li>\n<li>1x laadukas sy\u00f6tt\u00f6letku 4 m<\/li>\n<li>4x liittimet tiivisteill\u00e4<\/li>\n<li>1x mikroverkkosuodatin<\/li>\n<\/ul>\n","protected":false},"excerpt":{"rendered":"<p>T\u00e4ydellinen tankkauspumppusarja ty\u00f6koneiden \/ ajoneuvojen tankkaamiseen ja muuhun \u00f6ljyjen siirtoon. Ei palaville aineille. Geko<\/p>\n","protected":false},"featured_media":5900,"template":"","meta":{"_monsterinsights_skip_tracking":false,"_monsterinsights_sitenote_active":false,"_monsterinsights_sitenote_note":"","_monsterinsights_sitenote_category":0,"neve_meta_sidebar":"","neve_meta_container":"","neve_meta_enable_content_width":"off","neve_meta_content_width":100,"neve_meta_title_alignment":"","neve_meta_author_avatar":"","neve_post_elements_order":"","neve_meta_disable_header":"","neve_meta_disable_footer":"","neve_meta_disable_title":"","_themeisle_gutenberg_block_has_review":false},"product_brand":[],"product_cat":[60],"product_tag":[],"class_list":{"0":"post-5898","1":"product","2":"type-product","3":"status-publish","4":"has-post-thumbnail","6":"product_cat-tankkaus","8":"first","9":"instock","10":"taxable","11":"shipping-taxable","12":"purchasable","13":"product-type-simple"},"supplier_id":null,"supplier_sku":"","barcode":null,"atum_controlled":true,"out_stock_date":null,"out_stock_threshold":null,"inheritable":false,"inbound_stock":0,"stock_on_hold":0,"sold_today":0,"sales_last_days":0,"reserved_stock":0,"customer_returns":0,"warehouse_damage":0,"lost_in_post":0,"other_logs":0,"out_stock_days":0,"lost_sales":0,"has_location":false,"update_date":"2026-04-21T00:15:26","atum_locations":[],"atum_stock_status":"instock","restock_status":false,"low_stock_amount":"","sales_update_date":"2026-04-21T00:15:26","calc_backorders":null,"aioseo_notices":[],"_links":{"self":[{"href":"https:\/\/www.jimport.fi\/index.php\/wp-json\/wp\/v2\/product\/5898","targetHints":{"allow":["GET"]}}],"collection":[{"href":"https:\/\/www.jimport.fi\/index.php\/wp-json\/wp\/v2\/product"}],"about":[{"href":"https:\/\/www.jimport.fi\/index.php\/wp-json\/wp\/v2\/types\/product"}],"version-history":[{"count":2,"href":"https:\/\/www.jimport.fi\/index.php\/wp-json\/wp\/v2\/product\/5898\/revisions"}],"predecessor-version":[{"id":6102,"href":"https:\/\/www.jimport.fi\/index.php\/wp-json\/wp\/v2\/product\/5898\/revisions\/6102"}],"wp:featuredmedia":[{"embeddable":true,"href":"https:\/\/www.jimport.fi\/index.php\/wp-json\/wp\/v2\/media\/5900"}],"wp:attachment":[{"href":"https:\/\/www.jimport.fi\/index.php\/wp-json\/wp\/v2\/media?parent=5898"}],"wp:term":[{"taxonomy":"product_brand","embeddable":true,"href":"https:\/\/www.jimport.fi\/index.php\/wp-json\/wp\/v2\/product_brand?post=5898"},{"taxonomy":"product_cat","embeddable":true,"href":"https:\/\/www.jimport.fi\/index.php\/wp-json\/wp\/v2\/product_cat?post=5898"},{"taxonomy":"product_tag","embeddable":true,"href":"https:\/\/www.jimport.fi\/index.php\/wp-json\/wp\/v2\/product_tag?post=5898"}],"curies":[{"name":"wp","href":"https:\/\/api.w.org\/{rel}","templated":true}]}}