{"id":5927,"date":"2023-06-24T12:56:07","date_gmt":"2023-06-24T12:56:07","guid":{"rendered":"https:\/\/www.jimport.fi\/?post_type=product&#038;p=5927"},"modified":"2024-03-30T12:25:29","modified_gmt":"2024-03-30T09:25:29","slug":"verhoilun-irrotustyokalut-27os","status":"publish","type":"product","link":"https:\/\/www.jimport.fi\/index.php\/tuote\/verhoilun-irrotustyokalut-27os\/","title":{"rendered":"Verhoilun irrotusty\u00f6kalut 27os"},"content":{"rendered":"<h2>Tuotekuvaus<\/h2>\n<p>Ty\u00f6kalusarja, joka on suunniteltu sis\u00e4- ja ulkoverhoilujen, korin listojen ja tunnusten, ovipaneelien, kojelaudan ja verhoilupaneelien turvalliseen asentamiseen tai poistamiseen. Ty\u00f6kalun rakenne ei vahingoita verhoilua tai naarmuta pintoja, kuten metallity\u00f6kalut.<\/p>\n<h4>Tekniset tiedot<\/h4>\n<ul>\n<li>Materiaali: Kest\u00e4v\u00e4 nailon<\/li>\n<li>Kappalem\u00e4\u00e4r\u00e4: 27<\/li>\n<\/ul>\n","protected":false},"excerpt":{"rendered":"<p>Kattava sarja verhoilujen ja paneelien hell\u00e4varaiseen irrotteluun.<\/p>\n","protected":false},"featured_media":5928,"template":"","meta":{"_monsterinsights_skip_tracking":false,"_monsterinsights_sitenote_active":false,"_monsterinsights_sitenote_note":"","_monsterinsights_sitenote_category":0,"neve_meta_sidebar":"","neve_meta_container":"","neve_meta_enable_content_width":"off","neve_meta_content_width":100,"neve_meta_title_alignment":"","neve_meta_author_avatar":"","neve_post_elements_order":"","neve_meta_disable_header":"","neve_meta_disable_footer":"","neve_meta_disable_title":"","_themeisle_gutenberg_block_has_review":false},"product_brand":[],"product_cat":[106,92,102],"product_tag":[],"class_list":{"0":"post-5927","1":"product","2":"type-product","3":"status-publish","4":"has-post-thumbnail","6":"product_cat-asentamiseen","7":"product_cat-pdr-valineita","8":"product_cat-tiiviste-ja-tarkkuustyokalut","10":"first","11":"instock","12":"taxable","13":"shipping-taxable","14":"purchasable","15":"product-type-simple"},"supplier_id":null,"supplier_sku":"","barcode":null,"atum_controlled":true,"out_stock_date":null,"out_stock_threshold":null,"inheritable":false,"inbound_stock":null,"stock_on_hold":0,"sold_today":0,"sales_last_days":0,"reserved_stock":null,"customer_returns":null,"warehouse_damage":null,"lost_in_post":null,"other_logs":null,"out_stock_days":0,"lost_sales":0,"has_location":false,"update_date":"2026-04-17T00:02:35","atum_locations":[],"atum_stock_status":"instock","restock_status":false,"low_stock_amount":"","sales_update_date":"2026-04-17T00:02:35","calc_backorders":null,"aioseo_notices":[],"_links":{"self":[{"href":"https:\/\/www.jimport.fi\/index.php\/wp-json\/wp\/v2\/product\/5927","targetHints":{"allow":["GET"]}}],"collection":[{"href":"https:\/\/www.jimport.fi\/index.php\/wp-json\/wp\/v2\/product"}],"about":[{"href":"https:\/\/www.jimport.fi\/index.php\/wp-json\/wp\/v2\/types\/product"}],"version-history":[{"count":1,"href":"https:\/\/www.jimport.fi\/index.php\/wp-json\/wp\/v2\/product\/5927\/revisions"}],"predecessor-version":[{"id":5929,"href":"https:\/\/www.jimport.fi\/index.php\/wp-json\/wp\/v2\/product\/5927\/revisions\/5929"}],"wp:featuredmedia":[{"embeddable":true,"href":"https:\/\/www.jimport.fi\/index.php\/wp-json\/wp\/v2\/media\/5928"}],"wp:attachment":[{"href":"https:\/\/www.jimport.fi\/index.php\/wp-json\/wp\/v2\/media?parent=5927"}],"wp:term":[{"taxonomy":"product_brand","embeddable":true,"href":"https:\/\/www.jimport.fi\/index.php\/wp-json\/wp\/v2\/product_brand?post=5927"},{"taxonomy":"product_cat","embeddable":true,"href":"https:\/\/www.jimport.fi\/index.php\/wp-json\/wp\/v2\/product_cat?post=5927"},{"taxonomy":"product_tag","embeddable":true,"href":"https:\/\/www.jimport.fi\/index.php\/wp-json\/wp\/v2\/product_tag?post=5927"}],"curies":[{"name":"wp","href":"https:\/\/api.w.org\/{rel}","templated":true}]}}