{"id":5961,"date":"2023-06-25T07:53:19","date_gmt":"2023-06-25T04:53:19","guid":{"rendered":"https:\/\/www.jimport.fi\/?post_type=product&#038;p=5961"},"modified":"2023-09-13T17:10:19","modified_gmt":"2023-09-13T14:10:19","slug":"lappopumppu-tynnyrille","status":"publish","type":"product","link":"https:\/\/www.jimport.fi\/index.php\/tuote\/lappopumppu-tynnyrille\/","title":{"rendered":"Lappopumppu tynnyrille"},"content":{"rendered":"<h2>Tuotekuvaus<\/h2>\n<h3>Tuotteen ominaisuudet<\/h3>\n<ul>\n<li>Korroosionkest\u00e4v\u00e4 polyeteeni<\/li>\n<li>Soveltuu \u00f6ljyille ja ei-aggressiivisille kemikaaleille<\/li>\n<li>K\u00e4ytett\u00e4v\u00e4ksi 60-205L tynnyreiss\u00e4<\/li>\n<\/ul>\n<h4>Tekniset tiedot<\/h4>\n<ul>\n<li>Virtaus: 10 l\/min<\/li>\n<li>Letkun pituus: 1350 mm<\/li>\n<li>Materiaali: Polyeteeni<\/li>\n<\/ul>\n","protected":false},"excerpt":{"rendered":"<p>Edullinen vaihtoehto tynnyripumpuksi.<\/p>\n","protected":false},"featured_media":5962,"template":"","meta":{"_monsterinsights_skip_tracking":false,"_monsterinsights_sitenote_active":false,"_monsterinsights_sitenote_note":"","_monsterinsights_sitenote_category":0,"neve_meta_sidebar":"","neve_meta_container":"","neve_meta_enable_content_width":"off","neve_meta_content_width":100,"neve_meta_title_alignment":"","neve_meta_author_avatar":"","neve_post_elements_order":"","neve_meta_disable_header":"","neve_meta_disable_footer":"","neve_meta_disable_title":"","_themeisle_gutenberg_block_has_review":false},"product_brand":[],"product_cat":[52,60],"product_tag":[],"class_list":{"0":"post-5961","1":"product","2":"type-product","3":"status-publish","4":"has-post-thumbnail","6":"product_cat-huoltovalineet","7":"product_cat-tankkaus","9":"first","10":"instock","11":"taxable","12":"shipping-taxable","13":"purchasable","14":"product-type-simple"},"supplier_id":null,"supplier_sku":"","barcode":null,"atum_controlled":true,"out_stock_date":null,"out_stock_threshold":null,"inheritable":false,"inbound_stock":null,"stock_on_hold":0,"sold_today":0,"sales_last_days":0,"reserved_stock":null,"customer_returns":null,"warehouse_damage":null,"lost_in_post":null,"other_logs":null,"out_stock_days":0,"lost_sales":0,"has_location":false,"update_date":"2026-05-13T00:59:51","atum_locations":[],"atum_stock_status":"instock","restock_status":false,"low_stock_amount":"","sales_update_date":"2026-05-13T00:59:51","calc_backorders":null,"aioseo_notices":[],"_links":{"self":[{"href":"https:\/\/www.jimport.fi\/index.php\/wp-json\/wp\/v2\/product\/5961","targetHints":{"allow":["GET"]}}],"collection":[{"href":"https:\/\/www.jimport.fi\/index.php\/wp-json\/wp\/v2\/product"}],"about":[{"href":"https:\/\/www.jimport.fi\/index.php\/wp-json\/wp\/v2\/types\/product"}],"version-history":[{"count":1,"href":"https:\/\/www.jimport.fi\/index.php\/wp-json\/wp\/v2\/product\/5961\/revisions"}],"predecessor-version":[{"id":5963,"href":"https:\/\/www.jimport.fi\/index.php\/wp-json\/wp\/v2\/product\/5961\/revisions\/5963"}],"wp:featuredmedia":[{"embeddable":true,"href":"https:\/\/www.jimport.fi\/index.php\/wp-json\/wp\/v2\/media\/5962"}],"wp:attachment":[{"href":"https:\/\/www.jimport.fi\/index.php\/wp-json\/wp\/v2\/media?parent=5961"}],"wp:term":[{"taxonomy":"product_brand","embeddable":true,"href":"https:\/\/www.jimport.fi\/index.php\/wp-json\/wp\/v2\/product_brand?post=5961"},{"taxonomy":"product_cat","embeddable":true,"href":"https:\/\/www.jimport.fi\/index.php\/wp-json\/wp\/v2\/product_cat?post=5961"},{"taxonomy":"product_tag","embeddable":true,"href":"https:\/\/www.jimport.fi\/index.php\/wp-json\/wp\/v2\/product_tag?post=5961"}],"curies":[{"name":"wp","href":"https:\/\/api.w.org\/{rel}","templated":true}]}}