{"id":6007,"date":"2023-06-25T10:22:55","date_gmt":"2023-06-25T10:22:55","guid":{"rendered":"https:\/\/www.jimport.fi\/?post_type=product&#038;p=6007"},"modified":"2025-05-28T14:05:54","modified_gmt":"2025-05-28T11:05:54","slug":"oljysuppilo-pidikkeella","status":"publish","type":"product","link":"https:\/\/www.jimport.fi\/index.php\/tuote\/oljysuppilo-pidikkeella\/","title":{"rendered":"\u00d6ljysuppilo pidikkeell\u00e4"},"content":{"rendered":"<h2>Tuotekuvaus<\/h2>\n<p>Moottori\u00f6ljyn suppilo erityisell\u00e4 kahvalla. Valmistettu nailonista ja PP: st\u00e4, mink\u00e4 ansiosta se kest\u00e4\u00e4 \u00f6ljy\u00e4 ja muita k\u00e4ytt\u00f6nesteit\u00e4. Pidike\/kiinnityspidike s\u00e4\u00e4tyy automaattisesti t\u00e4ytt\u00f6aukon halkaisijan mukaan, suppiloa ei tarvitse pit\u00e4\u00e4 k\u00e4dess\u00e4.<\/p>\n<h4>Tuotteen ominaisuudet:<\/h4>\n<ul>\n<li>valmistettu nailonista ja PP: st\u00e4<\/li>\n<li>kest\u00e4v\u00e4t \u00f6ljyj\u00e4 ja muita k\u00e4ytt\u00f6nesteit\u00e4<\/li>\n<li>kahva, joka s\u00e4\u00e4tyy automaattisesti t\u00e4ytt\u00f6aukon halkaisijaan<\/li>\n<li>laaja valikoima sovelluksia &#8211; autot, moottoripy\u00f6r\u00e4t, maatalouslaitteet, veneet jne.<\/li>\n<li>Paremman hallinnan varmistamiseksi kaatamisen aikana suppilon alaosa on l\u00e4pin\u00e4kyv\u00e4<\/li>\n<\/ul>\n<h4>Tekniset:<\/h4>\n<p>Materiaali:<strong>\u00a0nailon, PP<\/strong><\/p>\n<p>Halkaisija leveimm\u00e4ss\u00e4 kohdassa:\u00a0<strong>125 mm<\/strong><\/p>\n<p>Halkaisija kapeimmasta kohdasta:\u00a0<strong>20 mm<\/strong><\/p>\n<p>Kokonaiskorkeus:<strong>\u00a0275mm<\/strong><\/p>\n<p>Kiinnitysleukojen et\u00e4isyys:\u00a0<strong>30 &#8211; 70 mm<\/strong><\/p>\n","protected":false},"excerpt":{"rendered":"<p>Moottori\u00f6ljyn suppilo erityisell\u00e4 kahvalla. Valmistettu nailonista ja PP: st\u00e4, mink\u00e4 ansiosta se kest\u00e4\u00e4 \u00f6ljy\u00e4 ja muita k\u00e4ytt\u00f6nesteit\u00e4. Pidike\/kiinnityspidike s\u00e4\u00e4tyy automaattisesti t\u00e4ytt\u00f6aukon halkaisijan mukaan, suppiloa ei tarvitse pit\u00e4\u00e4 k\u00e4dess\u00e4.<\/p>\n","protected":false},"featured_media":6009,"template":"","meta":{"_monsterinsights_skip_tracking":false,"_monsterinsights_sitenote_active":false,"_monsterinsights_sitenote_note":"","_monsterinsights_sitenote_category":0,"neve_meta_sidebar":"","neve_meta_container":"","neve_meta_enable_content_width":"off","neve_meta_content_width":100,"neve_meta_title_alignment":"","neve_meta_author_avatar":"","neve_post_elements_order":"","neve_meta_disable_header":"","neve_meta_disable_footer":"","neve_meta_disable_title":"","_themeisle_gutenberg_block_has_review":false},"product_brand":[],"product_cat":[52],"product_tag":[],"class_list":{"0":"post-6007","1":"product","2":"type-product","3":"status-publish","4":"has-post-thumbnail","6":"product_cat-huoltovalineet","8":"first","9":"instock","10":"taxable","11":"shipping-taxable","12":"purchasable","13":"product-type-simple"},"supplier_id":null,"supplier_sku":"","barcode":null,"atum_controlled":true,"out_stock_date":null,"out_stock_threshold":null,"inheritable":false,"inbound_stock":null,"stock_on_hold":0,"sold_today":0,"sales_last_days":0,"reserved_stock":null,"customer_returns":null,"warehouse_damage":null,"lost_in_post":null,"other_logs":null,"out_stock_days":0,"lost_sales":0,"has_location":false,"update_date":"2026-04-16T00:01:13","atum_locations":[],"atum_stock_status":"instock","restock_status":false,"low_stock_amount":"","sales_update_date":"2026-04-16T00:01:13","calc_backorders":null,"aioseo_notices":[],"_links":{"self":[{"href":"https:\/\/www.jimport.fi\/index.php\/wp-json\/wp\/v2\/product\/6007","targetHints":{"allow":["GET"]}}],"collection":[{"href":"https:\/\/www.jimport.fi\/index.php\/wp-json\/wp\/v2\/product"}],"about":[{"href":"https:\/\/www.jimport.fi\/index.php\/wp-json\/wp\/v2\/types\/product"}],"version-history":[{"count":1,"href":"https:\/\/www.jimport.fi\/index.php\/wp-json\/wp\/v2\/product\/6007\/revisions"}],"predecessor-version":[{"id":6010,"href":"https:\/\/www.jimport.fi\/index.php\/wp-json\/wp\/v2\/product\/6007\/revisions\/6010"}],"wp:featuredmedia":[{"embeddable":true,"href":"https:\/\/www.jimport.fi\/index.php\/wp-json\/wp\/v2\/media\/6009"}],"wp:attachment":[{"href":"https:\/\/www.jimport.fi\/index.php\/wp-json\/wp\/v2\/media?parent=6007"}],"wp:term":[{"taxonomy":"product_brand","embeddable":true,"href":"https:\/\/www.jimport.fi\/index.php\/wp-json\/wp\/v2\/product_brand?post=6007"},{"taxonomy":"product_cat","embeddable":true,"href":"https:\/\/www.jimport.fi\/index.php\/wp-json\/wp\/v2\/product_cat?post=6007"},{"taxonomy":"product_tag","embeddable":true,"href":"https:\/\/www.jimport.fi\/index.php\/wp-json\/wp\/v2\/product_tag?post=6007"}],"curies":[{"name":"wp","href":"https:\/\/api.w.org\/{rel}","templated":true}]}}