{"id":6011,"date":"2023-06-25T10:28:53","date_gmt":"2023-06-25T10:28:53","guid":{"rendered":"https:\/\/www.jimport.fi\/?post_type=product&#038;p=6011"},"modified":"2025-03-26T20:34:34","modified_gmt":"2025-03-26T17:34:34","slug":"suppilosarja-4os","status":"publish","type":"product","link":"https:\/\/www.jimport.fi\/index.php\/tuote\/suppilosarja-4os\/","title":{"rendered":"Suppilosarja 4os"},"content":{"rendered":"<h2>Tuotekuvaus<\/h2>\n<p>Sarja yleisi\u00e4 suppiloita 4 eri koossa. T\u00e4ydellinen sek\u00e4 autotalliin ett\u00e4 puutarhaan. V\u00e4ltt\u00e4m\u00e4t\u00f6n t\u00e4ytett\u00e4ess\u00e4 erityyppisi\u00e4 nesteit\u00e4 moottoriajoneuvoissa sek\u00e4 puutarhassa, ruiskuja t\u00e4ytett\u00e4ess\u00e4 jne.<\/p>\n<p><strong>Tuotteen ominaisuudet:<\/strong>valmistettu kest\u00e4v\u00e4st\u00e4 muovista, joka kest\u00e4\u00e4 kosketusta \u00f6ljyn ja muiden k\u00e4ytt\u00f6nesteiden kanssa<br \/>\nkorvaamaton jokaisessa ty\u00f6pajassa ja puutarhassa<br \/>\nSuppilot, joiden halkaisija on 4: 52, 76, 100,<br \/>\n120 mm<\/p>\n","protected":false},"excerpt":{"rendered":"<p>Sarja yleisi\u00e4 suppiloita 4 eri koossa. 52, 76, 100, 120mm<\/p>\n","protected":false},"featured_media":6013,"template":"","meta":{"_monsterinsights_skip_tracking":false,"_monsterinsights_sitenote_active":false,"_monsterinsights_sitenote_note":"","_monsterinsights_sitenote_category":0,"neve_meta_sidebar":"","neve_meta_container":"","neve_meta_enable_content_width":"off","neve_meta_content_width":100,"neve_meta_title_alignment":"","neve_meta_author_avatar":"","neve_post_elements_order":"","neve_meta_disable_header":"","neve_meta_disable_footer":"","neve_meta_disable_title":"","_themeisle_gutenberg_block_has_review":false},"product_brand":[],"product_cat":[52],"product_tag":[],"class_list":{"0":"post-6011","1":"product","2":"type-product","3":"status-publish","4":"has-post-thumbnail","6":"product_cat-huoltovalineet","8":"first","9":"instock","10":"taxable","11":"shipping-taxable","12":"purchasable","13":"product-type-simple"},"supplier_id":null,"supplier_sku":"","barcode":null,"atum_controlled":true,"out_stock_date":null,"out_stock_threshold":null,"inheritable":false,"inbound_stock":null,"stock_on_hold":0,"sold_today":0,"sales_last_days":0,"reserved_stock":null,"customer_returns":null,"warehouse_damage":null,"lost_in_post":null,"other_logs":null,"out_stock_days":0,"lost_sales":0,"has_location":false,"update_date":"2026-05-13T01:00:03","atum_locations":[],"atum_stock_status":"instock","restock_status":false,"low_stock_amount":"","sales_update_date":"2026-05-13T01:00:03","calc_backorders":null,"aioseo_notices":[],"_links":{"self":[{"href":"https:\/\/www.jimport.fi\/index.php\/wp-json\/wp\/v2\/product\/6011","targetHints":{"allow":["GET"]}}],"collection":[{"href":"https:\/\/www.jimport.fi\/index.php\/wp-json\/wp\/v2\/product"}],"about":[{"href":"https:\/\/www.jimport.fi\/index.php\/wp-json\/wp\/v2\/types\/product"}],"version-history":[{"count":1,"href":"https:\/\/www.jimport.fi\/index.php\/wp-json\/wp\/v2\/product\/6011\/revisions"}],"predecessor-version":[{"id":6014,"href":"https:\/\/www.jimport.fi\/index.php\/wp-json\/wp\/v2\/product\/6011\/revisions\/6014"}],"wp:featuredmedia":[{"embeddable":true,"href":"https:\/\/www.jimport.fi\/index.php\/wp-json\/wp\/v2\/media\/6013"}],"wp:attachment":[{"href":"https:\/\/www.jimport.fi\/index.php\/wp-json\/wp\/v2\/media?parent=6011"}],"wp:term":[{"taxonomy":"product_brand","embeddable":true,"href":"https:\/\/www.jimport.fi\/index.php\/wp-json\/wp\/v2\/product_brand?post=6011"},{"taxonomy":"product_cat","embeddable":true,"href":"https:\/\/www.jimport.fi\/index.php\/wp-json\/wp\/v2\/product_cat?post=6011"},{"taxonomy":"product_tag","embeddable":true,"href":"https:\/\/www.jimport.fi\/index.php\/wp-json\/wp\/v2\/product_tag?post=6011"}],"curies":[{"name":"wp","href":"https:\/\/api.w.org\/{rel}","templated":true}]}}