{"id":6039,"date":"2023-06-25T12:31:10","date_gmt":"2023-06-25T12:31:10","guid":{"rendered":"https:\/\/www.jimport.fi\/?post_type=product&#038;p=6039"},"modified":"2023-06-25T12:36:08","modified_gmt":"2023-06-25T12:36:08","slug":"nostoliina-3t-1m-90mm","status":"publish","type":"product","link":"https:\/\/www.jimport.fi\/index.php\/tuote\/nostoliina-3t-1m-90mm\/","title":{"rendered":"Nostoliina 3T\/1M 90mm"},"content":{"rendered":"<h4>Tekniset tiedot:<\/h4>\n<p>Materiaali:\u00a0<strong>Polyesteri (PES)<\/strong><\/p>\n<p>Kantavuus: 3<strong>\u00a0T<\/strong><\/p>\n<p>Pituus: 1<strong>\u00a0m<\/strong><\/p>\n<p>Leveys: 9<strong>0 mm<\/strong><\/p>\n<p><strong>Turvakerroin: 7:1 <\/strong><\/p>\n<p><strong>EN 1492-1<\/strong><\/p>\n","protected":false},"excerpt":{"rendered":"<p>Monik\u00e4ytt\u00f6inen ja helposti mukana kulkeva nostoapuv\u00e4line.<\/p>\n","protected":false},"featured_media":6040,"template":"","meta":{"_monsterinsights_skip_tracking":false,"_monsterinsights_sitenote_active":false,"_monsterinsights_sitenote_note":"","_monsterinsights_sitenote_category":0,"neve_meta_sidebar":"","neve_meta_container":"","neve_meta_enable_content_width":"off","neve_meta_content_width":100,"neve_meta_title_alignment":"","neve_meta_author_avatar":"","neve_post_elements_order":"","neve_meta_disable_header":"","neve_meta_disable_footer":"","neve_meta_disable_title":"","_themeisle_gutenberg_block_has_review":false},"product_brand":[],"product_cat":[138],"product_tag":[],"class_list":{"0":"post-6039","1":"product","2":"type-product","3":"status-publish","4":"has-post-thumbnail","6":"product_cat-nosto-ja-hinaus-liinat","8":"first","9":"instock","10":"taxable","11":"shipping-taxable","12":"purchasable","13":"product-type-simple"},"supplier_id":null,"supplier_sku":"","barcode":null,"atum_controlled":true,"out_stock_date":null,"out_stock_threshold":null,"inheritable":false,"inbound_stock":null,"stock_on_hold":0,"sold_today":0,"sales_last_days":0,"reserved_stock":null,"customer_returns":null,"warehouse_damage":null,"lost_in_post":null,"other_logs":null,"out_stock_days":0,"lost_sales":0,"has_location":false,"update_date":"2026-04-25T00:27:29","atum_locations":[],"atum_stock_status":"instock","restock_status":false,"low_stock_amount":"","sales_update_date":"2026-04-25T00:27:29","calc_backorders":null,"aioseo_notices":[],"_links":{"self":[{"href":"https:\/\/www.jimport.fi\/index.php\/wp-json\/wp\/v2\/product\/6039","targetHints":{"allow":["GET"]}}],"collection":[{"href":"https:\/\/www.jimport.fi\/index.php\/wp-json\/wp\/v2\/product"}],"about":[{"href":"https:\/\/www.jimport.fi\/index.php\/wp-json\/wp\/v2\/types\/product"}],"version-history":[{"count":1,"href":"https:\/\/www.jimport.fi\/index.php\/wp-json\/wp\/v2\/product\/6039\/revisions"}],"predecessor-version":[{"id":6041,"href":"https:\/\/www.jimport.fi\/index.php\/wp-json\/wp\/v2\/product\/6039\/revisions\/6041"}],"wp:featuredmedia":[{"embeddable":true,"href":"https:\/\/www.jimport.fi\/index.php\/wp-json\/wp\/v2\/media\/6040"}],"wp:attachment":[{"href":"https:\/\/www.jimport.fi\/index.php\/wp-json\/wp\/v2\/media?parent=6039"}],"wp:term":[{"taxonomy":"product_brand","embeddable":true,"href":"https:\/\/www.jimport.fi\/index.php\/wp-json\/wp\/v2\/product_brand?post=6039"},{"taxonomy":"product_cat","embeddable":true,"href":"https:\/\/www.jimport.fi\/index.php\/wp-json\/wp\/v2\/product_cat?post=6039"},{"taxonomy":"product_tag","embeddable":true,"href":"https:\/\/www.jimport.fi\/index.php\/wp-json\/wp\/v2\/product_tag?post=6039"}],"curies":[{"name":"wp","href":"https:\/\/api.w.org\/{rel}","templated":true}]}}