{"id":604,"date":"2022-06-08T18:01:02","date_gmt":"2022-06-08T18:01:02","guid":{"rendered":"https:\/\/www.jimport.fi\/?post_type=product&#038;p=604"},"modified":"2023-04-27T14:09:46","modified_gmt":"2023-04-27T14:09:46","slug":"paineilmatyokalusarja-5os","status":"publish","type":"product","link":"https:\/\/www.jimport.fi\/index.php\/tuote\/paineilmatyokalusarja-5os\/","title":{"rendered":"Paineilma ty\u00f6kalusarja 5os"},"content":{"rendered":"<h2>Tuotekuvaus<\/h2>\n<p>Ilmakompressorin lis\u00e4varusteiden ty\u00f6kalusarja 5kpl. Ihanteellinen harrastajalle tai puoliammattimaiselle k\u00e4ytt\u00e4j\u00e4lle. Monik\u00e4ytt\u00f6inen sarja tarjoaa erilaisia vaihtoehtoja puhdistukseen, t\u00e4ytt\u00e4miseen ja ruiskuttamiseen.<\/p>\n<h4>Ilmaruisku\/pesupistooli 1,5 mm suuttimella<\/h4>\n<ul>\n<li>K\u00e4ytt\u00f6ilman paine: 2,8 &#8211; 6,2 bar<\/li>\n<li>Valmistettu metallista<\/li>\n<li>1\/4&#8243; BSP-pikalukitusilmaliitin<\/li>\n<\/ul>\n<h4>Paineilmapistooli<\/h4>\n<ul>\n<li>Suurin ilmanpaine: 8 bar<\/li>\n<li>Valmistettu metallista<\/li>\n<li>1\/4&#8243; BSP-pikalukitusilmaliitin<\/li>\n<\/ul>\n<h4>Renkaan t\u00e4ytt\u00f6laite, jossa pidike letkussa<\/h4>\n<ul>\n<li>Letkun pituus 350 mm<\/li>\n<li>Kahden asteikon mittari: 0 &#8211; 15 bar \/ 0 &#8211; 220 psi<\/li>\n<li>Kest\u00e4v\u00e4 mittari suojaavalla kumipuskurilla<\/li>\n<li>Varustettu kiinnitett\u00e4v\u00e4ll\u00e4 liittimell\u00e4<\/li>\n<li>1\/4&#8243; BSP-pikalukitusilmaliitin<\/li>\n<\/ul>\n<h4>Maaliruiskupistooli yl\u00e4s\u00e4ili\u00f6ll\u00e4<\/h4>\n<ul>\n<li>Vakiokokoonpano 1,5 mm (messinkinen ilmakorkki)<\/li>\n<li>Ilman ja maalin virtauksen s\u00e4\u00e4timet<\/li>\n<li>Alumiinirunko ja kattila, tilavuus 600 ml<\/li>\n<li>K\u00e4ytt\u00f6paine 3 &#8211; 5 bar<\/li>\n<li>1\/4&#8243; BSP-pikalukitusilmaliitin<\/li>\n<\/ul>\n<h4>5m kierreilmaletku pikaliittimell\u00e4<\/h4>\n<ul>\n<li>Polyeteeni (PE)\u00a0 ilmaletku<\/li>\n<li>pituus 5 metri\u00e4<\/li>\n<li>Varustettu 1\/4&#8243; pikaliittimill\u00e4<\/li>\n<li>Letkun ulkopinta: 8 mm<\/li>\n<li>Letkun sis\u00e4puoli: 6 mm<\/li>\n<li>Suurin ilmanpaine: 8 bar<\/li>\n<\/ul>\n","protected":false},"excerpt":{"rendered":"<p>Kattava sarja ilmaty\u00f6kaluja harrastek\u00e4ytt\u00f6\u00f6n<\/p>\n","protected":false},"featured_media":605,"template":"","meta":{"_monsterinsights_skip_tracking":false,"_monsterinsights_sitenote_active":false,"_monsterinsights_sitenote_note":"","_monsterinsights_sitenote_category":0,"neve_meta_sidebar":"","neve_meta_container":"","neve_meta_enable_content_width":"off","neve_meta_content_width":100,"neve_meta_title_alignment":"","neve_meta_author_avatar":"","neve_post_elements_order":"","neve_meta_disable_header":"","neve_meta_disable_footer":"","neve_meta_disable_title":"","_themeisle_gutenberg_block_has_review":false},"product_brand":[],"product_cat":[50],"product_tag":[],"class_list":{"0":"post-604","1":"product","2":"type-product","3":"status-publish","4":"has-post-thumbnail","6":"product_cat-paineilma","8":"first","9":"instock","10":"taxable","11":"shipping-taxable","12":"purchasable","13":"product-type-simple"},"supplier_id":null,"supplier_sku":"","barcode":null,"atum_controlled":true,"out_stock_date":null,"out_stock_threshold":null,"inheritable":false,"inbound_stock":0,"stock_on_hold":0,"sold_today":0,"sales_last_days":0,"reserved_stock":0,"customer_returns":0,"warehouse_damage":0,"lost_in_post":0,"other_logs":0,"out_stock_days":0,"lost_sales":0,"has_location":false,"update_date":"2026-05-13T00:59:51","atum_locations":[],"atum_stock_status":"instock","restock_status":false,"low_stock_amount":"","sales_update_date":"2026-05-13T00:59:51","calc_backorders":null,"aioseo_notices":[],"_links":{"self":[{"href":"https:\/\/www.jimport.fi\/index.php\/wp-json\/wp\/v2\/product\/604","targetHints":{"allow":["GET"]}}],"collection":[{"href":"https:\/\/www.jimport.fi\/index.php\/wp-json\/wp\/v2\/product"}],"about":[{"href":"https:\/\/www.jimport.fi\/index.php\/wp-json\/wp\/v2\/types\/product"}],"version-history":[{"count":3,"href":"https:\/\/www.jimport.fi\/index.php\/wp-json\/wp\/v2\/product\/604\/revisions"}],"predecessor-version":[{"id":4904,"href":"https:\/\/www.jimport.fi\/index.php\/wp-json\/wp\/v2\/product\/604\/revisions\/4904"}],"wp:featuredmedia":[{"embeddable":true,"href":"https:\/\/www.jimport.fi\/index.php\/wp-json\/wp\/v2\/media\/605"}],"wp:attachment":[{"href":"https:\/\/www.jimport.fi\/index.php\/wp-json\/wp\/v2\/media?parent=604"}],"wp:term":[{"taxonomy":"product_brand","embeddable":true,"href":"https:\/\/www.jimport.fi\/index.php\/wp-json\/wp\/v2\/product_brand?post=604"},{"taxonomy":"product_cat","embeddable":true,"href":"https:\/\/www.jimport.fi\/index.php\/wp-json\/wp\/v2\/product_cat?post=604"},{"taxonomy":"product_tag","embeddable":true,"href":"https:\/\/www.jimport.fi\/index.php\/wp-json\/wp\/v2\/product_tag?post=604"}],"curies":[{"name":"wp","href":"https:\/\/api.w.org\/{rel}","templated":true}]}}