{"id":6042,"date":"2023-06-25T12:55:07","date_gmt":"2023-06-25T12:55:07","guid":{"rendered":"https:\/\/www.jimport.fi\/?post_type=product&#038;p=6042"},"modified":"2024-09-27T13:43:53","modified_gmt":"2024-09-27T10:43:53","slug":"lukkopihtisarja-4os","status":"publish","type":"product","link":"https:\/\/www.jimport.fi\/index.php\/tuote\/lukkopihtisarja-4os\/","title":{"rendered":"Lukkopihtisarja 4os"},"content":{"rendered":"<h2>Tuotekuvaus<\/h2>\n<p>Morse-iskupuristuspihdit. Sarja sis\u00e4lt\u00e4\u00e4 pihdit 4 koossa, valmistettu korkealaatuisista materiaaleista. <strong>Leuat on valmistettu C45-hiiliter\u00e4ksest\u00e4\u00a0<\/strong>ja niille tehd\u00e4\u00e4n asianmukainen l\u00e4mp\u00f6k\u00e4sittely, jolle on ominaista korkea lujuus ja korkea sitkeys. Kahvat on valmistettu Q235-ter\u00e4ksest\u00e4.<\/p>\n<p>Lukkopihdit sopivat erinomaisesti putki- ja hitsaust\u00f6ihin sek\u00e4 autopajoihin ja verstaille.<\/p>\n<p><strong>Tuotteen ominaisuudet:<\/strong><\/p>\n<ul>\n<li>leuat C45-karkaistusta hiiliter\u00e4ksest\u00e4<\/li>\n<li>Alempi itsepuristuva leuka mahdollistaa leukojen kiinnitt\u00e4misen tiukasti valittuun elementtiin, mik\u00e4 est\u00e4\u00e4 sit\u00e4 liukumasta ja liikkumasta<\/li>\n<li>Leukav\u00e4lin s\u00e4\u00e4t\u00f6ruuvi<\/li>\n<li>Vapautusmekanismin avulla leuat voidaan avata helposti<\/li>\n<li>pihdeiss\u00e4 on mukava ergonominen kahva, joka on valmistettu kest\u00e4v\u00e4st\u00e4 Q235-ter\u00e4ksest\u00e4<\/li>\n<li>pihtien koot: 250mm 10 &#8221;; 190mm 7&#8221;; 170mm 6.5 &#8221;; 125mm 5&#8221;<\/li>\n<\/ul>\n","protected":false},"excerpt":{"rendered":"<p>Iskunkest\u00e4v\u00e4t lukkopihdit 4os<\/p>\n","protected":false},"featured_media":6044,"template":"","meta":{"_monsterinsights_skip_tracking":false,"_monsterinsights_sitenote_active":false,"_monsterinsights_sitenote_note":"","_monsterinsights_sitenote_category":0,"neve_meta_sidebar":"","neve_meta_container":"","neve_meta_enable_content_width":"off","neve_meta_content_width":100,"neve_meta_title_alignment":"","neve_meta_author_avatar":"","neve_post_elements_order":"","neve_meta_disable_header":"","neve_meta_disable_footer":"","neve_meta_disable_title":"","_themeisle_gutenberg_block_has_review":false},"product_brand":[],"product_cat":[34],"product_tag":[],"class_list":{"0":"post-6042","1":"product","2":"type-product","3":"status-publish","4":"has-post-thumbnail","6":"product_cat-pihdit","8":"first","9":"instock","10":"taxable","11":"shipping-taxable","12":"purchasable","13":"product-type-simple"},"supplier_id":null,"supplier_sku":"","barcode":null,"atum_controlled":true,"out_stock_date":null,"out_stock_threshold":null,"inheritable":false,"inbound_stock":null,"stock_on_hold":0,"sold_today":0,"sales_last_days":0,"reserved_stock":null,"customer_returns":null,"warehouse_damage":null,"lost_in_post":null,"other_logs":null,"out_stock_days":0,"lost_sales":0,"has_location":false,"update_date":"2026-05-13T00:59:51","atum_locations":[],"atum_stock_status":"instock","restock_status":false,"low_stock_amount":"","sales_update_date":"2026-05-13T00:59:51","calc_backorders":null,"aioseo_notices":[],"_links":{"self":[{"href":"https:\/\/www.jimport.fi\/index.php\/wp-json\/wp\/v2\/product\/6042","targetHints":{"allow":["GET"]}}],"collection":[{"href":"https:\/\/www.jimport.fi\/index.php\/wp-json\/wp\/v2\/product"}],"about":[{"href":"https:\/\/www.jimport.fi\/index.php\/wp-json\/wp\/v2\/types\/product"}],"version-history":[{"count":1,"href":"https:\/\/www.jimport.fi\/index.php\/wp-json\/wp\/v2\/product\/6042\/revisions"}],"predecessor-version":[{"id":6045,"href":"https:\/\/www.jimport.fi\/index.php\/wp-json\/wp\/v2\/product\/6042\/revisions\/6045"}],"wp:featuredmedia":[{"embeddable":true,"href":"https:\/\/www.jimport.fi\/index.php\/wp-json\/wp\/v2\/media\/6044"}],"wp:attachment":[{"href":"https:\/\/www.jimport.fi\/index.php\/wp-json\/wp\/v2\/media?parent=6042"}],"wp:term":[{"taxonomy":"product_brand","embeddable":true,"href":"https:\/\/www.jimport.fi\/index.php\/wp-json\/wp\/v2\/product_brand?post=6042"},{"taxonomy":"product_cat","embeddable":true,"href":"https:\/\/www.jimport.fi\/index.php\/wp-json\/wp\/v2\/product_cat?post=6042"},{"taxonomy":"product_tag","embeddable":true,"href":"https:\/\/www.jimport.fi\/index.php\/wp-json\/wp\/v2\/product_tag?post=6042"}],"curies":[{"name":"wp","href":"https:\/\/api.w.org\/{rel}","templated":true}]}}