{"id":6050,"date":"2023-06-25T13:24:07","date_gmt":"2023-06-25T13:24:07","guid":{"rendered":"https:\/\/www.jimport.fi\/?post_type=product&#038;p=6050"},"modified":"2024-10-03T16:31:26","modified_gmt":"2024-10-03T13:31:26","slug":"pitkat-konehylsyt-6-13mm-8os","status":"publish","type":"product","link":"https:\/\/www.jimport.fi\/index.php\/tuote\/pitkat-konehylsyt-6-13mm-8os\/","title":{"rendered":"Pitk\u00e4t konehylsyt 6-13mm 8os"},"content":{"rendered":"<p><strong>Tuotteen ominaisuudet:<\/strong><\/p>\n<ul>\n<li>valmistettu kest\u00e4v\u00e4st\u00e4 CrV-ty\u00f6kaluter\u00e4ksest\u00e4<\/li>\n<li>varustettu magneetilla, joka pit\u00e4\u00e4 pultin\/ruuvit paikallaan<\/li>\n<li>150 mm: n pituuden avulla p\u00e4\u00e4set vaikeap\u00e4\u00e4syisiin paikkoihin<\/li>\n<li>8 hylsy\u00e4 koossa: 6mm, 7mm, 8mm, 9mm, 10mm, 11mm, 12mm, 13mm<\/li>\n<\/ul>\n","protected":false},"excerpt":{"rendered":"<p>Erikoispitk\u00e4t 150mm konehylsyt vaikeille paikoille. Geko<\/p>\n","protected":false},"featured_media":6052,"template":"","meta":{"_monsterinsights_skip_tracking":false,"_monsterinsights_sitenote_active":false,"_monsterinsights_sitenote_note":"","_monsterinsights_sitenote_category":0,"neve_meta_sidebar":"","neve_meta_container":"","neve_meta_enable_content_width":"off","neve_meta_content_width":100,"neve_meta_title_alignment":"","neve_meta_author_avatar":"","neve_post_elements_order":"","neve_meta_disable_header":"","neve_meta_disable_footer":"","neve_meta_disable_title":"","_themeisle_gutenberg_block_has_review":false},"product_brand":[],"product_cat":[58],"product_tag":[],"class_list":{"0":"post-6050","1":"product","2":"type-product","3":"status-publish","4":"has-post-thumbnail","6":"product_cat-sahkotyokaluja","8":"first","9":"instock","10":"taxable","11":"shipping-taxable","12":"purchasable","13":"product-type-simple"},"supplier_id":null,"supplier_sku":"","barcode":null,"atum_controlled":true,"out_stock_date":null,"out_stock_threshold":null,"inheritable":false,"inbound_stock":null,"stock_on_hold":0,"sold_today":0,"sales_last_days":0,"reserved_stock":null,"customer_returns":null,"warehouse_damage":null,"lost_in_post":null,"other_logs":null,"out_stock_days":0,"lost_sales":0,"has_location":false,"update_date":"2026-04-30T00:32:03","atum_locations":[],"atum_stock_status":"instock","restock_status":false,"low_stock_amount":"","sales_update_date":"2026-04-30T00:32:03","calc_backorders":null,"aioseo_notices":[],"_links":{"self":[{"href":"https:\/\/www.jimport.fi\/index.php\/wp-json\/wp\/v2\/product\/6050","targetHints":{"allow":["GET"]}}],"collection":[{"href":"https:\/\/www.jimport.fi\/index.php\/wp-json\/wp\/v2\/product"}],"about":[{"href":"https:\/\/www.jimport.fi\/index.php\/wp-json\/wp\/v2\/types\/product"}],"version-history":[{"count":1,"href":"https:\/\/www.jimport.fi\/index.php\/wp-json\/wp\/v2\/product\/6050\/revisions"}],"predecessor-version":[{"id":6053,"href":"https:\/\/www.jimport.fi\/index.php\/wp-json\/wp\/v2\/product\/6050\/revisions\/6053"}],"wp:featuredmedia":[{"embeddable":true,"href":"https:\/\/www.jimport.fi\/index.php\/wp-json\/wp\/v2\/media\/6052"}],"wp:attachment":[{"href":"https:\/\/www.jimport.fi\/index.php\/wp-json\/wp\/v2\/media?parent=6050"}],"wp:term":[{"taxonomy":"product_brand","embeddable":true,"href":"https:\/\/www.jimport.fi\/index.php\/wp-json\/wp\/v2\/product_brand?post=6050"},{"taxonomy":"product_cat","embeddable":true,"href":"https:\/\/www.jimport.fi\/index.php\/wp-json\/wp\/v2\/product_cat?post=6050"},{"taxonomy":"product_tag","embeddable":true,"href":"https:\/\/www.jimport.fi\/index.php\/wp-json\/wp\/v2\/product_tag?post=6050"}],"curies":[{"name":"wp","href":"https:\/\/api.w.org\/{rel}","templated":true}]}}