{"id":607,"date":"2022-06-09T04:59:54","date_gmt":"2022-06-09T04:59:54","guid":{"rendered":"https:\/\/www.jimport.fi\/?post_type=product&#038;p=607"},"modified":"2023-04-27T14:00:54","modified_gmt":"2023-04-27T14:00:54","slug":"paineilmatyokalusarja-24os","status":"publish","type":"product","link":"https:\/\/www.jimport.fi\/index.php\/tuote\/paineilmatyokalusarja-24os\/","title":{"rendered":"Paineilmaty\u00f6kalusarja 24os"},"content":{"rendered":"<h2>Tuotekuvaus<\/h2>\n<h4>Tekniset tiedot<\/h4>\n<h5>Pulttipyssy 1\/2&#8243;<\/h5>\n<ul>\n<li>Suurin v\u00e4\u00e4nt\u00f6momentti: 310 Nm<\/li>\n<li>Ilman kulutus: 228 l\/min<\/li>\n<li>pistorasian koko: 1\/2&#8243;<\/li>\n<li>Suurin kierrosluku minuutissa: 7 000<\/li>\n<li>K\u00e4\u00e4nteinen toiminto: Kyll\u00e4<\/li>\n<li>Tuloaukon koko: 1\/4&#8243;<\/li>\n<\/ul>\n<h5>Vinku<\/h5>\n<ul>\n<li style=\"list-style-type: none;\">\n<ul>\n<li style=\"list-style-type: none;\">\n<ul>\n<li>Ilman kulutus: 86 l\/min<\/li>\n<li>Asennusreik\u00e4: 1\/4&#8243;<\/li>\n<li>Suurin kierrosluku minuutissa: 25 000<\/li>\n<li>Tuloaukon koko: 1\/4&#8243;<\/li>\n<\/ul>\n<\/li>\n<\/ul>\n<\/li>\n<\/ul>\n<h5>R\u00e4ikk\u00e4 1\/2&#8243;<\/h5>\n<ul>\n<li style=\"list-style-type: none;\">\n<ul>\n<li style=\"list-style-type: none;\">\n<ul>\n<li>Suurin v\u00e4\u00e4nt\u00f6momentti: 68Nm<\/li>\n<li>Ilman kulutus: 114 l\/min<\/li>\n<li>\u00a0koko: 1\/2&#8243;<\/li>\n<li>Suurin RPM: 160<\/li>\n<li>K\u00e4\u00e4nteinen toiminto: Kyll\u00e4<\/li>\n<li>Tuloaukon koko: 1\/4&#8243;<\/li>\n<\/ul>\n<\/li>\n<\/ul>\n<\/li>\n<\/ul>\n<h5>Ilmataltta<\/h5>\n<ul>\n<li style=\"list-style-type: none;\">\n<ul>\n<li style=\"list-style-type: none;\">\n<ul>\n<li>Ilman kulutus: 80 l\/min<\/li>\n<li>Tuloaukon koko: 1\/4&#8243;<\/li>\n<li>Suurin isku minuutissa: 4500 ly\u00f6nti\u00e4 minuutissa<\/li>\n<li>Ter\u00e4n pidike: Kyll\u00e4<\/li>\n<\/ul>\n<\/li>\n<\/ul>\n<\/li>\n<\/ul>\n<h5>Pora<\/h5>\n<ul>\n<li style=\"list-style-type: none;\">\n<ul>\n<li style=\"list-style-type: none;\">\n<ul>\n<li>Istukka: 10 mm<\/li>\n<li>Tuloaukon koko: 1\/4&#8243;<\/li>\n<li>Ilman kulutus: 85 l\/min<\/li>\n<li>Suurin kierrosluku minuutissa: 1 800<\/li>\n<li>K\u00e4\u00e4nteinen toiminto: Kyll\u00e4<\/li>\n<\/ul>\n<\/li>\n<\/ul>\n<\/li>\n<\/ul>\n<h5>Kulmahiomakone<\/h5>\n<ul>\n<li style=\"list-style-type: none;\">\n<ul>\n<li style=\"list-style-type: none;\">\n<ul>\n<li>Ilman kulutus: 170 l\/min<\/li>\n<li>Tuloaukon koko: 1\/4&#8243;<\/li>\n<li>Suurin kierrosluku minuutissa: 11 000<\/li>\n<li>Laikka: 100 mm<\/li>\n<li>Kara: 16 mm<\/li>\n<\/ul>\n<\/li>\n<\/ul>\n<\/li>\n<\/ul>\n<h5>Tyk\u00f6tarpeet<\/h5>\n<ul>\n<li style=\"list-style-type: none;\">\n<ul>\n<li>Hiomalaikka<\/li>\n<li>Taltat<\/li>\n<li>Valettu kotelo<\/li>\n<li>Kuusiokoloavain<\/li>\n<li>Istukka-avain<\/li>\n<li>1\/4&#8243; ilma-adapterit<\/li>\n<li>\u00d6ljypullo<\/li>\n<\/ul>\n<\/li>\n<\/ul>\n","protected":false},"excerpt":{"rendered":"<p>Kattava sarja paineilmaty\u00f6kaluja salkussa. Geko<\/p>\n","protected":false},"featured_media":609,"template":"","meta":{"_monsterinsights_skip_tracking":false,"_monsterinsights_sitenote_active":false,"_monsterinsights_sitenote_note":"","_monsterinsights_sitenote_category":0,"neve_meta_sidebar":"","neve_meta_container":"","neve_meta_enable_content_width":"off","neve_meta_content_width":100,"neve_meta_title_alignment":"","neve_meta_author_avatar":"","neve_post_elements_order":"","neve_meta_disable_header":"","neve_meta_disable_footer":"","neve_meta_disable_title":"","_themeisle_gutenberg_block_has_review":false},"product_brand":[],"product_cat":[50,31],"product_tag":[],"class_list":{"0":"post-607","1":"product","2":"type-product","3":"status-publish","4":"has-post-thumbnail","6":"product_cat-paineilma","7":"product_cat-pulttikoneet-ja-hylsyt","9":"first","10":"instock","11":"taxable","12":"shipping-taxable","13":"purchasable","14":"product-type-simple"},"supplier_id":null,"supplier_sku":"","barcode":null,"atum_controlled":true,"out_stock_date":null,"out_stock_threshold":null,"inheritable":false,"inbound_stock":0,"stock_on_hold":0,"sold_today":0,"sales_last_days":0,"reserved_stock":0,"customer_returns":0,"warehouse_damage":0,"lost_in_post":0,"other_logs":0,"out_stock_days":0,"lost_sales":0,"has_location":false,"update_date":"2026-04-17T00:02:29","atum_locations":[],"atum_stock_status":"instock","restock_status":false,"low_stock_amount":"","sales_update_date":"2026-04-17T00:02:29","calc_backorders":null,"aioseo_notices":[],"_links":{"self":[{"href":"https:\/\/www.jimport.fi\/index.php\/wp-json\/wp\/v2\/product\/607","targetHints":{"allow":["GET"]}}],"collection":[{"href":"https:\/\/www.jimport.fi\/index.php\/wp-json\/wp\/v2\/product"}],"about":[{"href":"https:\/\/www.jimport.fi\/index.php\/wp-json\/wp\/v2\/types\/product"}],"version-history":[{"count":5,"href":"https:\/\/www.jimport.fi\/index.php\/wp-json\/wp\/v2\/product\/607\/revisions"}],"predecessor-version":[{"id":4895,"href":"https:\/\/www.jimport.fi\/index.php\/wp-json\/wp\/v2\/product\/607\/revisions\/4895"}],"wp:featuredmedia":[{"embeddable":true,"href":"https:\/\/www.jimport.fi\/index.php\/wp-json\/wp\/v2\/media\/609"}],"wp:attachment":[{"href":"https:\/\/www.jimport.fi\/index.php\/wp-json\/wp\/v2\/media?parent=607"}],"wp:term":[{"taxonomy":"product_brand","embeddable":true,"href":"https:\/\/www.jimport.fi\/index.php\/wp-json\/wp\/v2\/product_brand?post=607"},{"taxonomy":"product_cat","embeddable":true,"href":"https:\/\/www.jimport.fi\/index.php\/wp-json\/wp\/v2\/product_cat?post=607"},{"taxonomy":"product_tag","embeddable":true,"href":"https:\/\/www.jimport.fi\/index.php\/wp-json\/wp\/v2\/product_tag?post=607"}],"curies":[{"name":"wp","href":"https:\/\/api.w.org\/{rel}","templated":true}]}}