{"id":622,"date":"2022-06-09T08:32:50","date_gmt":"2022-06-09T05:32:50","guid":{"rendered":"https:\/\/www.jimport.fi\/?post_type=product&#038;p=622"},"modified":"2023-09-17T14:02:58","modified_gmt":"2023-09-17T11:02:58","slug":"invertteri-12v-230v-350-700w","status":"publish","type":"product","link":"https:\/\/www.jimport.fi\/index.php\/tuote\/invertteri-12v-230v-350-700w\/","title":{"rendered":"Invertteri 12V\/230V 350\/700W"},"content":{"rendered":"<p>&nbsp;<\/p>\n<h2>Tuotekuvaus<\/h2>\n<h3>J\u00e4nnitemuunnin 12V \/ 230V 350 \/ 700W<\/h3>\n<p>J\u00e4nnitemuunnin on v\u00e4ltt\u00e4m\u00e4t\u00f6n tuote matkoilla &#8211; se muuntaa 12 V: n tasavirran akuista ja autoasennuksista 230 V: n vaihtovirraksi. K\u00e4ytt\u00e4m\u00e4ll\u00e4 sit\u00e4 voit k\u00e4ytt\u00e4\u00e4 elektronisia laitteita, jotka vaativat 230 V: n virtal\u00e4hteen.<\/p>\n<p>Laitteen jatkuva teho on 350 W ja hyv\u00e4ksytt\u00e4v\u00e4 v\u00e4liaikainen teho 700 W.<\/p>\n<p>Sarja sis\u00e4lt\u00e4\u00e4 kiinte\u00e4n kaapelin, joka on p\u00e4\u00e4tetty pistokkeella, joka sopii tupakansytyttimen pistorasiaan.<\/p>\n<h4>K\u00e4ytt\u00e4\u00e4<\/h4>\n<ul>\n<li style=\"list-style-type: none;\">\n<ul>\n<li>RTV-laitteet (televisiot, virittimet, hifi, dvd)<\/li>\n<li>Virtal\u00e4hde latureille (\u00e4lypuhelimet, tabletit, puhelimet, kannettavat tietokoneet, GPS)<\/li>\n<li>toimistotarvikkeet (tulostimet, faksit, tietokoneet, n\u00e4yt\u00f6t)<\/li>\n<li>pienet kodinkoneet (silitysrauta, leiv\u00e4npaahdin, leiv\u00e4npaahdin, vedenkeitin)<\/li>\n<li>valaistus (LED, halogeenit, puutarhavalaisimet, lamput)<\/li>\n<\/ul>\n<\/li>\n<\/ul>\n<h3>Tuotteen ominaisuudet<\/h3>\n<ul>\n<li style=\"list-style-type: none;\">\n<ul>\n<li style=\"list-style-type: none;\">\n<ul>\n<li>Jatkuva teho 350W<\/li>\n<li>Huipputeho 700W<\/li>\n<li>LED-valon virran ja vian ilmaisin<\/li>\n<li>ON\/OFF-kytkin<\/li>\n<li>Modifioitu siniaalto<\/li>\n<li>Maksimaalinen tehokkuus 90%<\/li>\n<li>USB-portti 5V 1A esimerkiksi matkapuhelimien, tablettien virransy\u00f6tt\u00f6\u00f6n<\/li>\n<li>Lis\u00e4sulake pakkauksessa<\/li>\n<\/ul>\n<\/li>\n<\/ul>\n<\/li>\n<\/ul>\n<h4>Tekniset tiedot<\/h4>\n<ul>\n<li style=\"list-style-type: none;\">\n<ul>\n<li>Jatkuva teho: 350W<\/li>\n<li>Huipputeho: 700W<\/li>\n<li>Tuloj\u00e4nnite: 12V<\/li>\n<li>l\u00e4ht\u00f6j\u00e4nnite: 230V<\/li>\n<li>L\u00e4ht\u00f6aaltomuoto: modifioitu siniaalto<\/li>\n<li>Suurin hy\u00f6tysuhde: 90%<\/li>\n<li>Suoja:\n<ul>\n<li>Tulon k\u00e4\u00e4nteisnapaisuussuojaus: sulakkeen palaminen<\/li>\n<li>Pienj\u00e4nnitesuojaus: H\u00e4lytys aluksi, j\u00e4nnite v\u00e4henee jatkuvasti. Punainen LED-valo palaa ja sammuu<\/li>\n<li>Ylikuormitussuoja: punainen LED-valo palaa, sammuu<\/li>\n<li>Oikosulkusuojaus: punainen LED-valo palaa<\/li>\n<li>Ylikuumenemissuoja: H\u00e4lytys aluksi, l\u00e4mp\u00f6tila nousee jatkuvasti. Punainen LED-valo palaa ja sammuu<\/li>\n<\/ul>\n<\/li>\n<li>K\u00e4ytt\u00f6l\u00e4mp\u00f6tila: -10 \u00b0C &#8230; +50 \u00b0C<\/li>\n<li>Varastointil\u00e4mp\u00f6tila: -30 \u00b0C &#8230; +70 \u00b0C<\/li>\n<li>Tuloj\u00e4nnitealue: 10V &#8211; 15.5V<\/li>\n<li>Pienj\u00e4nniteh\u00e4lytys: 10,5V \u00b1 0,5V<\/li>\n<li>Pienj\u00e4nnitesuojaus: 10V \u00b1 0.5V<\/li>\n<li>Ylij\u00e4nnitesuojaus: 15.5V \u00b1 0.5V<\/li>\n<li>Matalan j\u00e4nnitteen palautus: 13V \u00b1 0.5V<\/li>\n<li>Ylij\u00e4nnitteen palautus: 14.8V \u00b1 0.5V<\/li>\n<\/ul>\n<\/li>\n<\/ul>\n","protected":false},"excerpt":{"rendered":"<p>Modifioitu siniaalto invertteri usb l\u00e4hd\u00f6ll\u00e4<\/p>\n","protected":false},"featured_media":623,"template":"","meta":{"_monsterinsights_skip_tracking":false,"_monsterinsights_sitenote_active":false,"_monsterinsights_sitenote_note":"","_monsterinsights_sitenote_category":0,"neve_meta_sidebar":"","neve_meta_container":"","neve_meta_enable_content_width":"off","neve_meta_content_width":100,"neve_meta_title_alignment":"","neve_meta_author_avatar":"","neve_post_elements_order":"","neve_meta_disable_header":"","neve_meta_disable_footer":"","neve_meta_disable_title":"","_themeisle_gutenberg_block_has_review":false},"product_brand":[],"product_cat":[35],"product_tag":[],"class_list":{"0":"post-622","1":"product","2":"type-product","3":"status-publish","4":"has-post-thumbnail","6":"product_cat-virtapulaan","8":"first","9":"instock","10":"taxable","11":"shipping-taxable","12":"purchasable","13":"product-type-simple"},"supplier_id":null,"supplier_sku":"","barcode":null,"atum_controlled":true,"out_stock_date":null,"out_stock_threshold":null,"inheritable":false,"inbound_stock":0,"stock_on_hold":0,"sold_today":0,"sales_last_days":0,"reserved_stock":0,"customer_returns":0,"warehouse_damage":0,"lost_in_post":0,"other_logs":0,"out_stock_days":0,"lost_sales":0,"has_location":false,"update_date":"2026-05-02T00:38:03","atum_locations":[],"atum_stock_status":"instock","restock_status":false,"low_stock_amount":"","sales_update_date":"2026-05-02T00:38:03","calc_backorders":null,"aioseo_notices":[],"_links":{"self":[{"href":"https:\/\/www.jimport.fi\/index.php\/wp-json\/wp\/v2\/product\/622","targetHints":{"allow":["GET"]}}],"collection":[{"href":"https:\/\/www.jimport.fi\/index.php\/wp-json\/wp\/v2\/product"}],"about":[{"href":"https:\/\/www.jimport.fi\/index.php\/wp-json\/wp\/v2\/types\/product"}],"version-history":[{"count":5,"href":"https:\/\/www.jimport.fi\/index.php\/wp-json\/wp\/v2\/product\/622\/revisions"}],"predecessor-version":[{"id":6112,"href":"https:\/\/www.jimport.fi\/index.php\/wp-json\/wp\/v2\/product\/622\/revisions\/6112"}],"wp:featuredmedia":[{"embeddable":true,"href":"https:\/\/www.jimport.fi\/index.php\/wp-json\/wp\/v2\/media\/623"}],"wp:attachment":[{"href":"https:\/\/www.jimport.fi\/index.php\/wp-json\/wp\/v2\/media?parent=622"}],"wp:term":[{"taxonomy":"product_brand","embeddable":true,"href":"https:\/\/www.jimport.fi\/index.php\/wp-json\/wp\/v2\/product_brand?post=622"},{"taxonomy":"product_cat","embeddable":true,"href":"https:\/\/www.jimport.fi\/index.php\/wp-json\/wp\/v2\/product_cat?post=622"},{"taxonomy":"product_tag","embeddable":true,"href":"https:\/\/www.jimport.fi\/index.php\/wp-json\/wp\/v2\/product_tag?post=622"}],"curies":[{"name":"wp","href":"https:\/\/api.w.org\/{rel}","templated":true}]}}