{"id":6292,"date":"2023-09-15T12:44:41","date_gmt":"2023-09-15T09:44:41","guid":{"rendered":"https:\/\/www.jimport.fi\/?post_type=product&#038;p=6292"},"modified":"2025-12-25T09:38:49","modified_gmt":"2025-12-25T06:38:49","slug":"kaasupoltin-messinkisuuttimella","status":"publish","type":"product","link":"https:\/\/www.jimport.fi\/index.php\/tuote\/kaasupoltin-messinkisuuttimella\/","title":{"rendered":"Kaasupoltin messinkisuuttimella"},"content":{"rendered":"<h2>Tuotekuvaus<\/h2>\n<p><strong>Kaasupoltin messinkisuuttimella.<\/strong>\u00a0Siin\u00e4 on liekin koon tasainen s\u00e4\u00e4t\u00f6. Suunniteltu k\u00e4ytett\u00e4v\u00e4ksi kaasupatruunoiden kanssa. Kaasupolttimella voit helposti sytytt\u00e4\u00e4 grillin ja poistaa vanhat maali- tai juotoselementit, jotka on valmistettu esimerkiksi kuparista.<\/p>\n<h4>Tuotteen ominaisuudet:<\/h4>\n<ul>\n<li>Sis\u00e4\u00e4nrakennettu tehons\u00e4\u00e4t\u00f6nuppiin<\/li>\n<li><strong>Teho 1,3 kW<\/strong><\/li>\n<li>L\u00e4mp\u00f6tila\u00a0<strong>jopa 1300\u00b0C<\/strong><\/li>\n<li>Butaanikaasus\u00e4ili\u00f6lle A4<\/li>\n<\/ul>\n","protected":false},"excerpt":{"rendered":"<p>Pitk\u00e4kaulainen ja ulottuva kaasupoltin (ei piezo sytytyst\u00e4)<\/p>\n","protected":false},"featured_media":6294,"template":"","meta":{"_monsterinsights_skip_tracking":false,"_monsterinsights_sitenote_active":false,"_monsterinsights_sitenote_note":"","_monsterinsights_sitenote_category":0,"neve_meta_sidebar":"","neve_meta_container":"","neve_meta_enable_content_width":"off","neve_meta_content_width":100,"neve_meta_title_alignment":"","neve_meta_author_avatar":"","neve_post_elements_order":"","neve_meta_disable_header":"","neve_meta_disable_footer":"","neve_meta_disable_title":"","_themeisle_gutenberg_block_has_review":false},"product_brand":[],"product_cat":[55],"product_tag":[],"class_list":{"0":"post-6292","1":"product","2":"type-product","3":"status-publish","4":"has-post-thumbnail","6":"product_cat-kaasutoho","8":"first","9":"outofstock","10":"taxable","11":"shipping-taxable","12":"purchasable","13":"product-type-simple"},"supplier_id":null,"supplier_sku":"","barcode":null,"atum_controlled":true,"out_stock_date":"2025-12-25 09:38:49","out_stock_threshold":null,"inheritable":false,"inbound_stock":null,"stock_on_hold":0,"sold_today":0,"sales_last_days":0,"reserved_stock":null,"customer_returns":null,"warehouse_damage":null,"lost_in_post":null,"other_logs":null,"out_stock_days":111,"lost_sales":141,"has_location":false,"update_date":"2026-04-16T00:01:19","atum_locations":[],"atum_stock_status":"outofstock","restock_status":false,"low_stock_amount":"","sales_update_date":"2026-04-16T00:01:19","calc_backorders":null,"aioseo_notices":[],"_links":{"self":[{"href":"https:\/\/www.jimport.fi\/index.php\/wp-json\/wp\/v2\/product\/6292","targetHints":{"allow":["GET"]}}],"collection":[{"href":"https:\/\/www.jimport.fi\/index.php\/wp-json\/wp\/v2\/product"}],"about":[{"href":"https:\/\/www.jimport.fi\/index.php\/wp-json\/wp\/v2\/types\/product"}],"version-history":[{"count":1,"href":"https:\/\/www.jimport.fi\/index.php\/wp-json\/wp\/v2\/product\/6292\/revisions"}],"predecessor-version":[{"id":6295,"href":"https:\/\/www.jimport.fi\/index.php\/wp-json\/wp\/v2\/product\/6292\/revisions\/6295"}],"wp:featuredmedia":[{"embeddable":true,"href":"https:\/\/www.jimport.fi\/index.php\/wp-json\/wp\/v2\/media\/6294"}],"wp:attachment":[{"href":"https:\/\/www.jimport.fi\/index.php\/wp-json\/wp\/v2\/media?parent=6292"}],"wp:term":[{"taxonomy":"product_brand","embeddable":true,"href":"https:\/\/www.jimport.fi\/index.php\/wp-json\/wp\/v2\/product_brand?post=6292"},{"taxonomy":"product_cat","embeddable":true,"href":"https:\/\/www.jimport.fi\/index.php\/wp-json\/wp\/v2\/product_cat?post=6292"},{"taxonomy":"product_tag","embeddable":true,"href":"https:\/\/www.jimport.fi\/index.php\/wp-json\/wp\/v2\/product_tag?post=6292"}],"curies":[{"name":"wp","href":"https:\/\/api.w.org\/{rel}","templated":true}]}}