{"id":6296,"date":"2023-09-15T13:08:33","date_gmt":"2023-09-15T10:08:33","guid":{"rendered":"https:\/\/www.jimport.fi\/?post_type=product&#038;p=6296"},"modified":"2023-09-15T13:08:33","modified_gmt":"2023-09-15T10:08:33","slug":"kaasupoltin-360-suora","status":"publish","type":"product","link":"https:\/\/www.jimport.fi\/index.php\/tuote\/kaasupoltin-360-suora\/","title":{"rendered":"Kaasupoltin 360 suora"},"content":{"rendered":"<h3>Tuotteen ominaisuudet<\/h3>\n<ul>\n<li>Yhden kosketuksen automaattinen piezosytytys<\/li>\n<li>Runko ter\u00e4st\u00e4<\/li>\n<li>Kest\u00e4v\u00e4 kupariydinsuutin<\/li>\n<li>Kaasun s\u00e4\u00e4t\u00f6nuppi<\/li>\n<li>Nimellinen l\u00e4mp\u00f6teho 1,3 kW<\/li>\n<li>Suurin tuliteho jopa 1300 \u00b0C<\/li>\n<li>Butaanis\u00e4ili\u00f6n liitin A4<\/li>\n<\/ul>\n","protected":false},"excerpt":{"rendered":"<p>360 astetta k\u00e4\u00e4ntely\u00e4 siet\u00e4v\u00e4 kaasupoltin Piezo sytytyksell\u00e4 ja metallisella rungolla (vain nupit ja pullon kiinnitysosa muovia)<\/p>\n","protected":false},"featured_media":6299,"template":"","meta":{"_monsterinsights_skip_tracking":false,"_monsterinsights_sitenote_active":false,"_monsterinsights_sitenote_note":"","_monsterinsights_sitenote_category":0,"neve_meta_sidebar":"","neve_meta_container":"","neve_meta_enable_content_width":"off","neve_meta_content_width":100,"neve_meta_title_alignment":"","neve_meta_author_avatar":"","neve_post_elements_order":"","neve_meta_disable_header":"","neve_meta_disable_footer":"","neve_meta_disable_title":"","_themeisle_gutenberg_block_has_review":false},"product_brand":[],"product_cat":[55],"product_tag":[],"class_list":{"0":"post-6296","1":"product","2":"type-product","3":"status-publish","4":"has-post-thumbnail","6":"product_cat-kaasutoho","8":"first","9":"instock","10":"taxable","11":"shipping-taxable","12":"purchasable","13":"product-type-simple"},"supplier_id":null,"supplier_sku":"","barcode":null,"atum_controlled":true,"out_stock_date":null,"out_stock_threshold":null,"inheritable":false,"inbound_stock":null,"stock_on_hold":0,"sold_today":0,"sales_last_days":0,"reserved_stock":null,"customer_returns":null,"warehouse_damage":null,"lost_in_post":null,"other_logs":null,"out_stock_days":0,"lost_sales":0,"has_location":false,"update_date":"2026-05-13T01:00:21","atum_locations":[],"atum_stock_status":"instock","restock_status":false,"low_stock_amount":"","sales_update_date":"2026-05-13T01:00:21","calc_backorders":null,"aioseo_notices":[],"_links":{"self":[{"href":"https:\/\/www.jimport.fi\/index.php\/wp-json\/wp\/v2\/product\/6296","targetHints":{"allow":["GET"]}}],"collection":[{"href":"https:\/\/www.jimport.fi\/index.php\/wp-json\/wp\/v2\/product"}],"about":[{"href":"https:\/\/www.jimport.fi\/index.php\/wp-json\/wp\/v2\/types\/product"}],"version-history":[{"count":1,"href":"https:\/\/www.jimport.fi\/index.php\/wp-json\/wp\/v2\/product\/6296\/revisions"}],"predecessor-version":[{"id":6300,"href":"https:\/\/www.jimport.fi\/index.php\/wp-json\/wp\/v2\/product\/6296\/revisions\/6300"}],"wp:featuredmedia":[{"embeddable":true,"href":"https:\/\/www.jimport.fi\/index.php\/wp-json\/wp\/v2\/media\/6299"}],"wp:attachment":[{"href":"https:\/\/www.jimport.fi\/index.php\/wp-json\/wp\/v2\/media?parent=6296"}],"wp:term":[{"taxonomy":"product_brand","embeddable":true,"href":"https:\/\/www.jimport.fi\/index.php\/wp-json\/wp\/v2\/product_brand?post=6296"},{"taxonomy":"product_cat","embeddable":true,"href":"https:\/\/www.jimport.fi\/index.php\/wp-json\/wp\/v2\/product_cat?post=6296"},{"taxonomy":"product_tag","embeddable":true,"href":"https:\/\/www.jimport.fi\/index.php\/wp-json\/wp\/v2\/product_tag?post=6296"}],"curies":[{"name":"wp","href":"https:\/\/api.w.org\/{rel}","templated":true}]}}