{"id":6310,"date":"2023-09-15T14:32:06","date_gmt":"2023-09-15T11:32:06","guid":{"rendered":"https:\/\/www.jimport.fi\/?post_type=product&#038;p=6310"},"modified":"2023-09-15T14:32:06","modified_gmt":"2023-09-15T11:32:06","slug":"pakkelilastat-4kpl","status":"publish","type":"product","link":"https:\/\/www.jimport.fi\/index.php\/tuote\/pakkelilastat-4kpl\/","title":{"rendered":"Pakkelilastat 4kpl"},"content":{"rendered":"<p><span><strong>Tekniset tiedot<\/strong>:<\/span><\/p>\n<p>Materiaali:\u00a0<strong>muovi<\/strong><\/p>\n<p>Paksuus:\u00a0<strong>1.5 mm<\/strong><\/p>\n<p>Lastojen mitat:<\/p>\n<p><strong>73 x 48<\/strong> mm\/ 96 x 73 mm \/97 x 97 mm\/ <strong>97<\/strong><strong>x 116 mm<\/strong><\/p>\n","protected":false},"excerpt":{"rendered":"<p><strong>Sarja muovisia Japan lastoja 4;ss\u00e4 eri koossa<\/strong>. Valmistettu korkealaatuisesta, joustavasta, liuottimia kest\u00e4v\u00e4st\u00e4 muovista.<\/p>\n","protected":false},"featured_media":6312,"template":"","meta":{"_monsterinsights_skip_tracking":false,"_monsterinsights_sitenote_active":false,"_monsterinsights_sitenote_note":"","_monsterinsights_sitenote_category":0,"neve_meta_sidebar":"","neve_meta_container":"","neve_meta_enable_content_width":"off","neve_meta_content_width":100,"neve_meta_title_alignment":"","neve_meta_author_avatar":"","neve_post_elements_order":"","neve_meta_disable_header":"","neve_meta_disable_footer":"","neve_meta_disable_title":"","_themeisle_gutenberg_block_has_review":false},"product_brand":[],"product_cat":[44],"product_tag":[],"class_list":{"0":"post-6310","1":"product","2":"type-product","3":"status-publish","4":"has-post-thumbnail","6":"product_cat-hionta","8":"first","9":"instock","10":"taxable","11":"shipping-taxable","12":"purchasable","13":"product-type-simple"},"supplier_id":null,"supplier_sku":"","barcode":null,"atum_controlled":true,"out_stock_date":null,"out_stock_threshold":null,"inheritable":false,"inbound_stock":null,"stock_on_hold":0,"sold_today":0,"sales_last_days":0,"reserved_stock":null,"customer_returns":null,"warehouse_damage":null,"lost_in_post":null,"other_logs":null,"out_stock_days":0,"lost_sales":0,"has_location":false,"update_date":"2026-04-30T00:32:03","atum_locations":[],"atum_stock_status":"instock","restock_status":false,"low_stock_amount":"","sales_update_date":"2026-04-30T00:32:03","calc_backorders":null,"aioseo_notices":[],"_links":{"self":[{"href":"https:\/\/www.jimport.fi\/index.php\/wp-json\/wp\/v2\/product\/6310","targetHints":{"allow":["GET"]}}],"collection":[{"href":"https:\/\/www.jimport.fi\/index.php\/wp-json\/wp\/v2\/product"}],"about":[{"href":"https:\/\/www.jimport.fi\/index.php\/wp-json\/wp\/v2\/types\/product"}],"version-history":[{"count":1,"href":"https:\/\/www.jimport.fi\/index.php\/wp-json\/wp\/v2\/product\/6310\/revisions"}],"predecessor-version":[{"id":6313,"href":"https:\/\/www.jimport.fi\/index.php\/wp-json\/wp\/v2\/product\/6310\/revisions\/6313"}],"wp:featuredmedia":[{"embeddable":true,"href":"https:\/\/www.jimport.fi\/index.php\/wp-json\/wp\/v2\/media\/6312"}],"wp:attachment":[{"href":"https:\/\/www.jimport.fi\/index.php\/wp-json\/wp\/v2\/media?parent=6310"}],"wp:term":[{"taxonomy":"product_brand","embeddable":true,"href":"https:\/\/www.jimport.fi\/index.php\/wp-json\/wp\/v2\/product_brand?post=6310"},{"taxonomy":"product_cat","embeddable":true,"href":"https:\/\/www.jimport.fi\/index.php\/wp-json\/wp\/v2\/product_cat?post=6310"},{"taxonomy":"product_tag","embeddable":true,"href":"https:\/\/www.jimport.fi\/index.php\/wp-json\/wp\/v2\/product_tag?post=6310"}],"curies":[{"name":"wp","href":"https:\/\/api.w.org\/{rel}","templated":true}]}}