{"id":6323,"date":"2023-09-15T15:43:30","date_gmt":"2023-09-15T12:43:30","guid":{"rendered":"https:\/\/www.jimport.fi\/?post_type=product&#038;p=6323"},"modified":"2023-09-15T15:47:10","modified_gmt":"2023-09-15T12:47:10","slug":"siirtoleukapihdit-300mm-2","status":"publish","type":"product","link":"https:\/\/www.jimport.fi\/index.php\/tuote\/siirtoleukapihdit-300mm-2\/","title":{"rendered":"Siirtoleukapihdit 300mm"},"content":{"rendered":"<h4>Tuotteen ominaisuudet:<\/h4>\n<ul>\n<li>Valmistettu kest\u00e4v\u00e4st\u00e4 CrV-ty\u00f6kaluter\u00e4ksest\u00e4<\/li>\n<li>Leuan aukon nopea ja tarkka s\u00e4\u00e4t\u00f6 innovatiivisella painikkeella<\/li>\n<li>Soveltuu erikokoisiin putkiin ja esineisiin<\/li>\n<li>Putkien ja muttereiden itselukittuva mekanismi takaa vakaan otteen ja v\u00e4hent\u00e4\u00e4 liukumista<\/li>\n<li>Tarjoaa maksimaalisen mukavuuden, mik\u00e4 lis\u00e4\u00e4 ty\u00f6n tehokkuutta<\/li>\n<li>Erityisesti karkaistut hampaat takaavat turvallisen otteen putkista, muttereista jne., Ja kest\u00e4v\u00e4t hyvin kulumista<\/li>\n<\/ul>\n","protected":false},"excerpt":{"rendered":"<p>Nappis\u00e4\u00e4t\u00f6iset vesipumppupihdit, vaativampaankin k\u00e4ytt\u00f6\u00f6n.<\/p>\n","protected":false},"featured_media":6321,"template":"","meta":{"_monsterinsights_skip_tracking":false,"_monsterinsights_sitenote_active":false,"_monsterinsights_sitenote_note":"","_monsterinsights_sitenote_category":0,"neve_meta_sidebar":"","neve_meta_container":"","neve_meta_enable_content_width":"off","neve_meta_content_width":100,"neve_meta_title_alignment":"","neve_meta_author_avatar":"","neve_post_elements_order":"","neve_meta_disable_header":"","neve_meta_disable_footer":"","neve_meta_disable_title":"","_themeisle_gutenberg_block_has_review":false},"product_brand":[],"product_cat":[34],"product_tag":[],"class_list":{"0":"post-6323","1":"product","2":"type-product","3":"status-publish","4":"has-post-thumbnail","6":"product_cat-pihdit","8":"first","9":"instock","10":"taxable","11":"shipping-taxable","12":"purchasable","13":"product-type-simple"},"supplier_id":null,"supplier_sku":"","barcode":null,"atum_controlled":true,"out_stock_date":null,"out_stock_threshold":null,"inheritable":false,"inbound_stock":null,"stock_on_hold":0,"sold_today":0,"sales_last_days":0,"reserved_stock":null,"customer_returns":null,"warehouse_damage":null,"lost_in_post":null,"other_logs":null,"out_stock_days":0,"lost_sales":0,"has_location":false,"update_date":"2026-05-13T01:00:05","atum_locations":[],"atum_stock_status":"instock","restock_status":false,"low_stock_amount":"","sales_update_date":"2026-05-13T01:00:05","calc_backorders":null,"aioseo_notices":[],"_links":{"self":[{"href":"https:\/\/www.jimport.fi\/index.php\/wp-json\/wp\/v2\/product\/6323","targetHints":{"allow":["GET"]}}],"collection":[{"href":"https:\/\/www.jimport.fi\/index.php\/wp-json\/wp\/v2\/product"}],"about":[{"href":"https:\/\/www.jimport.fi\/index.php\/wp-json\/wp\/v2\/types\/product"}],"version-history":[{"count":1,"href":"https:\/\/www.jimport.fi\/index.php\/wp-json\/wp\/v2\/product\/6323\/revisions"}],"predecessor-version":[{"id":6325,"href":"https:\/\/www.jimport.fi\/index.php\/wp-json\/wp\/v2\/product\/6323\/revisions\/6325"}],"wp:featuredmedia":[{"embeddable":true,"href":"https:\/\/www.jimport.fi\/index.php\/wp-json\/wp\/v2\/media\/6321"}],"wp:attachment":[{"href":"https:\/\/www.jimport.fi\/index.php\/wp-json\/wp\/v2\/media?parent=6323"}],"wp:term":[{"taxonomy":"product_brand","embeddable":true,"href":"https:\/\/www.jimport.fi\/index.php\/wp-json\/wp\/v2\/product_brand?post=6323"},{"taxonomy":"product_cat","embeddable":true,"href":"https:\/\/www.jimport.fi\/index.php\/wp-json\/wp\/v2\/product_cat?post=6323"},{"taxonomy":"product_tag","embeddable":true,"href":"https:\/\/www.jimport.fi\/index.php\/wp-json\/wp\/v2\/product_tag?post=6323"}],"curies":[{"name":"wp","href":"https:\/\/api.w.org\/{rel}","templated":true}]}}