{"id":6332,"date":"2023-09-15T16:22:09","date_gmt":"2023-09-15T13:22:09","guid":{"rendered":"https:\/\/www.jimport.fi\/?post_type=product&#038;p=6332"},"modified":"2025-10-04T14:53:17","modified_gmt":"2025-10-04T11:53:17","slug":"sahkoteippi-10kpl","status":"publish","type":"product","link":"https:\/\/www.jimport.fi\/index.php\/tuote\/sahkoteippi-10kpl\/","title":{"rendered":"S\u00e4hk\u00f6teippi 10kpl"},"content":{"rendered":"<h2>Tuotekuvaus<\/h2>\n<p><strong>Sarja 10 eristysnauhaa eri v\u00e4reiss\u00e4.<\/strong>\u00a0Nauhoille on ominaista eritt\u00e4in hyv\u00e4t eristysominaisuudet, jotka on valmistettu PVC: st\u00e4 ja kumipohjaisesta liimasta. Sille on ominaista korkea tarttuvuus ter\u00e4kseen ja korkea joustavuus. Sarja sis\u00e4lt\u00e4\u00e4 10 eristysteippi\u00e4 5 v\u00e4riss\u00e4.<\/p>\n<p><strong>Tuotteen ominaisuudet:<\/strong><br \/>\nkorkealaatuinen PVC-tausta, kumipohjainen liima,<br \/>\neritt\u00e4in hyv\u00e4 tarttuvuus ter\u00e4kseen<br \/>\n, korkea joustavuus ja venytys,<br \/>\nne sopivat erinomaisesti s\u00e4hk\u00f6asennuksiin, johtojen erist\u00e4miseen ja merkitsemiseen<br \/>\nSarja sis\u00e4lt\u00e4\u00e4 10 teippi\u00e4 5 eri v\u00e4riss\u00e4<\/p>\n<p><strong>Tekniset:<\/strong><\/p>\n<p>Leveys:<strong>\u00a019mm<\/strong><\/p>\n<p>Paksuus:\u00a0<strong>0.13mm<\/strong><\/p>\n<p>Pituus:\u00a0<strong>5m<\/strong><\/p>\n<p>S\u00e4hk\u00f6lujuus:\u00a0<strong>600V<\/strong><\/p>\n<p>Murtovoima:\u00a0<strong>26N \/ 10mm<\/strong><\/p>\n<p>Vetolujuus:\u00a0<strong>18N\/mm<\/strong><\/p>\n<p>Venytys:\u00a0<strong>150%<\/strong><\/p>\n<p>L\u00e4mp\u00f6tila-alue:\u00a0<strong>-18\u00b0C &#8230; +80\u00b0C<\/strong><\/p>\n","protected":false},"excerpt":{"rendered":"<p>S\u00e4hk\u00f6teippi p\u00f6tkyl\u00e4, jossa yleisimm\u00e4t v\u00e4rit 19mm x 0,13 x 5m rullissa.<\/p>\n","protected":false},"featured_media":6334,"template":"","meta":{"_monsterinsights_skip_tracking":false,"_monsterinsights_sitenote_active":false,"_monsterinsights_sitenote_note":"","_monsterinsights_sitenote_category":0,"neve_meta_sidebar":"","neve_meta_container":"","neve_meta_enable_content_width":"off","neve_meta_content_width":100,"neve_meta_title_alignment":"","neve_meta_author_avatar":"","neve_post_elements_order":"","neve_meta_disable_header":"","neve_meta_disable_footer":"","neve_meta_disable_title":"","_themeisle_gutenberg_block_has_review":false},"product_brand":[],"product_cat":[48,51],"product_tag":[],"class_list":{"0":"post-6332","1":"product","2":"type-product","3":"status-publish","4":"has-post-thumbnail","6":"product_cat-tarvikkeet","7":"product_cat-sahkotyokalut","9":"first","10":"instock","11":"taxable","12":"shipping-taxable","13":"purchasable","14":"product-type-simple"},"supplier_id":null,"supplier_sku":"","barcode":null,"atum_controlled":true,"out_stock_date":null,"out_stock_threshold":null,"inheritable":false,"inbound_stock":null,"stock_on_hold":0,"sold_today":0,"sales_last_days":0,"reserved_stock":null,"customer_returns":null,"warehouse_damage":null,"lost_in_post":null,"other_logs":null,"out_stock_days":0,"lost_sales":0,"has_location":false,"update_date":"2026-04-21T00:15:13","atum_locations":[],"atum_stock_status":"instock","restock_status":false,"low_stock_amount":"","sales_update_date":"2026-04-21T00:15:13","calc_backorders":null,"aioseo_notices":[],"_links":{"self":[{"href":"https:\/\/www.jimport.fi\/index.php\/wp-json\/wp\/v2\/product\/6332","targetHints":{"allow":["GET"]}}],"collection":[{"href":"https:\/\/www.jimport.fi\/index.php\/wp-json\/wp\/v2\/product"}],"about":[{"href":"https:\/\/www.jimport.fi\/index.php\/wp-json\/wp\/v2\/types\/product"}],"version-history":[{"count":2,"href":"https:\/\/www.jimport.fi\/index.php\/wp-json\/wp\/v2\/product\/6332\/revisions"}],"predecessor-version":[{"id":6336,"href":"https:\/\/www.jimport.fi\/index.php\/wp-json\/wp\/v2\/product\/6332\/revisions\/6336"}],"wp:featuredmedia":[{"embeddable":true,"href":"https:\/\/www.jimport.fi\/index.php\/wp-json\/wp\/v2\/media\/6334"}],"wp:attachment":[{"href":"https:\/\/www.jimport.fi\/index.php\/wp-json\/wp\/v2\/media?parent=6332"}],"wp:term":[{"taxonomy":"product_brand","embeddable":true,"href":"https:\/\/www.jimport.fi\/index.php\/wp-json\/wp\/v2\/product_brand?post=6332"},{"taxonomy":"product_cat","embeddable":true,"href":"https:\/\/www.jimport.fi\/index.php\/wp-json\/wp\/v2\/product_cat?post=6332"},{"taxonomy":"product_tag","embeddable":true,"href":"https:\/\/www.jimport.fi\/index.php\/wp-json\/wp\/v2\/product_tag?post=6332"}],"curies":[{"name":"wp","href":"https:\/\/api.w.org\/{rel}","templated":true}]}}