{"id":6352,"date":"2023-09-15T17:48:27","date_gmt":"2023-09-15T14:48:27","guid":{"rendered":"https:\/\/www.jimport.fi\/?post_type=product&#038;p=6352"},"modified":"2023-09-15T17:53:36","modified_gmt":"2023-09-15T14:53:36","slug":"putkipihdit-15","status":"publish","type":"product","link":"https:\/\/www.jimport.fi\/index.php\/tuote\/putkipihdit-15\/","title":{"rendered":"Putkipihdit 1,5&#8243;"},"content":{"rendered":"<h2>Tuotekuvaus<\/h2>\n<p>S Shape putkiavain 1,5&#8243;,\u00a0 45\u00b0kulmassa.<\/p>\n<ul>\n<li>Double-T-profiilikahva suljetulla s\u00e4\u00e4t\u00f6mutterilla<\/li>\n<li>Induktiokarkaistut hampaat kompensoivat py\u00f6rimissuuntaa<\/li>\n<\/ul>\n","protected":false},"excerpt":{"rendered":"<p>Perinteiset putkitonget, moniin k\u00e4ytt\u00f6sovelluksiin. Pituus 320mm<\/p>\n","protected":false},"featured_media":6355,"template":"","meta":{"_monsterinsights_skip_tracking":false,"_monsterinsights_sitenote_active":false,"_monsterinsights_sitenote_note":"","_monsterinsights_sitenote_category":0,"neve_meta_sidebar":"","neve_meta_container":"","neve_meta_enable_content_width":"off","neve_meta_content_width":100,"neve_meta_title_alignment":"","neve_meta_author_avatar":"","neve_post_elements_order":"","neve_meta_disable_header":"","neve_meta_disable_footer":"","neve_meta_disable_title":"","_themeisle_gutenberg_block_has_review":false},"product_brand":[],"product_cat":[34],"product_tag":[],"class_list":{"0":"post-6352","1":"product","2":"type-product","3":"status-publish","4":"has-post-thumbnail","6":"product_cat-pihdit","8":"first","9":"instock","10":"taxable","11":"shipping-taxable","12":"purchasable","13":"product-type-simple"},"supplier_id":null,"supplier_sku":"","barcode":null,"atum_controlled":true,"out_stock_date":null,"out_stock_threshold":null,"inheritable":false,"inbound_stock":null,"stock_on_hold":0,"sold_today":0,"sales_last_days":0,"reserved_stock":null,"customer_returns":null,"warehouse_damage":null,"lost_in_post":null,"other_logs":null,"out_stock_days":0,"lost_sales":0,"has_location":false,"update_date":"2026-05-13T01:00:08","atum_locations":[],"atum_stock_status":"instock","restock_status":false,"low_stock_amount":"","sales_update_date":"2026-05-13T01:00:08","calc_backorders":null,"aioseo_notices":[],"_links":{"self":[{"href":"https:\/\/www.jimport.fi\/index.php\/wp-json\/wp\/v2\/product\/6352","targetHints":{"allow":["GET"]}}],"collection":[{"href":"https:\/\/www.jimport.fi\/index.php\/wp-json\/wp\/v2\/product"}],"about":[{"href":"https:\/\/www.jimport.fi\/index.php\/wp-json\/wp\/v2\/types\/product"}],"version-history":[{"count":1,"href":"https:\/\/www.jimport.fi\/index.php\/wp-json\/wp\/v2\/product\/6352\/revisions"}],"predecessor-version":[{"id":6356,"href":"https:\/\/www.jimport.fi\/index.php\/wp-json\/wp\/v2\/product\/6352\/revisions\/6356"}],"wp:featuredmedia":[{"embeddable":true,"href":"https:\/\/www.jimport.fi\/index.php\/wp-json\/wp\/v2\/media\/6355"}],"wp:attachment":[{"href":"https:\/\/www.jimport.fi\/index.php\/wp-json\/wp\/v2\/media?parent=6352"}],"wp:term":[{"taxonomy":"product_brand","embeddable":true,"href":"https:\/\/www.jimport.fi\/index.php\/wp-json\/wp\/v2\/product_brand?post=6352"},{"taxonomy":"product_cat","embeddable":true,"href":"https:\/\/www.jimport.fi\/index.php\/wp-json\/wp\/v2\/product_cat?post=6352"},{"taxonomy":"product_tag","embeddable":true,"href":"https:\/\/www.jimport.fi\/index.php\/wp-json\/wp\/v2\/product_tag?post=6352"}],"curies":[{"name":"wp","href":"https:\/\/api.w.org\/{rel}","templated":true}]}}