{"id":6419,"date":"2023-09-16T11:43:17","date_gmt":"2023-09-16T08:43:17","guid":{"rendered":"https:\/\/www.jimport.fi\/?post_type=product&#038;p=6419"},"modified":"2023-09-16T11:43:17","modified_gmt":"2023-09-16T08:43:17","slug":"led-taskulamppu-10w","status":"publish","type":"product","link":"https:\/\/www.jimport.fi\/index.php\/tuote\/led-taskulamppu-10w\/","title":{"rendered":"Led taskulamppu 10W"},"content":{"rendered":"<h2>Tuotekuvaus<\/h2>\n<p><strong>Laadukas taskulamppu<\/strong>, joka on varustettu uusimman sukupolven\u00a0<strong>T6 Cree LED -diodilla<\/strong>. Se saa virtansa\u00a0<strong>18650ICR-akusta, jonka kapasiteetti on 2200 mAh<\/strong>\u00a0Sarja sis\u00e4lt\u00e4\u00e4 my\u00f6s sovittimen, jonka avulla voit k\u00e4ytt\u00e4\u00e4 taskulamppua kolmella AAA-paristolla. Siin\u00e4 on <strong>viisi toimintatilaa<\/strong>: 100% valo, 50% valo, 30% valo, SOS ja strobo.<\/p>\n<p><strong>Tuotteen ominaisuudet<\/strong>: korkealaatuinen<br \/>\nkest\u00e4v\u00e4 runko, joka on valmistettu\u00a0<strong>anodisoidusta alumiinista<\/strong><br \/>\nuusimman sukupolven<strong>\u00a0T6 Cree LED<\/strong><br \/>\ns\u00e4teilee valons\u00e4teen, jonka teho on\u00a0<strong>800lm<\/strong><br \/>\nvedenpit\u00e4v\u00e4 muotoilu &#8211;\u00a0<strong>IPX4<\/strong><br \/>\ntehokas alue jopa\u00a0<strong>500m<\/strong><br \/>\nkahva, joka mahdollistaa taskulampun nopean kokoamisen ja purkamisen, t\u00e4ydellinen py\u00f6r\u00e4retkille ja vaellukselle<br \/>\non 5 valaistustilaa:<br \/>\n<strong>100%, 50%, 30%, SOS ja strobe<\/strong><br \/>\nkaksi virtavaihtoehtoa, k\u00e4ytt\u00e4en 18650ICR-paristoa (mukana) ja kolmea AAA-paristoa (mukana erikoissovitin)<br \/>\nsarja sis\u00e4lt\u00e4\u00e4: laturin,\u00a0<strong>18650ICR-pariston<\/strong>, AAA-paristosovittimen, ohjauskiinnikkeen, k\u00e4sinauhan ja vy\u00f6pidikkeen<\/p>\n<p><strong>Tekniset:<\/strong><\/p>\n<p>Valonl\u00e4hde:\u00a0<strong>T6 Cree LED<\/strong><\/p>\n<p>Valovirta:\u00a0<strong>800 lumenia<\/strong><\/p>\n<p>Virtal\u00e4hde:\u00a0<strong>18650ICR akku, kapasiteetti 2200mAh \/ 3x AAA-paristo<\/strong><\/p>\n<p>Vedenpit\u00e4v\u00e4: kyll\u00e4\u00a0<strong>IPX4<\/strong><\/p>\n<p>Kantama:\u00a0<strong>jopa 500m<\/strong><\/p>\n<p>Kotelo:\u00a0<strong>anodisoitu alumiini<\/strong><\/p>\n<p>Valaistustilojen lukum\u00e4\u00e4r\u00e4:\u00a0<strong>3<\/strong><\/p>\n","protected":false},"excerpt":{"rendered":"<p>Ledi taskulamppu 10W Cree ledill\u00e4. Mukana akku, paristokotelo, kiinnitysteline ja USB latausjohto.<\/p>\n","protected":false},"featured_media":6422,"template":"","meta":{"_monsterinsights_skip_tracking":false,"_monsterinsights_sitenote_active":false,"_monsterinsights_sitenote_note":"","_monsterinsights_sitenote_category":0,"neve_meta_sidebar":"","neve_meta_container":"","neve_meta_enable_content_width":"off","neve_meta_content_width":100,"neve_meta_title_alignment":"","neve_meta_author_avatar":"","neve_post_elements_order":"","neve_meta_disable_header":"","neve_meta_disable_footer":"","neve_meta_disable_title":"","_themeisle_gutenberg_block_has_review":false},"product_brand":[],"product_cat":[61],"product_tag":[],"class_list":{"0":"post-6419","1":"product","2":"type-product","3":"status-publish","4":"has-post-thumbnail","6":"product_cat-valoja","8":"first","9":"instock","10":"taxable","11":"shipping-taxable","12":"purchasable","13":"product-type-simple"},"supplier_id":null,"supplier_sku":"","barcode":null,"atum_controlled":true,"out_stock_date":null,"out_stock_threshold":null,"inheritable":false,"inbound_stock":null,"stock_on_hold":0,"sold_today":0,"sales_last_days":0,"reserved_stock":null,"customer_returns":null,"warehouse_damage":null,"lost_in_post":null,"other_logs":null,"out_stock_days":0,"lost_sales":0,"has_location":false,"update_date":"2026-04-17T00:01:37","atum_locations":[],"atum_stock_status":"instock","restock_status":false,"low_stock_amount":"","sales_update_date":"2026-04-17T00:01:37","calc_backorders":null,"aioseo_notices":[],"_links":{"self":[{"href":"https:\/\/www.jimport.fi\/index.php\/wp-json\/wp\/v2\/product\/6419","targetHints":{"allow":["GET"]}}],"collection":[{"href":"https:\/\/www.jimport.fi\/index.php\/wp-json\/wp\/v2\/product"}],"about":[{"href":"https:\/\/www.jimport.fi\/index.php\/wp-json\/wp\/v2\/types\/product"}],"version-history":[{"count":1,"href":"https:\/\/www.jimport.fi\/index.php\/wp-json\/wp\/v2\/product\/6419\/revisions"}],"predecessor-version":[{"id":6423,"href":"https:\/\/www.jimport.fi\/index.php\/wp-json\/wp\/v2\/product\/6419\/revisions\/6423"}],"wp:featuredmedia":[{"embeddable":true,"href":"https:\/\/www.jimport.fi\/index.php\/wp-json\/wp\/v2\/media\/6422"}],"wp:attachment":[{"href":"https:\/\/www.jimport.fi\/index.php\/wp-json\/wp\/v2\/media?parent=6419"}],"wp:term":[{"taxonomy":"product_brand","embeddable":true,"href":"https:\/\/www.jimport.fi\/index.php\/wp-json\/wp\/v2\/product_brand?post=6419"},{"taxonomy":"product_cat","embeddable":true,"href":"https:\/\/www.jimport.fi\/index.php\/wp-json\/wp\/v2\/product_cat?post=6419"},{"taxonomy":"product_tag","embeddable":true,"href":"https:\/\/www.jimport.fi\/index.php\/wp-json\/wp\/v2\/product_tag?post=6419"}],"curies":[{"name":"wp","href":"https:\/\/api.w.org\/{rel}","templated":true}]}}