{"id":6424,"date":"2023-09-16T11:57:15","date_gmt":"2023-09-16T08:57:15","guid":{"rendered":"https:\/\/www.jimport.fi\/?post_type=product&#038;p=6424"},"modified":"2023-09-16T11:57:15","modified_gmt":"2023-09-16T08:57:15","slug":"virtakyna-6-24v","status":"publish","type":"product","link":"https:\/\/www.jimport.fi\/index.php\/tuote\/virtakyna-6-24v\/","title":{"rendered":"Virtakyn\u00e4 6-24V"},"content":{"rendered":"<h2>Tuotekuvaus<\/h2>\n<p>Esittelemme ammattimaisen j\u00e4nnitetesterin, joka on suunniteltu erityisesti j\u00e4nnitteen tarkistamiseen auton s\u00e4hk\u00f6j\u00e4rjestelm\u00e4ss\u00e4. T\u00e4m\u00e4 v\u00e4ltt\u00e4m\u00e4t\u00f6n ty\u00f6kalu on t\u00e4ydellinen autojen harrastajille ja mekaanikoille, jotka haluavat nopeasti ja turvallisesti m\u00e4\u00e4ritt\u00e4\u00e4, onko piirin tietyss\u00e4 kohdassa s\u00e4hk\u00f6j\u00e4nnitett\u00e4. Siin\u00e4 on sis\u00e4\u00e4nrakennettu LED-diodi, joka ilmoittaa j\u00e4nnitteen l\u00e4sn\u00e4olosta piiriss\u00e4.<\/p>\n<p>J\u00e4nnitetesteri mahdollistaa j\u00e4nnitteen havaitsemisen alueella 6 &#8211; 24 V. Sen runko on valmistettu messinkipinnoitetusta metallista. Ylim\u00e4\u00e4r\u00e4inen 90 cm: n kaapeli, joka on p\u00e4\u00e4tetty &#8221;krokotiili&#8221; -tyyppisell\u00e4 puristimella, varmistaa helpon ja turvallisen liit\u00e4nn\u00e4n piirielementteihin, minimoiden virheiden riskin testauksen aikana.<\/p>\n<h4>Tuotteen ominaisuudet:<\/h4>\n<ul>\n<li>Havaitsee j\u00e4nnitteen v\u00e4lill\u00e4 6 &#8211; 24V.<\/li>\n<li>Runko messinkipinnoitettua metallia.<\/li>\n<li>Mukana ylim\u00e4\u00e4r\u00e4inen 90 cm: n kaapeli, joka on p\u00e4\u00e4tetty &#8221;krokotiili&#8221; -tyyppisell\u00e4 puristimella helppoa ja turvallista liit\u00e4nt\u00e4\u00e4 varten.<\/li>\n<li>Sis\u00e4\u00e4nrakennettu LED-diodi mahdollistaa aktiivisten piirien nopean tunnistamisen.<\/li>\n<li>Hy\u00f6dyllinen auto harrastajille ja ammattimekaanikoille.<\/li>\n<li>Tarkka ty\u00f6kalu auton s\u00e4hk\u00f6ongelmien tunnistamiseen.<\/li>\n<\/ul>\n","protected":false},"excerpt":{"rendered":"<p>Perinteinen ter\u00e4v\u00e4k\u00e4rkinen virtakyn\u00e4 s\u00e4hk\u00f6hommiin. Geko<\/p>\n","protected":false},"featured_media":6426,"template":"","meta":{"_monsterinsights_skip_tracking":false,"_monsterinsights_sitenote_active":false,"_monsterinsights_sitenote_note":"","_monsterinsights_sitenote_category":0,"neve_meta_sidebar":"","neve_meta_container":"","neve_meta_enable_content_width":"off","neve_meta_content_width":100,"neve_meta_title_alignment":"","neve_meta_author_avatar":"","neve_post_elements_order":"","neve_meta_disable_header":"","neve_meta_disable_footer":"","neve_meta_disable_title":"","_themeisle_gutenberg_block_has_review":false},"product_brand":[],"product_cat":[51],"product_tag":[],"class_list":{"0":"post-6424","1":"product","2":"type-product","3":"status-publish","4":"has-post-thumbnail","6":"product_cat-sahkotyokalut","8":"first","9":"instock","10":"taxable","11":"shipping-taxable","12":"purchasable","13":"product-type-simple"},"supplier_id":null,"supplier_sku":"","barcode":null,"atum_controlled":true,"out_stock_date":null,"out_stock_threshold":null,"inheritable":false,"inbound_stock":null,"stock_on_hold":0,"sold_today":0,"sales_last_days":0,"reserved_stock":null,"customer_returns":null,"warehouse_damage":null,"lost_in_post":null,"other_logs":null,"out_stock_days":0,"lost_sales":0,"has_location":false,"update_date":"2026-04-14T03:39:49","atum_locations":[],"atum_stock_status":"instock","restock_status":false,"low_stock_amount":"","sales_update_date":"2026-04-14T03:39:49","calc_backorders":null,"aioseo_notices":[],"_links":{"self":[{"href":"https:\/\/www.jimport.fi\/index.php\/wp-json\/wp\/v2\/product\/6424","targetHints":{"allow":["GET"]}}],"collection":[{"href":"https:\/\/www.jimport.fi\/index.php\/wp-json\/wp\/v2\/product"}],"about":[{"href":"https:\/\/www.jimport.fi\/index.php\/wp-json\/wp\/v2\/types\/product"}],"version-history":[{"count":1,"href":"https:\/\/www.jimport.fi\/index.php\/wp-json\/wp\/v2\/product\/6424\/revisions"}],"predecessor-version":[{"id":6427,"href":"https:\/\/www.jimport.fi\/index.php\/wp-json\/wp\/v2\/product\/6424\/revisions\/6427"}],"wp:featuredmedia":[{"embeddable":true,"href":"https:\/\/www.jimport.fi\/index.php\/wp-json\/wp\/v2\/media\/6426"}],"wp:attachment":[{"href":"https:\/\/www.jimport.fi\/index.php\/wp-json\/wp\/v2\/media?parent=6424"}],"wp:term":[{"taxonomy":"product_brand","embeddable":true,"href":"https:\/\/www.jimport.fi\/index.php\/wp-json\/wp\/v2\/product_brand?post=6424"},{"taxonomy":"product_cat","embeddable":true,"href":"https:\/\/www.jimport.fi\/index.php\/wp-json\/wp\/v2\/product_cat?post=6424"},{"taxonomy":"product_tag","embeddable":true,"href":"https:\/\/www.jimport.fi\/index.php\/wp-json\/wp\/v2\/product_tag?post=6424"}],"curies":[{"name":"wp","href":"https:\/\/api.w.org\/{rel}","templated":true}]}}