{"id":6439,"date":"2023-09-16T12:48:15","date_gmt":"2023-09-16T09:48:15","guid":{"rendered":"https:\/\/www.jimport.fi\/?post_type=product&#038;p=6439"},"modified":"2026-01-02T13:14:32","modified_gmt":"2026-01-02T10:14:32","slug":"viilasarja-5os","status":"publish","type":"product","link":"https:\/\/www.jimport.fi\/index.php\/tuote\/viilasarja-5os\/","title":{"rendered":"Viilasarja 5os"},"content":{"rendered":"<h2>Tuotekuvaus<\/h2>\n<p>Sarja metalliviiloja, jotka koostuvat<strong>\u00a05 viilasta, joiden pituus on 200 mm<\/strong>\u00a0ja sis\u00e4lt\u00f6:\u00a0<strong>neli\u00f6, litte\u00e4, 3 neli\u00f6t\u00e4, puolipy\u00f6re\u00e4 ja py\u00f6re\u00e4<\/strong>. Valmistettu korkealaatuisesta hiiliter\u00e4ksest\u00e4, eritt\u00e4in kovasta materiaalista, jolla on eritt\u00e4in hyv\u00e4t leikkausominaisuudet.<\/p>\n","protected":false},"excerpt":{"rendered":"<p>Metalliviilasarja 200mm ter\u00e4n pituudella ja 320mm kokonaispituudella.<\/p>\n","protected":false},"featured_media":6441,"template":"","meta":{"_monsterinsights_skip_tracking":false,"_monsterinsights_sitenote_active":false,"_monsterinsights_sitenote_note":"","_monsterinsights_sitenote_category":0,"neve_meta_sidebar":"","neve_meta_container":"","neve_meta_enable_content_width":"off","neve_meta_content_width":100,"neve_meta_title_alignment":"","neve_meta_author_avatar":"","neve_post_elements_order":"","neve_meta_disable_header":"","neve_meta_disable_footer":"","neve_meta_disable_title":"","_themeisle_gutenberg_block_has_review":false},"product_brand":[],"product_cat":[101],"product_tag":[],"class_list":{"0":"post-6439","1":"product","2":"type-product","3":"status-publish","4":"has-post-thumbnail","6":"product_cat-katkaisu","8":"first","9":"instock","10":"taxable","11":"shipping-taxable","12":"purchasable","13":"product-type-simple"},"supplier_id":null,"supplier_sku":"","barcode":null,"atum_controlled":true,"out_stock_date":null,"out_stock_threshold":null,"inheritable":false,"inbound_stock":0,"stock_on_hold":0,"sold_today":0,"sales_last_days":0,"reserved_stock":0,"customer_returns":0,"warehouse_damage":0,"lost_in_post":0,"other_logs":0,"out_stock_days":0,"lost_sales":0,"has_location":false,"update_date":"2026-05-13T00:59:51","atum_locations":[],"atum_stock_status":"instock","restock_status":false,"low_stock_amount":"","sales_update_date":"2026-05-13T00:59:50","calc_backorders":null,"aioseo_notices":[],"_links":{"self":[{"href":"https:\/\/www.jimport.fi\/index.php\/wp-json\/wp\/v2\/product\/6439","targetHints":{"allow":["GET"]}}],"collection":[{"href":"https:\/\/www.jimport.fi\/index.php\/wp-json\/wp\/v2\/product"}],"about":[{"href":"https:\/\/www.jimport.fi\/index.php\/wp-json\/wp\/v2\/types\/product"}],"version-history":[{"count":1,"href":"https:\/\/www.jimport.fi\/index.php\/wp-json\/wp\/v2\/product\/6439\/revisions"}],"predecessor-version":[{"id":6442,"href":"https:\/\/www.jimport.fi\/index.php\/wp-json\/wp\/v2\/product\/6439\/revisions\/6442"}],"wp:featuredmedia":[{"embeddable":true,"href":"https:\/\/www.jimport.fi\/index.php\/wp-json\/wp\/v2\/media\/6441"}],"wp:attachment":[{"href":"https:\/\/www.jimport.fi\/index.php\/wp-json\/wp\/v2\/media?parent=6439"}],"wp:term":[{"taxonomy":"product_brand","embeddable":true,"href":"https:\/\/www.jimport.fi\/index.php\/wp-json\/wp\/v2\/product_brand?post=6439"},{"taxonomy":"product_cat","embeddable":true,"href":"https:\/\/www.jimport.fi\/index.php\/wp-json\/wp\/v2\/product_cat?post=6439"},{"taxonomy":"product_tag","embeddable":true,"href":"https:\/\/www.jimport.fi\/index.php\/wp-json\/wp\/v2\/product_tag?post=6439"}],"curies":[{"name":"wp","href":"https:\/\/api.w.org\/{rel}","templated":true}]}}