{"id":6466,"date":"2023-09-16T13:31:05","date_gmt":"2023-09-16T10:31:05","guid":{"rendered":"https:\/\/www.jimport.fi\/?post_type=product&#038;p=6466"},"modified":"2023-09-16T13:34:57","modified_gmt":"2023-09-16T10:34:57","slug":"suojausteippi-48mm","status":"publish","type":"product","link":"https:\/\/www.jimport.fi\/index.php\/tuote\/suojausteippi-48mm\/","title":{"rendered":"Suojausteippi 48mm"},"content":{"rendered":"<h4>Tuotteen ominaisuudet:<\/h4>\n<ul>\n<li>Nauhan leveys: 48mm, mahdollistaa tarkan maalauksen ja pinnan rajauksen.<\/li>\n<li>Nauhan pituus: 50 metri\u00e4, mik\u00e4 tarjoaa riitt\u00e4v\u00e4sti materiaalia erilaisiin maalausprojekteihin.<\/li>\n<li>Ohut, herk\u00e4sti joustava teippi teipattujen alueiden tarkkaan ja tarkkaan peitt\u00e4miseen ja suojaamiseen.<\/li>\n<li>Erinomainen suoja maalatuille alueille vahingossa tapahtuvalta maalin levitykselt\u00e4 tai roiskeilta.<\/li>\n<li>Kest\u00e4\u00e4 UV-s\u00e4teily\u00e4.<\/li>\n<li>Sis\u00e4lt\u00e4\u00e4 vahvemman liiman kuin tavallinen\u00a0 maalarinteippi.<\/li>\n<li>Ei j\u00e4t\u00e4 liimaj\u00e4\u00e4mi\u00e4 tai vaurioita poistettaessa.<\/li>\n<li>Helppo levitys ja poisto, mik\u00e4 nopeuttaa maalausprosessia ja ty\u00f6n j\u00e4lkeist\u00e4 puhdistusta.<\/li>\n<li>Suosittelemme poistamaan teipin heti ty\u00f6n p\u00e4\u00e4tytty\u00e4.<\/li>\n<\/ul>\n","protected":false},"excerpt":{"rendered":"<p>Ammattimaisempaan maalaussuojaamiseen suunniteltu suojausteippi. 48mm \/ 50m<\/p>\n","protected":false},"featured_media":6467,"template":"","meta":{"_monsterinsights_skip_tracking":false,"_monsterinsights_sitenote_active":false,"_monsterinsights_sitenote_note":"","_monsterinsights_sitenote_category":0,"neve_meta_sidebar":"","neve_meta_container":"","neve_meta_enable_content_width":"off","neve_meta_content_width":100,"neve_meta_title_alignment":"","neve_meta_author_avatar":"","neve_post_elements_order":"","neve_meta_disable_header":"","neve_meta_disable_footer":"","neve_meta_disable_title":"","_themeisle_gutenberg_block_has_review":false},"product_brand":[],"product_cat":[64],"product_tag":[],"class_list":{"0":"post-6466","1":"product","2":"type-product","3":"status-publish","4":"has-post-thumbnail","6":"product_cat-maalaus","8":"first","9":"instock","10":"taxable","11":"shipping-taxable","12":"purchasable","13":"product-type-simple"},"supplier_id":null,"supplier_sku":"","barcode":null,"atum_controlled":true,"out_stock_date":null,"out_stock_threshold":null,"inheritable":false,"inbound_stock":0,"stock_on_hold":0,"sold_today":0,"sales_last_days":0,"reserved_stock":0,"customer_returns":0,"warehouse_damage":0,"lost_in_post":0,"other_logs":0,"out_stock_days":0,"lost_sales":0,"has_location":false,"update_date":"2026-04-16T00:01:01","atum_locations":[],"atum_stock_status":"instock","restock_status":false,"low_stock_amount":"","sales_update_date":"2026-04-16T00:01:01","calc_backorders":null,"aioseo_notices":[],"_links":{"self":[{"href":"https:\/\/www.jimport.fi\/index.php\/wp-json\/wp\/v2\/product\/6466","targetHints":{"allow":["GET"]}}],"collection":[{"href":"https:\/\/www.jimport.fi\/index.php\/wp-json\/wp\/v2\/product"}],"about":[{"href":"https:\/\/www.jimport.fi\/index.php\/wp-json\/wp\/v2\/types\/product"}],"version-history":[{"count":1,"href":"https:\/\/www.jimport.fi\/index.php\/wp-json\/wp\/v2\/product\/6466\/revisions"}],"predecessor-version":[{"id":6468,"href":"https:\/\/www.jimport.fi\/index.php\/wp-json\/wp\/v2\/product\/6466\/revisions\/6468"}],"wp:featuredmedia":[{"embeddable":true,"href":"https:\/\/www.jimport.fi\/index.php\/wp-json\/wp\/v2\/media\/6467"}],"wp:attachment":[{"href":"https:\/\/www.jimport.fi\/index.php\/wp-json\/wp\/v2\/media?parent=6466"}],"wp:term":[{"taxonomy":"product_brand","embeddable":true,"href":"https:\/\/www.jimport.fi\/index.php\/wp-json\/wp\/v2\/product_brand?post=6466"},{"taxonomy":"product_cat","embeddable":true,"href":"https:\/\/www.jimport.fi\/index.php\/wp-json\/wp\/v2\/product_cat?post=6466"},{"taxonomy":"product_tag","embeddable":true,"href":"https:\/\/www.jimport.fi\/index.php\/wp-json\/wp\/v2\/product_tag?post=6466"}],"curies":[{"name":"wp","href":"https:\/\/api.w.org\/{rel}","templated":true}]}}