{"id":6485,"date":"2023-09-17T09:38:10","date_gmt":"2023-09-17T06:38:10","guid":{"rendered":"https:\/\/www.jimport.fi\/?post_type=product&#038;p=6485"},"modified":"2025-07-10T15:34:11","modified_gmt":"2025-07-10T12:34:11","slug":"selfiekeppi-tripod-kaukosaatimella","status":"publish","type":"product","link":"https:\/\/www.jimport.fi\/index.php\/tuote\/selfiekeppi-tripod-kaukosaatimella\/","title":{"rendered":"Selfiekeppi\/ tripod- kaukos\u00e4\u00e4timell\u00e4"},"content":{"rendered":"<h2>Tuotekuvaus<\/h2>\n<p>Selfie-tikku \/ kamerajalusta on monipuolinen ty\u00f6kalu valokuvauksen harrastajille ja henkil\u00f6ille, jotka rakastavat t\u00e4rkeimpien hetkiens\u00e4 ikuistamista. T\u00e4m\u00e4 k\u00e4yt\u00e4nn\u00f6llinen laite yhdist\u00e4\u00e4 selfie-tikun ja jalustan toiminnot, jolloin voit saavuttaa ammattimaisia valokuvia ja omakuvia.<\/p>\n<p>Yksi t\u00e4m\u00e4n selfie-tikun \/ jalustan t\u00e4rkeimmist\u00e4 eduista on sen s\u00e4\u00e4dett\u00e4v\u00e4 korkeus, jonka avulla voit muokata sit\u00e4 yksil\u00f6llisten tarpeiden ja mieltymysten mukaan.<\/p>\n<p>T\u00e4m\u00e4n selfie-tikun\/jalustan kevyt ja taitettava muotoilu on toinen etu, joten sit\u00e4 on helppo kuljettaa ja s\u00e4ilytt\u00e4\u00e4. Voit taittaa sen ja s\u00e4ilytt\u00e4\u00e4 sen laukussa, repussa tai jopa taskussa varmistaen, ett\u00e4 se on aina k\u00e4den ulottuvilla.<\/p>\n<p>Kolme laajennettavaa jalkaa takaavat vakauden valokuvia otettaessa. Voit helposti levitt\u00e4\u00e4 ne ja asettaa jalustan melkein mille tahansa pinnalle, joten sinun ei tarvitse huolehtia vahingossa kaatumisesta valokuvauksen aikana.<\/p>\n<p>Lis\u00e4mukavuutta on kaukos\u00e4\u00e4din, jonka avulla voit ottaa valokuvia k\u00e4ytt\u00e4m\u00e4tt\u00e4 \u00e4lypuhelimen suljinpainiketta. T\u00e4m\u00e4 on erityisen hy\u00f6dyllist\u00e4, kun haluat ottaa pitk\u00e4n valotusajan kuvia tai poseerata ryhm\u00e4kuvissa, joissa itselaukaisin ei ehk\u00e4 riit\u00e4.<\/p>\n<p>S\u00e4\u00e4dett\u00e4v\u00e4 p\u00e4\u00e4 on t\u00e4m\u00e4n selfie-tikun \/ jalustan toinen voimavara. Sen ansiosta voit s\u00e4\u00e4t\u00e4\u00e4 \u00e4lypuhelimesi sijaintia vapaasti oikeaan kulmaan ja saavuttaa t\u00e4ydelliset kuvat ilman, ett\u00e4 sinun tarvitsee siirt\u00e4\u00e4 koko jalustaa.<\/p>\n<h4>Tuotteen ominaisuudet:<\/h4>\n<ul>\n<li>S\u00e4\u00e4dett\u00e4v\u00e4 jalustan korkeus mahdollistaa mukautumisen erilaisiin tilanteisiin ja perspektiiveihin, jolloin voit tallentaa t\u00e4ydelliset kehykset.<\/li>\n<li>Kevyt ja taitettava rakenne takaa helpon siirrett\u00e4vyyden ja s\u00e4ilytyksen, mik\u00e4 tekee selfie-tikusta k\u00e4yt\u00e4nn\u00f6llisen ja k\u00e4tev\u00e4n k\u00e4ytt\u00e4\u00e4.<\/li>\n<li>Kolme laajennettavaa jalkaa takaavat vakauden ja tasapainon valokuvauksen aikana, joten voit sijoittaa jalustan eri pinnoille.<\/li>\n<li>Kaukos\u00e4\u00e4din mahdollistaa valokuvaamisen ilman \u00e4lypuhelimen suljinpainiketta, mik\u00e4 antaa enemm\u00e4n vapautta valokuvaukseen.<\/li>\n<li>S\u00e4\u00e4dett\u00e4v\u00e4n p\u00e4\u00e4n avulla voit mukauttaa \u00e4lypuhelimen sijainnin oikeaan kulmaan, jolloin voit ottaa t\u00e4ydellisi\u00e4 kuvia.<\/li>\n<\/ul>\n","protected":false},"excerpt":{"rendered":"<p>T\u00e4ll\u00e4 saa parhaat selfiet, vaikka Tinderiin.<\/p>\n","protected":false},"featured_media":6490,"template":"","meta":{"_monsterinsights_skip_tracking":false,"_monsterinsights_sitenote_active":false,"_monsterinsights_sitenote_note":"","_monsterinsights_sitenote_category":0,"neve_meta_sidebar":"","neve_meta_container":"","neve_meta_enable_content_width":"off","neve_meta_content_width":100,"neve_meta_title_alignment":"","neve_meta_author_avatar":"","neve_post_elements_order":"","neve_meta_disable_header":"","neve_meta_disable_footer":"","neve_meta_disable_title":"","_themeisle_gutenberg_block_has_review":false},"product_brand":[],"product_cat":[143],"product_tag":[],"class_list":{"0":"post-6485","1":"product","2":"type-product","3":"status-publish","4":"has-post-thumbnail","6":"product_cat-puhelin-tarvikkeita","8":"first","9":"instock","10":"taxable","11":"shipping-taxable","12":"purchasable","13":"product-type-simple"},"supplier_id":null,"supplier_sku":"","barcode":null,"atum_controlled":true,"out_stock_date":null,"out_stock_threshold":null,"inheritable":false,"inbound_stock":0,"stock_on_hold":0,"sold_today":0,"sales_last_days":0,"reserved_stock":0,"customer_returns":0,"warehouse_damage":0,"lost_in_post":0,"other_logs":0,"out_stock_days":0,"lost_sales":0,"has_location":false,"update_date":"2026-05-13T00:59:48","atum_locations":[],"atum_stock_status":"instock","restock_status":false,"low_stock_amount":"","sales_update_date":"2026-05-13T00:59:48","calc_backorders":null,"aioseo_notices":[],"_links":{"self":[{"href":"https:\/\/www.jimport.fi\/index.php\/wp-json\/wp\/v2\/product\/6485","targetHints":{"allow":["GET"]}}],"collection":[{"href":"https:\/\/www.jimport.fi\/index.php\/wp-json\/wp\/v2\/product"}],"about":[{"href":"https:\/\/www.jimport.fi\/index.php\/wp-json\/wp\/v2\/types\/product"}],"version-history":[{"count":3,"href":"https:\/\/www.jimport.fi\/index.php\/wp-json\/wp\/v2\/product\/6485\/revisions"}],"predecessor-version":[{"id":6630,"href":"https:\/\/www.jimport.fi\/index.php\/wp-json\/wp\/v2\/product\/6485\/revisions\/6630"}],"wp:featuredmedia":[{"embeddable":true,"href":"https:\/\/www.jimport.fi\/index.php\/wp-json\/wp\/v2\/media\/6490"}],"wp:attachment":[{"href":"https:\/\/www.jimport.fi\/index.php\/wp-json\/wp\/v2\/media?parent=6485"}],"wp:term":[{"taxonomy":"product_brand","embeddable":true,"href":"https:\/\/www.jimport.fi\/index.php\/wp-json\/wp\/v2\/product_brand?post=6485"},{"taxonomy":"product_cat","embeddable":true,"href":"https:\/\/www.jimport.fi\/index.php\/wp-json\/wp\/v2\/product_cat?post=6485"},{"taxonomy":"product_tag","embeddable":true,"href":"https:\/\/www.jimport.fi\/index.php\/wp-json\/wp\/v2\/product_tag?post=6485"}],"curies":[{"name":"wp","href":"https:\/\/api.w.org\/{rel}","templated":true}]}}