{"id":6492,"date":"2023-09-17T09:56:23","date_gmt":"2023-09-17T06:56:23","guid":{"rendered":"https:\/\/www.jimport.fi\/?post_type=product&#038;p=6492"},"modified":"2023-12-10T13:31:18","modified_gmt":"2023-12-10T10:31:18","slug":"retkisuihku-20l","status":"publish","type":"product","link":"https:\/\/www.jimport.fi\/index.php\/tuote\/retkisuihku-20l\/","title":{"rendered":"Retkisuihku 20L"},"content":{"rendered":"<h2>Tuotekuvaus<\/h2>\n<p>K\u00e4tev\u00e4 retkisuihku, jota voi soveltaa moneen muuhunkin k\u00e4ytt\u00f6tarkoitukseen, oli sitten kiire neva- tai puintihommista kylille ja suihkussakin pit\u00e4isi ehti\u00e4 k\u00e4yd\u00e4, niin ei muuta kun t\u00e4m\u00e4 Massikan peiliin roikkumaan. Tai miksei voisi olla ovelampi ja laittaa, m\u00e4skit k\u00e4ym\u00e4\u00e4n vaikka puun oksalle. T\u00e4m\u00e4 kulkee tyhj\u00e4n\u00e4 mukana huomattavasti helpommin, kuin perinteinen muovikanisteri.<\/p>\n<h4>Tuotteen ominaisuudet:<\/h4>\n<ul>\n<li>Valmistettu kest\u00e4v\u00e4st\u00e4 PVC-materiaalista<\/li>\n<li>Korvaamaton kaikenlaisilla pidemmill\u00e4 ulkoilumatkoilla<\/li>\n<li>Pussin musta v\u00e4ri antaa sis\u00e4ll\u00e4 olevan veden l\u00e4mmet\u00e4 muutamassa minuutissa<\/li>\n<li>Vie v\u00e4h\u00e4n tilaa taitettuna<\/li>\n<li>Varustettu k\u00e4tev\u00e4ll\u00e4 venttiilill\u00e4, joka avaa ja sulkee veden virtauksen<\/li>\n<li>Mukana l\u00e4pin\u00e4kyv\u00e4 letku, joka p\u00e4\u00e4ttyy &#8221;suihkup\u00e4\u00e4h\u00e4n&#8221;<\/li>\n<\/ul>\n<h4>Tekniset:<\/h4>\n<p>Materiaali: PVC<\/p>\n<p>V\u00e4ri:\u00a0<strong>Musta<\/strong><\/p>\n<p>Tilavuus:\u00a0<strong>20 litraa<\/strong><\/p>\n<p>Mukana sarja:\u00a0<strong>vesipussi, letku suihkup\u00e4\u00e4ll\u00e4, venttiili vesivirtauksen avaamiseksi\/sulkemiseksi, vahvistettu kahvaputki muovista, ripustusnaru.<\/strong><\/p>\n","protected":false},"excerpt":{"rendered":"<p>PVC materiaalista valmistettu 20 litran, auringossa l\u00e4mpenev\u00e4 retkisuihku.<\/p>\n","protected":false},"featured_media":6496,"template":"","meta":{"_monsterinsights_skip_tracking":false,"_monsterinsights_sitenote_active":false,"_monsterinsights_sitenote_note":"","_monsterinsights_sitenote_category":0,"neve_meta_sidebar":"","neve_meta_container":"","neve_meta_enable_content_width":"off","neve_meta_content_width":100,"neve_meta_title_alignment":"","neve_meta_author_avatar":"","neve_post_elements_order":"","neve_meta_disable_header":"","neve_meta_disable_footer":"","neve_meta_disable_title":"","_themeisle_gutenberg_block_has_review":false},"product_brand":[],"product_cat":[59,123],"product_tag":[],"class_list":{"0":"post-6492","1":"product","2":"type-product","3":"status-publish","4":"has-post-thumbnail","6":"product_cat-puunaus","7":"product_cat-special-harveli-palikkaa","9":"first","10":"instock","11":"taxable","12":"shipping-taxable","13":"purchasable","14":"product-type-simple"},"supplier_id":null,"supplier_sku":"","barcode":null,"atum_controlled":true,"out_stock_date":null,"out_stock_threshold":null,"inheritable":false,"inbound_stock":0,"stock_on_hold":0,"sold_today":0,"sales_last_days":0,"reserved_stock":0,"customer_returns":0,"warehouse_damage":0,"lost_in_post":0,"other_logs":0,"out_stock_days":0,"lost_sales":0,"has_location":false,"update_date":"2026-04-21T00:15:24","atum_locations":[],"atum_stock_status":"instock","restock_status":false,"low_stock_amount":"","sales_update_date":"2026-04-21T00:15:24","calc_backorders":null,"aioseo_notices":[],"_links":{"self":[{"href":"https:\/\/www.jimport.fi\/index.php\/wp-json\/wp\/v2\/product\/6492","targetHints":{"allow":["GET"]}}],"collection":[{"href":"https:\/\/www.jimport.fi\/index.php\/wp-json\/wp\/v2\/product"}],"about":[{"href":"https:\/\/www.jimport.fi\/index.php\/wp-json\/wp\/v2\/types\/product"}],"version-history":[{"count":1,"href":"https:\/\/www.jimport.fi\/index.php\/wp-json\/wp\/v2\/product\/6492\/revisions"}],"predecessor-version":[{"id":6497,"href":"https:\/\/www.jimport.fi\/index.php\/wp-json\/wp\/v2\/product\/6492\/revisions\/6497"}],"wp:featuredmedia":[{"embeddable":true,"href":"https:\/\/www.jimport.fi\/index.php\/wp-json\/wp\/v2\/media\/6496"}],"wp:attachment":[{"href":"https:\/\/www.jimport.fi\/index.php\/wp-json\/wp\/v2\/media?parent=6492"}],"wp:term":[{"taxonomy":"product_brand","embeddable":true,"href":"https:\/\/www.jimport.fi\/index.php\/wp-json\/wp\/v2\/product_brand?post=6492"},{"taxonomy":"product_cat","embeddable":true,"href":"https:\/\/www.jimport.fi\/index.php\/wp-json\/wp\/v2\/product_cat?post=6492"},{"taxonomy":"product_tag","embeddable":true,"href":"https:\/\/www.jimport.fi\/index.php\/wp-json\/wp\/v2\/product_tag?post=6492"}],"curies":[{"name":"wp","href":"https:\/\/api.w.org\/{rel}","templated":true}]}}