{"id":6511,"date":"2023-09-17T13:43:59","date_gmt":"2023-09-17T10:43:59","guid":{"rendered":"https:\/\/www.jimport.fi\/?post_type=product&#038;p=6511"},"modified":"2024-03-23T12:44:48","modified_gmt":"2024-03-23T09:44:48","slug":"puhelinteline-imukupilla","status":"publish","type":"product","link":"https:\/\/www.jimport.fi\/index.php\/tuote\/puhelinteline-imukupilla\/","title":{"rendered":"Puhelinteline imukupilla"},"content":{"rendered":"<h4>Tuotteen ominaisuudet:<\/h4>\n<ul>\n<li>Yleisasennus tuulilasiin, kojelautaan tai tuuletusaukkoon.<\/li>\n<li>Pehme\u00e4t sivupuristimet, jotka suojaavat puhelinta naarmuilta.<\/li>\n<li>Vahva imukuppi varmistaa turvallisen kiinnityksen tuulilasiin.<\/li>\n<li>Teleskooppivarsi, joka mahdollistaa puhelimen et\u00e4isyyden s\u00e4\u00e4t\u00e4misen tuulilasista, sopii t\u00e4ydellisesti autoihin, joissa on voimakkaasti kalteva etutuulilasi.<\/li>\n<\/ul>\n<h4>Tekniset:<\/h4>\n<p>Materiaali:\u00a0<strong>Muovi<\/strong><\/p>\n<p>Puhelimen asennustapa:\u00a0<strong>Puristin<\/strong><\/p>\n<p>Asennuspaikat:\u00a0<strong>Tuulilasi \/ Kojelauta \/ Ilma-aukko<\/strong><\/p>\n<p><strong>Lis\u00e4tietoja: Sis\u00e4lt\u00e4\u00e4 teleskooppivarren<\/strong><\/p>\n","protected":false},"excerpt":{"rendered":"<p>Yleismallinen teline puhelimelle. Tuulilasiin, kojelautaan tai ilmas\u00e4leikk\u00f6\u00f6n kiinnitett\u00e4v\u00e4.<\/p>\n","protected":false},"featured_media":6515,"template":"","meta":{"_monsterinsights_skip_tracking":false,"_monsterinsights_sitenote_active":false,"_monsterinsights_sitenote_note":"","_monsterinsights_sitenote_category":0,"neve_meta_sidebar":"","neve_meta_container":"","neve_meta_enable_content_width":"off","neve_meta_content_width":100,"neve_meta_title_alignment":"","neve_meta_author_avatar":"","neve_post_elements_order":"","neve_meta_disable_header":"","neve_meta_disable_footer":"","neve_meta_disable_title":"","_themeisle_gutenberg_block_has_review":false},"product_brand":[],"product_cat":[143],"product_tag":[],"class_list":{"0":"post-6511","1":"product","2":"type-product","3":"status-publish","4":"has-post-thumbnail","6":"product_cat-puhelin-tarvikkeita","8":"first","9":"instock","10":"taxable","11":"shipping-taxable","12":"purchasable","13":"product-type-simple"},"supplier_id":null,"supplier_sku":"","barcode":null,"atum_controlled":true,"out_stock_date":null,"out_stock_threshold":null,"inheritable":false,"inbound_stock":0,"stock_on_hold":0,"sold_today":0,"sales_last_days":0,"reserved_stock":0,"customer_returns":0,"warehouse_damage":0,"lost_in_post":0,"other_logs":0,"out_stock_days":0,"lost_sales":0,"has_location":false,"update_date":"2026-05-13T00:59:48","atum_locations":[],"atum_stock_status":"instock","restock_status":false,"low_stock_amount":"","sales_update_date":"2026-05-13T00:59:48","calc_backorders":null,"aioseo_notices":[],"_links":{"self":[{"href":"https:\/\/www.jimport.fi\/index.php\/wp-json\/wp\/v2\/product\/6511","targetHints":{"allow":["GET"]}}],"collection":[{"href":"https:\/\/www.jimport.fi\/index.php\/wp-json\/wp\/v2\/product"}],"about":[{"href":"https:\/\/www.jimport.fi\/index.php\/wp-json\/wp\/v2\/types\/product"}],"version-history":[{"count":1,"href":"https:\/\/www.jimport.fi\/index.php\/wp-json\/wp\/v2\/product\/6511\/revisions"}],"predecessor-version":[{"id":6516,"href":"https:\/\/www.jimport.fi\/index.php\/wp-json\/wp\/v2\/product\/6511\/revisions\/6516"}],"wp:featuredmedia":[{"embeddable":true,"href":"https:\/\/www.jimport.fi\/index.php\/wp-json\/wp\/v2\/media\/6515"}],"wp:attachment":[{"href":"https:\/\/www.jimport.fi\/index.php\/wp-json\/wp\/v2\/media?parent=6511"}],"wp:term":[{"taxonomy":"product_brand","embeddable":true,"href":"https:\/\/www.jimport.fi\/index.php\/wp-json\/wp\/v2\/product_brand?post=6511"},{"taxonomy":"product_cat","embeddable":true,"href":"https:\/\/www.jimport.fi\/index.php\/wp-json\/wp\/v2\/product_cat?post=6511"},{"taxonomy":"product_tag","embeddable":true,"href":"https:\/\/www.jimport.fi\/index.php\/wp-json\/wp\/v2\/product_tag?post=6511"}],"curies":[{"name":"wp","href":"https:\/\/api.w.org\/{rel}","templated":true}]}}