{"id":670,"date":"2022-06-09T16:22:08","date_gmt":"2022-06-09T16:22:08","guid":{"rendered":"https:\/\/www.jimport.fi\/?post_type=product&#038;p=670"},"modified":"2025-10-11T19:31:15","modified_gmt":"2025-10-11T16:31:15","slug":"jaahdytysjarjestelman-paineistussarja","status":"publish","type":"product","link":"https:\/\/www.jimport.fi\/index.php\/tuote\/jaahdytysjarjestelman-paineistussarja\/","title":{"rendered":"J\u00e4\u00e4hdyttimen paineistussarja"},"content":{"rendered":"<h2>Tuotekuvaus<\/h2>\n<p>J\u00e4\u00e4hdytysj\u00e4rjestelm\u00e4n painetestaussarja, jossa on kattava valikoima sovittimia . Etsi j\u00e4rjestelm\u00e4vuodot: kannentiivisteist\u00e4, paisuntas\u00e4ili\u00f6ist\u00e4, syyl\u00e4reist\u00e4 ja l\u00e4mmittimien kennoista, vesipumpuista ja letkuista.<\/p>\n<p><strong>Sovelluksia:<\/strong>\u00a0Nissan, Mitsubishi, Mazda, Subaru, Toyota, Honda, Ford GM, Chrysler, VW, Audi, Volvo, Saab, Mercedes Benz, BMW, Renault, Fiat, Alfa Romeo, Infiniti, Geo, Suzuki, Isuzu, Lexus, Opel, Peugeot, Jeep, Rover, Citron, Truck jne.<\/p>\n<h3>Tuotteen ominaisuudet<\/h3>\n<ul>\n<li>Paljastaa nopeasti ulkoisen j\u00e4\u00e4hdytysj\u00e4rjestelm\u00e4n vuodot<\/li>\n<li>Havaitsee palaneiden kannen tiivisteiden, haljenneiden lohkojen tai kansien aiheuttamat moottorin sis\u00e4iset vuodot<\/li>\n<\/ul>\n<h4>Pakkauksen sis\u00e4lt\u00f6:<\/h4>\n<ul>\n<li>1x k\u00e4sipainepumppu v\u00e4rikoodatulla 0-35 psi mittarilla ja painenappipaineventtiilill\u00e4<\/li>\n<li>1x L\u00e4mp\u00f6tilamittari<\/li>\n<li>4x kromattua ter\u00e4skorkkisovitinta<\/li>\n<li>8x anodisoidut alumiinikorkkisovittimet<\/li>\n<li>1x ohjeet<\/li>\n<li>1x s\u00e4ilytys- ja kantolaukku<\/li>\n<\/ul>\n","protected":false},"excerpt":{"rendered":"<p>Kattava sarja j\u00e4\u00e4hdytysj\u00e4rjestelm\u00e4n vuotojen paikantamiseen 2,5bar<\/p>\n","protected":false},"featured_media":671,"template":"","meta":{"_monsterinsights_skip_tracking":false,"_monsterinsights_sitenote_active":false,"_monsterinsights_sitenote_note":"","_monsterinsights_sitenote_category":0,"neve_meta_sidebar":"","neve_meta_container":"","neve_meta_enable_content_width":"off","neve_meta_content_width":100,"neve_meta_title_alignment":"","neve_meta_author_avatar":"","neve_post_elements_order":"","neve_meta_disable_header":"","neve_meta_disable_footer":"","neve_meta_disable_title":"","_themeisle_gutenberg_block_has_review":false},"product_brand":[],"product_cat":[77],"product_tag":[],"class_list":{"0":"post-670","1":"product","2":"type-product","3":"status-publish","4":"has-post-thumbnail","6":"product_cat-vianselvitys","8":"first","9":"outofstock","10":"taxable","11":"shipping-taxable","12":"purchasable","13":"product-type-simple"},"supplier_id":null,"supplier_sku":"","barcode":null,"atum_controlled":true,"out_stock_date":"2025-10-11 19:31:15","out_stock_threshold":null,"inheritable":false,"inbound_stock":0,"stock_on_hold":0,"sold_today":0,"sales_last_days":0,"reserved_stock":0,"customer_returns":0,"warehouse_damage":0,"lost_in_post":0,"other_logs":0,"out_stock_days":197,"lost_sales":2786,"has_location":false,"update_date":"2026-04-27T00:28:45","atum_locations":[],"atum_stock_status":"outofstock","restock_status":false,"low_stock_amount":"","sales_update_date":"2026-04-27T00:28:45","calc_backorders":null,"aioseo_notices":[],"_links":{"self":[{"href":"https:\/\/www.jimport.fi\/index.php\/wp-json\/wp\/v2\/product\/670","targetHints":{"allow":["GET"]}}],"collection":[{"href":"https:\/\/www.jimport.fi\/index.php\/wp-json\/wp\/v2\/product"}],"about":[{"href":"https:\/\/www.jimport.fi\/index.php\/wp-json\/wp\/v2\/types\/product"}],"version-history":[{"count":5,"href":"https:\/\/www.jimport.fi\/index.php\/wp-json\/wp\/v2\/product\/670\/revisions"}],"predecessor-version":[{"id":5204,"href":"https:\/\/www.jimport.fi\/index.php\/wp-json\/wp\/v2\/product\/670\/revisions\/5204"}],"wp:featuredmedia":[{"embeddable":true,"href":"https:\/\/www.jimport.fi\/index.php\/wp-json\/wp\/v2\/media\/671"}],"wp:attachment":[{"href":"https:\/\/www.jimport.fi\/index.php\/wp-json\/wp\/v2\/media?parent=670"}],"wp:term":[{"taxonomy":"product_brand","embeddable":true,"href":"https:\/\/www.jimport.fi\/index.php\/wp-json\/wp\/v2\/product_brand?post=670"},{"taxonomy":"product_cat","embeddable":true,"href":"https:\/\/www.jimport.fi\/index.php\/wp-json\/wp\/v2\/product_cat?post=670"},{"taxonomy":"product_tag","embeddable":true,"href":"https:\/\/www.jimport.fi\/index.php\/wp-json\/wp\/v2\/product_tag?post=670"}],"curies":[{"name":"wp","href":"https:\/\/api.w.org\/{rel}","templated":true}]}}